{"id":1175,"date":"2024-04-21T02:18:46","date_gmt":"2024-04-21T00:18:46","guid":{"rendered":"https:\/\/1001smiles.de\/widerrufsbelehrung\/"},"modified":"2025-03-27T23:24:30","modified_gmt":"2025-03-27T22:24:30","slug":"widerrufsbelehrung","status":"publish","type":"page","link":"https:\/\/1001smiles.de\/en\/widerrufsbelehrung\/","title":{"rendered":"Withdrawal Policy"},"content":{"rendered":"<h3 class=\"wp-block-heading\"><strong>The right of withdrawal for consumers<\/strong><\/h3>\n\n\n\n<p>A consumer is any natural person who enters into a legal transaction for purposes that are predominantly not attributable to their commercial or self-employed professional activity (\u00a7 13 BGB).<\/p>\n\n\n\n<h3 class=\"wp-block-heading\"><strong>Right of withdrawal:<\/strong><\/h3>\n\n\n\n<p>You have the right to withdraw from this contract within 14 days without giving any reason.<br>The cancellation period is 14 days from the day<\/p>\n\n\n\n<ol class=\"wp-block-list\">\n<li>\u2013 at which you or a third party designated by you, who is not the carrier, have taken possession of the goods, provided that you have ordered one or more goods as part of a single order and they are delivered together.<\/li>\n\n\n\n<li>\u2013 at which you or a third party designated by you, who is not the carrier, have taken possession of the last item, provided that you have ordered multiple goods as part of a single order and they are delivered separately.<\/li>\n\n\n\n<li>\u2013 at which you or a third party designated by you, who is not the carrier, have taken possession of the last partial delivery or the last item, provided that you have ordered a product that is delivered in multiple partial shipments or items.<\/li>\n<\/ol>\n\n\n\n<div style=\"height:11px\" aria-hidden=\"true\" class=\"wp-block-spacer\"><\/div>\n\n\n\n<h3 class=\"wp-block-heading\">Right of withdrawal for digital products<\/h3>\n\n\n\n<p>According to a lot of international Civil Codes, the right of withdrawal for digital content not delivered on a physical medium expires as soon as the download is made available. The necessary information is provided in the terms and conditions, which the customer accepts by actively confirming via a checkbox before purchase.<\/p>\n\n\n\n<p>By purchasing a digital product, you agree that the download will be made available immediately after payment, and that your right of withdrawal will expire once the download begins.<\/p>\n\n\n\n<h3 class=\"wp-block-heading\">Abuse of the right of withdrawal<\/h3>\n\n\n\n<p>We explicitly point out that the right of withdrawal is not intended for using goods without payment. To prevent abuse of the right of withdrawal, we reserve the following measures:<\/p>\n\n\n\n<figure class=\"wp-block-table\"><table><tbody><tr><td><strong>Strict adherence to deadlines:<\/strong><\/td><td>Cancellation periods are strictly adhered to. Cancellation after the 14-day period is not possible.<\/td><\/tr><tr><td><strong>Inspection of the goods: <\/strong><\/td><td>Returns will be carefully inspected. If the returned goods have been used beyond the normal examination and have resulted in a reduction in value, we reserve the right to request an appropriate compensation for the loss in value.<\/td><\/tr><tr><td><strong>Blacklist:<\/strong><\/td><td>Customers who abuse the right of withdrawal will be placed on an internal blacklist and may be excluded from making future purchases in our store.<\/td><\/tr><tr><td><strong>Reporting to organizations:<\/strong><\/td><td>Furthermore, we reserve the right to report repeated abuse cases to relevant organizations, which may negatively affect the general customer status.<\/td><\/tr><\/tbody><\/table><figcaption class=\"wp-element-caption\"><strong>Data protection:<\/strong> Furthermore, we reserve the right to cooperate with third-party providers who process personal data on our behalf in case of a legitimate suspicion of abuse of the right of withdrawal. Detailed information about data processing by third-party providers can be found in our <a href=\"https:\/\/1001smiles.de\/en\/datenschutzerklaerung\/\">Data Protection Declaration<\/a>.<\/figcaption><\/figure>\n\n\n\n<p>To exercise your right of withdrawal, you must inform us<\/p>\n\n\n\n<p><strong>1001 SMILES<\/strong><br>Via Vincenzo Statella 75<br>96100 Siracusa<br>Italy<br>E-Mail: hallo@1001smiles.de<\/p>\n\n\n\n<p>of your decision to revoke this contract through an unequivocal statement. You may use the sample withdrawal form provided below, but this is not mandatory.<\/p>\n\n\n\n<p>To comply with the withdrawal period, it is sufficient for you to send the notification of the exercise of the right of withdrawal before the withdrawal period expires.<\/p>\n\n\n<h3><strong>Reasons for exclusion or expiration<\/strong><\/h3>\n\n\n<p>The right of withdrawal only applies if the product is returned undamaged and in perfect condition. In the case of damage caused by improper handling or intentional damage, there is no right to return or refund.<\/p>\n\n\n\n<p>The right of withdrawal does not apply to contracts if it is concluded in accordance with <a href=\"https:\/\/eur-lex.europa.eu\/LexUriServ\/LexUriServ.do?uri=OJ:L:2011:304:0064:0088:de:PDF\" data-type=\"link\" data-id=\"https:\/\/eur-lex.europa.eu\/LexUriServ\/LexUriServ.do?uri=OJ:L:2011:304:0064:0088:de:PDF\" target=\"_blank\" rel=\"noreferrer noopener\">Article 16(c) and (e) of Directive 2011\/83\/EU of the European Parliament<\/a> and of the Council of 25 October 2011 on Consumer Rights is not provided for. This is the case when:<\/p>\n\n\n\n<figure class=\"wp-block-table\"><table><tbody><tr><td><\/td><td>1.<\/td><td>Goods are delivered that are made to the consumer's specifications or are clearly personalized to meet their individual needs;<\/td><\/tr><tr><td><\/td><td>2.<\/td><td>Sealed goods are delivered that are not suitable for return for reasons of health protection or hygiene, and whose seal has been removed after delivery;<\/td><\/tr><tr><td><\/td><td>3.<\/td><td>Newspapers, magazines, or periodicals are delivered, except for subscription contracts for the delivery of such publications.<\/td><\/tr><tr><td><\/td><td>4.<\/td><td>Digital content is delivered that is not provided on a physical medium, if the execution has begun with the consumer's prior express consent and their acknowledgment that they will lose their right of withdrawal as a result.<\/td><\/tr><\/tbody><\/table><\/figure>\n\n\n\n<p>and in accordance with <strong><a href=\"https:\/\/dejure.org\/gesetze\/BGB\/312g.html\" target=\"_blank\" rel=\"noreferrer noopener\">\u00a7 312 g Abs. 2 Nr. 1 BGB<\/a><\/strong> , which states that the right of withdrawal does not apply to the following contracts unless the parties have agreed otherwise:<\/p>\n\n\n\n<figure class=\"wp-block-table\"><table><tbody><tr><td><\/td><td><a><\/a>1.<\/td><td>Contracts for the delivery of goods that are not pre-made and for whose production an individual selection or specification by the consumer is decisive, or that are clearly tailored to the personal needs of the consumer.<\/td><\/tr><\/tbody><\/table><\/figure>\n\n\n\n<h3 class=\"wp-block-heading\">Consequences of withdrawal<\/h3>\n\n\n\n<p>If you withdraw from a contract that is subject to withdrawal rights, we will refund all payments we have received from you, including delivery costs (except for additional costs resulting from your choice of a delivery method other than the least expensive standard delivery we offer), without undue delay and no later than fourteen days from the day we receive your notice of withdrawal from this contract. For this refund, we will use the same payment method that you used for the original transaction, unless expressly agreed otherwise with you; in no case will you be charged fees for this refund.<br><br>We may refuse the refund until we have received the goods back or until you have provided proof that you have returned the goods, whichever occurs earlier.<br><br>After you have declared your withdrawal, you have a return period of 14 days. Within this period, you are obliged to return or hand over the goods to us. The period starts on the day you inform us of the withdrawal from this contract. To meet the deadline, it is sufficient to send the goods back in time.<br><br>You shall bear the direct costs of returning the goods.<\/p>\n\n\n\n<p>You will only be liable for any loss in value of the goods if the loss is due to handling them in a way that is not necessary to check their nature, characteristics, and functionality.<\/p>\n\n\n\n<p><strong>End of the cancellation policy<\/strong><br><br>*************************************************************************************************<\/p>\n\n\n\n<h2 class=\"wp-block-heading\">Cancellation form<\/h2>\n\n\n\n<p>Sample Cancellation Form (If you wish to cancel the contract for products eligible for cancellation, you can use this sample cancellation form and preferably send it to us by email. Alternatively, you may also use the postal address provided above.)<\/p>\n\n\n\n<p>To:<br>E-Mail: hallo@1001smiles.de<br><br>I\/We hereby cancel the contract concluded by me\/us (*) for the purchase of the following goods ()\/the provision of the following service (*).<br><br>_____________________________________________________<br><br>Ordered on (*)\/received on (*)<br><br>__________________<br><br>Name of the consumer(s)<br><br>_____________________________________________________<br><br>Address of the consumer(s)<br><br><br>_____________________________________________________<br><br>Signature of the consumer(s) (only for notification on paper)<br><br>__________________<br><br>Date<br><br>__________________<br><br>(*) Delete as applicable.<\/p>\n\n\n\n<p>*************************************************************************************************<\/p>","protected":false},"excerpt":{"rendered":"<p>Widerrufsrecht f\u00fcr Verbraucher Verbraucher ist jede nat\u00fcrliche Person, die ein Rechtsgesch\u00e4ft zu Zwecken abschlie\u00dft, die \u00fcberwiegend weder ihrer gewerblichen noch ihrer selbstst\u00e4ndigen beruflichen T\u00e4tigkeit zugerechnet werden k\u00f6nnen. Widerrufsrecht Sie haben das Recht, binnen 14 Tagen ohne Angabe von Gr\u00fcnden diesen Vertrag zu widerrufen.Die Widerrufsfrist betr\u00e4gt 14 Tage ab dem Tag, Wiederrufsrecht bei digitalen Produkten Gem\u00e4\u00df [&hellip;]<\/p>\n","protected":false},"author":1,"featured_media":0,"parent":0,"menu_order":0,"comment_status":"closed","ping_status":"closed","template":"","meta":{"footnotes":""},"class_list":["post-1175","page","type-page","status-publish","hentry"],"_links":{"self":[{"href":"https:\/\/1001smiles.de\/en\/wp-json\/wp\/v2\/pages\/1175","targetHints":{"allow":["GET"]}}],"collection":[{"href":"https:\/\/1001smiles.de\/en\/wp-json\/wp\/v2\/pages"}],"about":[{"href":"https:\/\/1001smiles.de\/en\/wp-json\/wp\/v2\/types\/page"}],"author":[{"embeddable":true,"href":"https:\/\/1001smiles.de\/en\/wp-json\/wp\/v2\/users\/1"}],"replies":[{"embeddable":true,"href":"https:\/\/1001smiles.de\/en\/wp-json\/wp\/v2\/comments?post=1175"}],"version-history":[{"count":3,"href":"https:\/\/1001smiles.de\/en\/wp-json\/wp\/v2\/pages\/1175\/revisions"}],"predecessor-version":[{"id":2471,"href":"https:\/\/1001smiles.de\/en\/wp-json\/wp\/v2\/pages\/1175\/revisions\/2471"}],"wp:attachment":[{"href":"https:\/\/1001smiles.de\/en\/wp-json\/wp\/v2\/media?parent=1175"}],"curies":[{"name":"wp","href":"https:\/\/api.w.org\/{rel}","templated":true}]}}