{"id":1176,"date":"2024-04-21T02:18:46","date_gmt":"2024-04-21T00:18:46","guid":{"rendered":"https:\/\/1001smiles.de\/versandarten\/"},"modified":"2025-12-08T16:52:53","modified_gmt":"2025-12-08T15:52:53","slug":"versandarten","status":"publish","type":"page","link":"https:\/\/1001smiles.de\/en\/versandarten\/","title":{"rendered":"Versandart &amp; Lieferzeiten"},"content":{"rendered":"<figure class=\"wp-block-image is-resized\"><img loading=\"lazy\" decoding=\"async\" width=\"800\" height=\"478\" src=\"https:\/\/1001smiles.de\/media\/2024\/04\/1001SMILES-Versand.png\" alt=\"\" class=\"wp-image-1258\" style=\"width:549px;height:auto\" srcset=\"https:\/\/1001smiles.de\/media\/2024\/04\/1001SMILES-Versand.png 800w, https:\/\/1001smiles.de\/media\/2024\/04\/1001SMILES-Versand-300x179.png 300w, https:\/\/1001smiles.de\/media\/2024\/04\/1001SMILES-Versand-768x459.png 768w, https:\/\/1001smiles.de\/media\/2024\/04\/1001SMILES-Versand-600x359.png 600w\" sizes=\"auto, (max-width: 800px) 100vw, 800px\" \/><\/figure>\n\n\n\n<div style=\"height:29px\" aria-hidden=\"true\" class=\"wp-block-spacer\"><\/div>\n\n\n<h4 style=\"text-align: center;\">Bei uns shoppst du aktuell Versandkostenfrei. Die Versandart f\u00fcr alle Produkte lautet: <br \/><strong>Kostenloser Versand mit Tracking-Code<\/strong><\/h4>\n<p style=\"text-align: left;\">Das bedeutet, dass bei allen Produkte standardm\u00e4\u00dfig der Versand getrackt wird und du mittels einer E-Mail \u00fcber die Versendung informiert wirst. Die E-Mail enth\u00e4lt deinen Tracking-Code, den Link, mit dem es dir m\u00f6glich ist jeden Schritt deiner Bestellung zu verfolgen, sowie die Information, um welchen Versanddienstleister es sich handelt. Normalerweise brauchen wir, je nach Produktionsaufwand, Lieferland und G\u00fcterverkehr, 5-10 Werktage (ab Zahlungseingang) f\u00fcr unsere Lieferung und m\u00f6chten noch einmal darauf hinweisen, dass dein hochwertiges Qualit\u00e4tsprodukt umittelbar nach Bestellungseingang extra f\u00fcr dich hergestellt wird, weshalb wir mit schon vorproduzierter Massenware bez\u00fcglich den Lieferzeiten nicht immer mithalten k\u00f6nnen. Vielen Dank f\u00fcr dein Verst\u00e4ndnis. Die genaue Lieferzeit f\u00fcr das jeweilige Produkt findest du direkt bei der jeweiligen Produktbeschreibung. Solltest du sonst noch Fragen oder Anliegen haben, dann melde dich bitte unter folgender E-Mailadresse &#8211; hallo@1001smiles.de &#8211; bei uns.<\/p>\n\n\n<div style=\"height:28px\" aria-hidden=\"true\" class=\"wp-block-spacer\"><\/div>","protected":false},"excerpt":{"rendered":"<p>Bei uns shoppst du aktuell Versandkostenfrei. Die Versandart f\u00fcr alle Produkte lautet: Kostenloser Versand mit Tracking-Code Das bedeutet, dass bei allen Produkte standardm\u00e4\u00dfig der Versand getrackt wird und du mittels einer E-Mail \u00fcber die Versendung informiert wirst. Die E-Mail enth\u00e4lt deinen Tracking-Code, den Link, mit dem es dir m\u00f6glich ist jeden Schritt deiner Bestellung zu [&hellip;]<\/p>\n","protected":false},"author":1,"featured_media":0,"parent":0,"menu_order":0,"comment_status":"closed","ping_status":"closed","template":"","meta":{"footnotes":""},"class_list":["post-1176","page","type-page","status-publish","hentry"],"_links":{"self":[{"href":"https:\/\/1001smiles.de\/en\/wp-json\/wp\/v2\/pages\/1176","targetHints":{"allow":["GET"]}}],"collection":[{"href":"https:\/\/1001smiles.de\/en\/wp-json\/wp\/v2\/pages"}],"about":[{"href":"https:\/\/1001smiles.de\/en\/wp-json\/wp\/v2\/types\/page"}],"author":[{"embeddable":true,"href":"https:\/\/1001smiles.de\/en\/wp-json\/wp\/v2\/users\/1"}],"replies":[{"embeddable":true,"href":"https:\/\/1001smiles.de\/en\/wp-json\/wp\/v2\/comments?post=1176"}],"version-history":[{"count":9,"href":"https:\/\/1001smiles.de\/en\/wp-json\/wp\/v2\/pages\/1176\/revisions"}],"predecessor-version":[{"id":3895,"href":"https:\/\/1001smiles.de\/en\/wp-json\/wp\/v2\/pages\/1176\/revisions\/3895"}],"wp:attachment":[{"href":"https:\/\/1001smiles.de\/en\/wp-json\/wp\/v2\/media?parent=1176"}],"curies":[{"name":"wp","href":"https:\/\/api.w.org\/{rel}","templated":true}]}}