{"id":222,"date":"2023-05-07T22:11:00","date_gmt":"2023-05-07T20:11:00","guid":{"rendered":"https:\/\/1001smiles.de\/?page_id=222"},"modified":"2025-05-22T05:08:15","modified_gmt":"2025-05-22T03:08:15","slug":"die-entdecke-ecke","status":"publish","type":"page","link":"https:\/\/1001smiles.de\/en\/die-entdecke-ecke\/","title":{"rendered":"The DISCOVER Corner"},"content":{"rendered":"<p>Willkommen in der ENTDECKE-Ecke \u2013 deinem Raum f\u00fcr Inspiration, Wissen und bewusste Entwicklung! Hier erkunden wir spannende Themen rund um Selbstentwicklung, die Funktionsweise des Menschen und bewusste Lebensgestaltung. Tauche ein in die Geheimnisse der antiken Astronomie und Astrologie und entdecke, wie die Planeten und Himmelsk\u00f6rper uns auf unserer Lebensreise begleiten. Ob es um die Weisheiten alter Kulturen geht oder darum, das eigene Potenzial besser zu verstehen \u2013 die ENTDECKE-Ecke ist dein Ausgangspunkt f\u00fcr eine faszinierende Reise in kosmische Zusammenh\u00e4nge und pers\u00f6nliches Wachstum.<\/p>\n\n\n\n<div style=\"height:35px\" aria-hidden=\"true\" class=\"wp-block-spacer\"><\/div>\n\n\n\n<hr class=\"wp-block-separator has-alpha-channel-opacity\"\/>\n\n\n\n<div style=\"height:56px\" aria-hidden=\"true\" class=\"wp-block-spacer\"><\/div>\n\n\n\n<figure class=\"wp-block-image aligncenter size-full is-resized\"><img loading=\"lazy\" decoding=\"async\" width=\"600\" height=\"600\" src=\"https:\/\/1001smiles.de\/media\/2025\/05\/Molekuele1.jpg\" alt=\"\" class=\"wp-image-2613\" style=\"width:600px;height:auto\" srcset=\"https:\/\/1001smiles.de\/media\/2025\/05\/Molekuele1.jpg 600w, https:\/\/1001smiles.de\/media\/2025\/05\/Molekuele1-300x300.jpg 300w, https:\/\/1001smiles.de\/media\/2025\/05\/Molekuele1-150x150.jpg 150w, https:\/\/1001smiles.de\/media\/2025\/05\/Molekuele1-12x12.jpg 12w, https:\/\/1001smiles.de\/media\/2025\/05\/Molekuele1-100x100.jpg 100w\" sizes=\"auto, (max-width: 600px) 100vw, 600px\" \/><\/figure>\n\n\n\n<div style=\"height:17px\" aria-hidden=\"true\" class=\"wp-block-spacer\"><\/div>\n\n\n\n<h3 class=\"wp-block-heading has-text-align-center\">Feelings and Thoughts: The Secret Language of Your Body Chemistry<\/h3>\n\n\n\n<p>Wir sehen sie nicht, wir sp\u00fcren sie kaum \u2013 und doch bestimmen sie unser ganzes Leben. Molek\u00fcle sind \u00fcberall: <a href=\"https:\/\/1001smiles.de\/en\/gefuehle-und-gedanken-die-geheime-sprache-deiner-koerperchemie\/\">weiterlesen<\/a><\/p>\n\n\n\n<p>Viviana LaVita<\/p>\n\n\n\n<p>13. Mai 2025<\/p>\n\n\n\n<hr class=\"wp-block-separator has-alpha-channel-opacity\"\/>\n\n\n\n<div style=\"height:43px\" aria-hidden=\"true\" class=\"wp-block-spacer\"><\/div>\n\n\n\n<figure class=\"wp-block-image alignwide size-full wp-duotone-unset-1\"><a href=\"https:\/\/1001smiles.de\/en\/die-entdecke-ecke\/planeten-und-die-wochentage\/\"><img loading=\"lazy\" decoding=\"async\" width=\"1000\" height=\"500\" src=\"https:\/\/1001smiles.de\/media\/2024\/05\/Planeten-und-Wochentage-Header.jpg\" alt=\"\" class=\"wp-image-1484\" srcset=\"https:\/\/1001smiles.de\/media\/2024\/05\/Planeten-und-Wochentage-Header.jpg 1000w, https:\/\/1001smiles.de\/media\/2024\/05\/Planeten-und-Wochentage-Header-300x150.jpg 300w, https:\/\/1001smiles.de\/media\/2024\/05\/Planeten-und-Wochentage-Header-768x384.jpg 768w, https:\/\/1001smiles.de\/media\/2024\/05\/Planeten-und-Wochentage-Header-600x300.jpg 600w\" sizes=\"auto, (max-width: 1000px) 100vw, 1000px\" \/><\/a><\/figure>\n\n\n\n<div style=\"height:16px\" aria-hidden=\"true\" class=\"wp-block-spacer\"><\/div>\n\n\n\n<h3 class=\"wp-block-heading has-text-align-center\"><strong>Planeten und die Wochentage<\/strong><\/h3>\n\n\n\n<p class=\"has-text-align-center has-black-color has-text-color has-link-color wp-elements-7384366c1211c862f537be3d7184e908\">Wusstest du schon, dass unser Kalender, den wir heutzutage gebrauchen, auf den r\u00f6mischen Kalender zur\u00fcckgeht, der ungef\u00e4hr im 8. Jahrhundert v. Chr. eingef\u00fchrt wurde? <a href=\"https:\/\/1001smiles.de\/en\/planeten-und-die-wochentage\/\" data-type=\"page\" data-id=\"1498\"><mark style=\"background-color:rgba(0, 0, 0, 0)\" class=\"has-inline-color has-luminous-vivid-amber-color\">weiterlesen<\/mark><\/a><\/p>\n\n\n<div class=\"wp-block-post-author-name\">Viviana LaVita<\/div>\n\n\n<p class=\"has-small-font-size\">24. Mai 2024<\/p>\n\n\n\n<hr class=\"wp-block-separator has-alpha-channel-opacity\"\/>","protected":false},"excerpt":{"rendered":"<p>Willkommen in der ENTDECKE-Ecke \u2013 deinem Raum f\u00fcr Inspiration, Wissen und bewusste Entwicklung! Hier erkunden wir spannende Themen rund um Selbstentwicklung, die Funktionsweise des Menschen und bewusste Lebensgestaltung. Tauche ein in die Geheimnisse der antiken Astronomie und Astrologie und entdecke, wie die Planeten und Himmelsk\u00f6rper uns auf unserer Lebensreise begleiten. Ob es um die Weisheiten [&hellip;]<\/p>\n","protected":false},"author":2,"featured_media":2221,"parent":0,"menu_order":3,"comment_status":"closed","ping_status":"closed","template":"","meta":{"footnotes":""},"class_list":["post-222","page","type-page","status-publish","has-post-thumbnail","hentry"],"_links":{"self":[{"href":"https:\/\/1001smiles.de\/en\/wp-json\/wp\/v2\/pages\/222","targetHints":{"allow":["GET"]}}],"collection":[{"href":"https:\/\/1001smiles.de\/en\/wp-json\/wp\/v2\/pages"}],"about":[{"href":"https:\/\/1001smiles.de\/en\/wp-json\/wp\/v2\/types\/page"}],"author":[{"embeddable":true,"href":"https:\/\/1001smiles.de\/en\/wp-json\/wp\/v2\/users\/2"}],"replies":[{"embeddable":true,"href":"https:\/\/1001smiles.de\/en\/wp-json\/wp\/v2\/comments?post=222"}],"version-history":[{"count":11,"href":"https:\/\/1001smiles.de\/en\/wp-json\/wp\/v2\/pages\/222\/revisions"}],"predecessor-version":[{"id":2660,"href":"https:\/\/1001smiles.de\/en\/wp-json\/wp\/v2\/pages\/222\/revisions\/2660"}],"wp:featuredmedia":[{"embeddable":true,"href":"https:\/\/1001smiles.de\/en\/wp-json\/wp\/v2\/media\/2221"}],"wp:attachment":[{"href":"https:\/\/1001smiles.de\/en\/wp-json\/wp\/v2\/media?parent=222"}],"curies":[{"name":"wp","href":"https:\/\/api.w.org\/{rel}","templated":true}]}}