{"id":241,"date":"2023-12-08T00:00:28","date_gmt":"2023-12-07T23:00:28","guid":{"rendered":"https:\/\/1001smiles.de\/?page_id=241"},"modified":"2024-11-13T01:10:27","modified_gmt":"2024-11-13T00:10:27","slug":"ueber-1001-smiles","status":"publish","type":"page","link":"https:\/\/1001smiles.de\/en\/ueber-1001-smiles\/","title":{"rendered":"About 1001 SMILES"},"content":{"rendered":"<figure class=\"wp-block-image aligncenter size-full is-style-default\"><a href=\"https:\/\/1001smiles.de\/en\/product\/1001-smiles-will-ein-buddha-werden-band-1-reise-zum-mond-zur-venus\/\" target=\"_blank\" rel=\"noreferrer noopener\"><img loading=\"lazy\" decoding=\"async\" width=\"801\" height=\"452\" src=\"https:\/\/1001smiles.de\/media\/2024\/05\/ueberSMILES-4.png\" alt=\"Portr\u00e4t und private Einblicke von der Hauptfigur &quot;1001 SMILES&quot; aus der Abenteuerbuchreihe &quot;1001 SMILES will ein Buddha werden.&quot;\" class=\"wp-image-1414\" srcset=\"https:\/\/1001smiles.de\/media\/2024\/05\/ueberSMILES-4.png 801w, https:\/\/1001smiles.de\/media\/2024\/05\/ueberSMILES-4-300x169.png 300w, https:\/\/1001smiles.de\/media\/2024\/05\/ueberSMILES-4-768x433.png 768w, https:\/\/1001smiles.de\/media\/2024\/05\/ueberSMILES-4-600x339.png 600w\" sizes=\"auto, (max-width: 801px) 100vw, 801px\" \/><\/a><\/figure>\n\n\n\n<div style=\"height:29px\" aria-hidden=\"true\" class=\"wp-block-spacer\"><\/div>\n\n\n\n<p class=\"has-text-align-left\">1001 SMILES \u2013 an ethereal earth-being \u2013 was born as the only SMILER of his parents, Mama SMILES and Papa SMILES, in seemingly sheltered circumstances in SMILELANDIA, an ethereal place on the ethereal Earth layer, located several thousand kilometers above Germany.<\/p>\n\n\n\n<p class=\"has-text-align-left\">After a turbulent adolescence, during which he frequently participated in protests against the increasing satellite traffic in his area, the little foodie started a formal apprenticeship as a confectioner and worked weekends as a clown at various events.<\/p>\n\n\n\n<p class=\"has-text-align-left\">With the ongoing expansion of the virtual world, the naturally adventurous wisecracker finally received an offer to act as a wise and humorous postal mascot in virtual social media under his name, 1001 SMILES, which he gladly accepted and has remained faithful to for many Earth years. But now, this is about to change, as with the decision to become a <a href=\"https:\/\/1001smiles.de\/en\/product\/1001-smiles-will-ein-buddha-werden-band-1-reise-zum-mond-zur-venus\/\">true Buddha,<\/a> a farewell to his current life awaits him\u2014one that will lead him into the greatest and most hidden secrets of our universe and gradually reveal his true destiny.<\/p>\n\n\n\n<p><\/p>","protected":false},"excerpt":{"rendered":"<p>1001 SMILES \u2013 ein \u00e4therisches Erdwesen \u2013 wurde als einziger SMILER seiner Eltern, Mama SMILES und Papa SMILES, in scheinbar beh\u00fcteten Verh\u00e4ltnissen in SMILELANDIA geboren, einem \u00e4therischen Ort auf der \u00e4therischen Erdschicht, einige tausend Kilometer \u00fcber Deutschland. Nach einer turbulenten Jugendphase, in denen er recht h\u00e4ufig an Protesten gegen den immer dichter werdenden Satellitenverkehr in [&hellip;]<\/p>\n","protected":false},"author":2,"featured_media":1414,"parent":0,"menu_order":2,"comment_status":"closed","ping_status":"closed","template":"","meta":{"footnotes":""},"class_list":["post-241","page","type-page","status-publish","has-post-thumbnail","hentry"],"_links":{"self":[{"href":"https:\/\/1001smiles.de\/en\/wp-json\/wp\/v2\/pages\/241","targetHints":{"allow":["GET"]}}],"collection":[{"href":"https:\/\/1001smiles.de\/en\/wp-json\/wp\/v2\/pages"}],"about":[{"href":"https:\/\/1001smiles.de\/en\/wp-json\/wp\/v2\/types\/page"}],"author":[{"embeddable":true,"href":"https:\/\/1001smiles.de\/en\/wp-json\/wp\/v2\/users\/2"}],"replies":[{"embeddable":true,"href":"https:\/\/1001smiles.de\/en\/wp-json\/wp\/v2\/comments?post=241"}],"version-history":[{"count":1,"href":"https:\/\/1001smiles.de\/en\/wp-json\/wp\/v2\/pages\/241\/revisions"}],"predecessor-version":[{"id":2230,"href":"https:\/\/1001smiles.de\/en\/wp-json\/wp\/v2\/pages\/241\/revisions\/2230"}],"wp:featuredmedia":[{"embeddable":true,"href":"https:\/\/1001smiles.de\/en\/wp-json\/wp\/v2\/media\/1414"}],"wp:attachment":[{"href":"https:\/\/1001smiles.de\/en\/wp-json\/wp\/v2\/media?parent=241"}],"curies":[{"name":"wp","href":"https:\/\/api.w.org\/{rel}","templated":true}]}}