{"id":2734,"date":"2025-06-02T05:25:08","date_gmt":"2025-06-02T03:25:08","guid":{"rendered":"https:\/\/1001smiles.de\/?page_id=2734"},"modified":"2026-01-16T03:13:33","modified_gmt":"2026-01-16T02:13:33","slug":"005-astro-detektor","status":"publish","type":"page","link":"https:\/\/1001smiles.de\/en\/videos\/vorbereitungsphase\/005-astro-detektor\/","title":{"rendered":"005 Astro-Detektor"},"content":{"rendered":"\n<div style=\"position: relative; width: 100%; padding-bottom: 56.25%; height: 0; overflow: hidden;\">\n  <iframe src=\"https:\/\/odysee.com\/%24\/embed\/%401001smiles%3A8%2F05-AstroDetektor-Tutorial-DE%3Af?r=AW1FJrjprJEKGzJVEWQG5sWTGMHyjedp\" \n          style=\"position: absolute; top: 0; left: 0; width: 100%; height: 100%; border: 0;\" \n          allowfullscreen>\n  <\/iframe>\n<\/div>\n\n\n\n<div style=\"height:15px\" aria-hidden=\"true\" class=\"wp-block-spacer\"><\/div>\n\n\n\n<div style=\"margin-top:2rem; display:flex; justify-content:space-between;\">\n  <a href=\"https:\/\/1001smiles.de\/videos\/vorbereitungsphase\/004-materialvorbereitung\/\" class=\"button-zurueck\">\u2190 Zur\u00fcck: Materialvorbereitung<\/a>\n  <a href=\"https:\/\/1001smiles.de\/videos\/vorbereitungsphase\/006-astro-fake-news\/\" class=\"button-weiter\">Weiter: Astro-Fake-News \u2192<\/a>\n<\/div>\n\n\n\n<div style=\"height:28px\" aria-hidden=\"true\" class=\"wp-block-spacer\"><\/div>\n\n\n\n<hr class=\"wp-block-separator has-alpha-channel-opacity\"\/>\n\n\n\n<div style=\"height:10px\" aria-hidden=\"true\" class=\"wp-block-spacer\"><\/div>\n\n\n\n<p><strong>Du brauchst folgende Utensilien, wenn du dir den Astro-Detektor an dein Horoskop anbringen m\u00f6chtest (empfohlen):<\/strong><br>1 x d\u00fcnner Karton (min. 15cm x 15cm)<br>1 x Klebestift<br>1 x Schere<br>1 x Heftklammer (optional)<br>1 x Tesafilm oder Aufkleber<br>1 x kleinen Ohrstecker oder Reiszwecken<br>1 x Radiergummi oder Korken<\/p>\n\n\n\n<p>Falls dein individuelles Geburtshoroskop noch erstellt werden muss, dann sehe dir vorher bitte dieses Video an \u2794 <a href=\"https:\/\/1001smiles.de\/videos\/vorbereitungsphase\/003-horoskop-erstellen\/\" target=\"_blank\" rel=\"noreferrer noopener\">Horoskop erstellen<\/a><\/p>\n\n\n\n<p>Falls du den Astro-Detektor noch nicht hast, er ist in verschiedenen Starter-Sets erh\u00e4ltlich \u2794 <a href=\"https:\/\/1001smiles.de\/shop\/\" target=\"_blank\" rel=\"noreferrer noopener\">https:\/\/1001smiles.de\/shop\/<\/a><\/p>\n\n\n\n<div style=\"height:18px\" aria-hidden=\"true\" class=\"wp-block-spacer\"><\/div>\n\n\n\n<hr class=\"wp-block-separator has-alpha-channel-opacity\"\/>\n\n\n\n<div style=\"height:18px\" aria-hidden=\"true\" class=\"wp-block-spacer\"><\/div>\n\n\n\n<p><strong>Wenn dich diese Themen weiter begleiten sollen:<\/strong> Der Newsletter informiert dich \u00fcber neue Artikel, Videos und Materialien.<\/p>\n\n\n<div style=\"padding:20px;text-align:center\">\n<p><strong>NEWSLETTER<\/strong> <strong>ABBONIEREN<\/strong><\/p>\n<div><div class='fluentform ff-default fluentform_wrapper_6 ffs_default_wrap'><form data-form_id=\"6\" id=\"fluentform_6\" class=\"frm-fluent-form fluent_form_6 ff-el-form-top ff_form_instance_6_1 ff-form-loading ffs_default\" data-form_instance=\"ff_form_instance_6_1\" method=\"POST\" ><fieldset  style=\"border: none!important;margin: 0!important;padding: 0!important;background-color: transparent!important;box-shadow: none!important;outline: none!important; min-inline-size: 100%;\">\n                    <legend class=\"ff_screen_reader_title\" style=\"display: block; margin: 0!important;padding: 0!important;height: 0!important;text-indent: -999999px;width: 0!important;overflow:hidden;\">Newsletter Form New<\/legend><input type='hidden' name='__fluent_form_embded_post_id' value='2734' \/><input type=\"hidden\" id=\"_fluentform_6_fluentformnonce\" name=\"_fluentform_6_fluentformnonce\" value=\"b4866f20e9\" \/><input type=\"hidden\" name=\"_wp_http_referer\" value=\"\/en\/wp-json\/wp\/v2\/pages\/2734\" \/><div class='ff-el-group'><div class=\"ff-el-input--label ff-el-is-required asterisk-right\"><label   aria-label=\"In welcher Sprache m\u00f6chtest du den Newsletter erhalten?\">In welcher Sprache m\u00f6chtest du den Newsletter erhalten?<\/label><\/div><div class='ff-el-input--content'><div class='ff-el-form-check ff-el-form-check-'><label class='ff-el-form-check-label' for='input_radio_44fbfa8aaf7a240c30028189c6ff7cef'><input  type=\"radio\" name=\"input_radio\" data-name=\"input_radio\" class=\"ff-el-form-check-input ff-el-form-check-radio\" value=\"In deutscher Sprache\"  id='input_radio_44fbfa8aaf7a240c30028189c6ff7cef' aria-label='In deutscher Sprache' aria-invalid='false' aria-required=true> <span>In deutscher Sprache<\/span><\/label><\/div><div class='ff-el-form-check ff-el-form-check-'><label class='ff-el-form-check-label' for='input_radio_70f33ebf2ab55654e21fe5ba01a7bbcc'><input  type=\"radio\" name=\"input_radio\" data-name=\"input_radio\" class=\"ff-el-form-check-input ff-el-form-check-radio\" value=\"In englischer Sprache\"  id='input_radio_70f33ebf2ab55654e21fe5ba01a7bbcc' aria-label='In englischer Sprache' aria-invalid='false' aria-required=true> <span>In englischer Sprache<\/span><\/label><\/div><\/div><\/div><div data-type=\"name-element\" data-name=\"names\" class=\" ff-field_container ff-name-field-wrapper\" ><div class='ff-t-container'><div class='ff-t-cell '><div class='ff-el-group'><div class=\"ff-el-input--label ff-el-is-required asterisk-right\"><label for='ff_6_names_first_name_' id='label_ff_6_names_first_name_' >Vorname<\/label><\/div><div class='ff-el-input--content'><input type=\"text\" name=\"names[first_name]\" id=\"ff_6_names_first_name_\" class=\"ff-el-form-control\" placeholder=\"Wie hei\u00dft Du?\" aria-invalid=\"false\" aria-required=true><\/div><\/div><\/div><\/div><\/div><div class='ff-el-group'><div class=\"ff-el-input--label ff-el-is-required asterisk-right\"><label for='ff_6_email' id='label_ff_6_email' aria-label=\"E-Mail\">E-Mail<\/label><\/div><div class='ff-el-input--content'><input type=\"email\" name=\"email\" id=\"ff_6_email\" class=\"ff-el-form-control\" placeholder=\"E-Mail-Adresse\" data-name=\"email\"  aria-invalid=\"false\" aria-required=true><\/div><\/div><div class='ff-el-group    ff-el-input--content'><div class='ff-el-form-check ff-el-tc'><label aria-label='Terms and Conditions: Ich bin damit einverstanden, dass meine Daten gem\u00e4\u00df der Datenschutzerkl\u00e4rung verarbeitet und f\u00fcr den Versand des Newsletters genutzt werden. Contains 1 link. Use tab navigation to review.' class='ff-el-form-check-label ff_tc_label' for=gdpr-agreement_599bc404bac48f117f7910798818c1d3><span class='ff_tc_checkbox'><input type=\"checkbox\" name=\"gdpr-agreement\" class=\"ff-el-form-check-input ff_gdpr_field\" data-name=\"gdpr-agreement\" id=\"gdpr-agreement_599bc404bac48f117f7910798818c1d3\"  value='on' aria-invalid='false' aria-required=true><\/span> <div class='ff_t_c'>Ich bin damit einverstanden, dass meine Daten gem\u00e4\u00df der <a rel=\"noopener\" href=\"https:\/\/1001smiles.de\/datenschutzerklaerung\/\" target=\"_blank\">Datenschutzerkl\u00e4rung<\/a> verarbeitet und f\u00fcr den Versand des Newsletters genutzt werden.<\/div><\/label><\/div><\/div><div class='ff-el-group ff-text-center ff_submit_btn_wrapper'><button type=\"submit\" class=\"ff-btn ff-btn-submit ff-btn-md ff_btn_style\"  aria-label=\"Abbonieren\">Abbonieren<\/button><\/div><\/fieldset><\/form><div id='fluentform_6_errors' class='ff-errors-in-stack ff_form_instance_6_1 ff-form-loading_errors ff_form_instance_6_1_errors'><\/div><\/div>            <script type=\"text\/javascript\">\n                window.fluent_form_ff_form_instance_6_1 = {\"id\":\"6\",\"ajaxUrl\":\"https:\\\/\\\/1001smiles.de\\\/wp-admin\\\/admin-ajax.php\",\"settings\":{\"layout\":{\"labelPlacement\":\"top\",\"asteriskPlacement\":\"asterisk-right\",\"helpMessagePlacement\":\"with_label\",\"errorMessagePlacement\":\"inline\",\"cssClassName\":\"\"},\"restrictions\":{\"denyEmptySubmission\":{\"enabled\":false}}},\"form_instance\":\"ff_form_instance_6_1\",\"form_id_selector\":\"fluentform_6\",\"rules\":{\"input_radio\":{\"required\":{\"value\":true,\"message\":\"This field is required\",\"global_message\":\"Dieses Feld ist erforderlich\",\"global\":true}},\"names[first_name]\":{\"required\":{\"value\":true,\"message\":\"This field is required\",\"global_message\":\"Dieses Feld ist erforderlich\",\"global\":true}},\"names[middle_name]\":{\"required\":{\"value\":false,\"message\":\"This field is required\",\"global_message\":\"Dieses Feld ist erforderlich\",\"global\":true}},\"names[last_name]\":{\"required\":{\"value\":false,\"message\":\"This field is required\",\"global_message\":\"Dieses Feld ist erforderlich\",\"global\":true}},\"email\":{\"required\":{\"value\":true,\"message\":\"This field is required\",\"global_message\":\"Dieses Feld ist erforderlich\",\"global\":true},\"email\":{\"value\":true,\"message\":\"This field must contain a valid email\",\"global_message\":\"Dieses Feld muss eine g\\u00fcltige E-Mail-Adresse enthalten\",\"global\":true}},\"gdpr-agreement\":{\"required\":{\"value\":true,\"message\":\"Dieses Feld ist erforderlich\",\"global_message\":\"Dieses Feld ist erforderlich\",\"global\":false}}},\"debounce_time\":300};\n                            <\/script>\n            <\/div>\n<\/div>\n\n\n\n<script type=\"application\/ld+json\">\n{\n  \"@context\": \"https:\/\/schema.org\",\n  \"@type\": \"VideoObject\",\n  \"name\": \"Der Astro-Detektor \u2013 kinderleicht Horoskope analysieren\",\n  \"description\": \"Ein Blick hinter die Kulissen der beim Patentamt gesch\u00fctzten Erfindung: Der Astro-Detektor macht Horoskopanalyse spielerisch leicht \u2013 auch f\u00fcr Einsteiger.\",\n  \"thumbnailUrl\": \"https:\/\/1001smiles.de\/media\/2025\/06\/05-Thumb.png\",\n  \"uploadDate\": \"2025-06-01T12:00:00+02:00\",\n  \"contentUrl\": \"https:\/\/1001smiles.de\/videos\/vorbereitungsphase\/005-astro-detektor\/\",\n  \"embedUrl\": \"https:\/\/1001smiles.de\/videos\/vorbereitungsphase\/005-astro-detektor\/\",\n  \"publisher\": {\n    \"@type\": \"Organization\",\n    \"name\": \"1001smiles\",\n    \"logo\": {\n      \"@type\": \"ImageObject\",\n      \"url\": \"https:\/\/1001smiles.de\/media\/2024\/09\/1001-SMILES-Iconlogo-300x300px.png\"\n    }\n  }\n}\n<\/script>\n","protected":false},"excerpt":{"rendered":"<p>\u2190 Zur\u00fcck: Materialvorbereitung Weiter: Astro-Fake-News \u2192 Du brauchst folgende Utensilien, wenn du dir den Astro-Detektor an dein Horoskop anbringen m\u00f6chtest (empfohlen):1 x d\u00fcnner Karton (min. 15cm x 15cm)1 x Klebestift1 x Schere1 x Heftklammer (optional)1 x Tesafilm oder Aufkleber1 x kleinen Ohrstecker oder Reiszwecken1 x Radiergummi oder Korken Falls dein individuelles Geburtshoroskop noch erstellt werden [&hellip;]<\/p>\n","protected":false},"author":2,"featured_media":0,"parent":2711,"menu_order":0,"comment_status":"open","ping_status":"closed","template":"","meta":{"footnotes":""},"class_list":["post-2734","page","type-page","status-publish","hentry"],"_links":{"self":[{"href":"https:\/\/1001smiles.de\/en\/wp-json\/wp\/v2\/pages\/2734","targetHints":{"allow":["GET"]}}],"collection":[{"href":"https:\/\/1001smiles.de\/en\/wp-json\/wp\/v2\/pages"}],"about":[{"href":"https:\/\/1001smiles.de\/en\/wp-json\/wp\/v2\/types\/page"}],"author":[{"embeddable":true,"href":"https:\/\/1001smiles.de\/en\/wp-json\/wp\/v2\/users\/2"}],"replies":[{"embeddable":true,"href":"https:\/\/1001smiles.de\/en\/wp-json\/wp\/v2\/comments?post=2734"}],"version-history":[{"count":10,"href":"https:\/\/1001smiles.de\/en\/wp-json\/wp\/v2\/pages\/2734\/revisions"}],"predecessor-version":[{"id":4248,"href":"https:\/\/1001smiles.de\/en\/wp-json\/wp\/v2\/pages\/2734\/revisions\/4248"}],"up":[{"embeddable":true,"href":"https:\/\/1001smiles.de\/en\/wp-json\/wp\/v2\/pages\/2711"}],"wp:attachment":[{"href":"https:\/\/1001smiles.de\/en\/wp-json\/wp\/v2\/media?parent=2734"}],"curies":[{"name":"wp","href":"https:\/\/api.w.org\/{rel}","templated":true}]}}