{"id":2971,"date":"2025-06-30T19:52:07","date_gmt":"2025-06-30T17:52:07","guid":{"rendered":"https:\/\/1001smiles.de\/?page_id=2971"},"modified":"2026-01-16T03:07:07","modified_gmt":"2026-01-16T02:07:07","slug":"007-die-wahre-astrologie","status":"publish","type":"page","link":"https:\/\/1001smiles.de\/en\/videos\/vorbereitungsphase\/007-die-wahre-astrologie\/","title":{"rendered":"007 Die wahre Astrologie"},"content":{"rendered":"\n<p><strong>In diesem Video erf\u00e4hrst du:<\/strong><\/p>\n\n\n\n<p>&#8211; Warum der \u201e13. Tierkreiszeichen\u201c-Mythos rund um den Schlangentr\u00e4ger (Ophiuchus) falsch ist<br>&#8211; Wie die antike Astrologie tats\u00e4chlich funktioniert \u2013 und was sie so besonders macht<br>&#8211; Die wichtigsten Unterschiede zwischen antiker und moderner Astrologie<\/p>\n\n\n\n<div style=\"position: relative; width: 100%; padding-bottom: 56.25%; height: 0; overflow: hidden;\">\n  <iframe src=\"https:\/\/odysee.com\/%24\/embed\/%401001smiles%3A8%2F07-Video-DE%3Ae?r=AW1FJrjprJEKGzJVEWQG5sWTGMHyjedp\" \n          style=\"position: absolute; top: 0; left: 0; width: 100%; height: 100%; border: 0;\" \n          allowfullscreen>\n  <\/iframe>\n<\/div>\n\n\n\n<div style=\"height:8px\" aria-hidden=\"true\" class=\"wp-block-spacer\"><\/div>\n\n\n\n<div style=\"margin-top:2rem; display:flex; justify-content:space-between;\">\n  <a href=\"https:\/\/1001smiles.de\/videos\/vorbereitungsphase\/006-astro-fake-news\/\" class=\"button-zurueck\">\u2190 Zur\u00fcck: Astro Fake News<\/a>\n  <a href=\"https:\/\/1001smiles.de\/videos\/vorbereitungsphase\/008-sonderregeln-und-planetenzeichen\/\" class=\"button-weiter\">Weiter: Sonderregeln &#038; Planetenzeichen \u2192<\/a>\n<\/div>\n\n\n\n<hr class=\"wp-block-separator has-alpha-channel-opacity\"\/>\n\n\n\n<div style=\"height:17px\" aria-hidden=\"true\" class=\"wp-block-spacer\"><\/div>\n\n\n\n<p>00:00 \u2013 Einf\u00fchrung<br>00:22 \u2013 Der Schlangentr\u00e4ger (Ophiuchus)<br>02:37 \u2013 Die antike Astrologie<br>11:15 \u2013 Die moderne Astrologie<br>17:24 \u2013 Vorschau auf die n\u00e4chste Folge<\/p>\n\n\n\n<p>Noch neu? Dann fang mit dem Astrologiekurs am besten hier an \u2794 <a href=\"https:\/\/1001smiles.de\/videos\/vorbereitungsphase\/001-intro-video\/\" target=\"_blank\" rel=\"noreferrer noopener\">&#8222;START ASTROLOGIEKURS&#8220;<\/a><\/p>\n\n\n\n<div style=\"height:23px\" aria-hidden=\"true\" class=\"wp-block-spacer\"><\/div>\n\n\n\n<hr class=\"wp-block-separator has-alpha-channel-opacity\"\/>\n\n\n\n<p><strong>Wenn dich diese Themen weiter begleiten sollen:<\/strong> Der Newsletter informiert dich \u00fcber neue Artikel, Videos und Materialien.<\/p>\n\n\n<div style=\"padding:20px;text-align:center\">\n<p><strong>NEWSLETTER<\/strong> <strong>ABBONIEREN<\/strong><\/p>\n<div><div class='fluentform ff-default fluentform_wrapper_6 ffs_default_wrap'><form data-form_id=\"6\" id=\"fluentform_6\" class=\"frm-fluent-form fluent_form_6 ff-el-form-top ff_form_instance_6_1 ff-form-loading ffs_default\" data-form_instance=\"ff_form_instance_6_1\" method=\"POST\" ><fieldset  style=\"border: none!important;margin: 0!important;padding: 0!important;background-color: transparent!important;box-shadow: none!important;outline: none!important; min-inline-size: 100%;\">\n                    <legend class=\"ff_screen_reader_title\" style=\"display: block; margin: 0!important;padding: 0!important;height: 0!important;text-indent: -999999px;width: 0!important;overflow:hidden;\">Newsletter Form New<\/legend><input type='hidden' name='__fluent_form_embded_post_id' value='2971' \/><input type=\"hidden\" id=\"_fluentform_6_fluentformnonce\" name=\"_fluentform_6_fluentformnonce\" value=\"b4866f20e9\" \/><input type=\"hidden\" name=\"_wp_http_referer\" value=\"\/en\/wp-json\/wp\/v2\/pages\/2971\" \/><div class='ff-el-group'><div class=\"ff-el-input--label ff-el-is-required asterisk-right\"><label   aria-label=\"In welcher Sprache m\u00f6chtest du den Newsletter erhalten?\">In welcher Sprache m\u00f6chtest du den Newsletter erhalten?<\/label><\/div><div class='ff-el-input--content'><div class='ff-el-form-check ff-el-form-check-'><label class='ff-el-form-check-label' for='input_radio_98b7c497a1872309cbb941c5d71ca4ec'><input  type=\"radio\" name=\"input_radio\" data-name=\"input_radio\" class=\"ff-el-form-check-input ff-el-form-check-radio\" value=\"In deutscher Sprache\"  id='input_radio_98b7c497a1872309cbb941c5d71ca4ec' aria-label='In deutscher Sprache' aria-invalid='false' aria-required=true> <span>In deutscher Sprache<\/span><\/label><\/div><div class='ff-el-form-check ff-el-form-check-'><label class='ff-el-form-check-label' for='input_radio_4760af3c20d0f67eb40468969afbacba'><input  type=\"radio\" name=\"input_radio\" data-name=\"input_radio\" class=\"ff-el-form-check-input ff-el-form-check-radio\" value=\"In englischer Sprache\"  id='input_radio_4760af3c20d0f67eb40468969afbacba' aria-label='In englischer Sprache' aria-invalid='false' aria-required=true> <span>In englischer Sprache<\/span><\/label><\/div><\/div><\/div><div data-type=\"name-element\" data-name=\"names\" class=\" ff-field_container ff-name-field-wrapper\" ><div class='ff-t-container'><div class='ff-t-cell '><div class='ff-el-group'><div class=\"ff-el-input--label ff-el-is-required asterisk-right\"><label for='ff_6_names_first_name_' id='label_ff_6_names_first_name_' >Vorname<\/label><\/div><div class='ff-el-input--content'><input type=\"text\" name=\"names[first_name]\" id=\"ff_6_names_first_name_\" class=\"ff-el-form-control\" placeholder=\"Wie hei\u00dft Du?\" aria-invalid=\"false\" aria-required=true><\/div><\/div><\/div><\/div><\/div><div class='ff-el-group'><div class=\"ff-el-input--label ff-el-is-required asterisk-right\"><label for='ff_6_email' id='label_ff_6_email' aria-label=\"E-Mail\">E-Mail<\/label><\/div><div class='ff-el-input--content'><input type=\"email\" name=\"email\" id=\"ff_6_email\" class=\"ff-el-form-control\" placeholder=\"E-Mail-Adresse\" data-name=\"email\"  aria-invalid=\"false\" aria-required=true><\/div><\/div><div class='ff-el-group    ff-el-input--content'><div class='ff-el-form-check ff-el-tc'><label aria-label='Terms and Conditions: Ich bin damit einverstanden, dass meine Daten gem\u00e4\u00df der Datenschutzerkl\u00e4rung verarbeitet und f\u00fcr den Versand des Newsletters genutzt werden. Contains 1 link. Use tab navigation to review.' class='ff-el-form-check-label ff_tc_label' for=gdpr-agreement_bb1b629dc61d0644b9e2961b00842900><span class='ff_tc_checkbox'><input type=\"checkbox\" name=\"gdpr-agreement\" class=\"ff-el-form-check-input ff_gdpr_field\" data-name=\"gdpr-agreement\" id=\"gdpr-agreement_bb1b629dc61d0644b9e2961b00842900\"  value='on' aria-invalid='false' aria-required=true><\/span> <div class='ff_t_c'>Ich bin damit einverstanden, dass meine Daten gem\u00e4\u00df der <a rel=\"noopener\" href=\"https:\/\/1001smiles.de\/datenschutzerklaerung\/\" target=\"_blank\">Datenschutzerkl\u00e4rung<\/a> verarbeitet und f\u00fcr den Versand des Newsletters genutzt werden.<\/div><\/label><\/div><\/div><div class='ff-el-group ff-text-center ff_submit_btn_wrapper'><button type=\"submit\" class=\"ff-btn ff-btn-submit ff-btn-md ff_btn_style\"  aria-label=\"Abbonieren\">Abbonieren<\/button><\/div><\/fieldset><\/form><div id='fluentform_6_errors' class='ff-errors-in-stack ff_form_instance_6_1 ff-form-loading_errors ff_form_instance_6_1_errors'><\/div><\/div>            <script type=\"text\/javascript\">\n                window.fluent_form_ff_form_instance_6_1 = {\"id\":\"6\",\"ajaxUrl\":\"https:\\\/\\\/1001smiles.de\\\/wp-admin\\\/admin-ajax.php\",\"settings\":{\"layout\":{\"labelPlacement\":\"top\",\"asteriskPlacement\":\"asterisk-right\",\"helpMessagePlacement\":\"with_label\",\"errorMessagePlacement\":\"inline\",\"cssClassName\":\"\"},\"restrictions\":{\"denyEmptySubmission\":{\"enabled\":false}}},\"form_instance\":\"ff_form_instance_6_1\",\"form_id_selector\":\"fluentform_6\",\"rules\":{\"input_radio\":{\"required\":{\"value\":true,\"message\":\"This field is required\",\"global_message\":\"Dieses Feld ist erforderlich\",\"global\":true}},\"names[first_name]\":{\"required\":{\"value\":true,\"message\":\"This field is required\",\"global_message\":\"Dieses Feld ist erforderlich\",\"global\":true}},\"names[middle_name]\":{\"required\":{\"value\":false,\"message\":\"This field is required\",\"global_message\":\"Dieses Feld ist erforderlich\",\"global\":true}},\"names[last_name]\":{\"required\":{\"value\":false,\"message\":\"This field is required\",\"global_message\":\"Dieses Feld ist erforderlich\",\"global\":true}},\"email\":{\"required\":{\"value\":true,\"message\":\"This field is required\",\"global_message\":\"Dieses Feld ist erforderlich\",\"global\":true},\"email\":{\"value\":true,\"message\":\"This field must contain a valid email\",\"global_message\":\"Dieses Feld muss eine g\\u00fcltige E-Mail-Adresse enthalten\",\"global\":true}},\"gdpr-agreement\":{\"required\":{\"value\":true,\"message\":\"Dieses Feld ist erforderlich\",\"global_message\":\"Dieses Feld ist erforderlich\",\"global\":false}}},\"debounce_time\":300};\n                            <\/script>\n            <\/div>\n<\/div>\n\n\n\n<script type=\"application\/ld+json\">\n{\n  \"@context\": \"https:\/\/schema.org\",\n  \"@type\": \"VideoObject\",\n  \"name\": \"Die Wahre Astrologie: Antike vs. Moderne im Vergleich\",\n  \"description\": \"In diesem Video werden h\u00e4ufige Missverst\u00e4ndnisse und Falschaussagen zu Astrologie aufgekl\u00e4rt und mit fundiertem Wissen richtiggestellt.\",\n  \"thumbnailUrl\": \"https:\/\/1001smiles.de\/media\/2025\/06\/07ThumbDE.png\",\n  \"uploadDate\": \"2025-06-01T12:00:00+02:00\",\n  \"contentUrl\": \"https:\/\/1001smiles.de\/videos\/vorbereitungsphase\/007-die-wahre-astrologie\/\",\n  \"embedUrl\": \"https:\/\/www.youtube.com\/watch?v=deR1Y2KojrM&list=PLN1EgfiDDm1YT3n13RWAzdmoIPYde_dwH&index=8\",\n  \"publisher\": {\n    \"@type\": \"Organization\",\n    \"name\": \"1001smiles\",\n    \"logo\": {\n      \"@type\": \"ImageObject\",\n      \"url\": \"https:\/\/1001smiles.de\/media\/2024\/09\/1001-SMILES-Iconlogo-300x300px.png\"\n    }\n  }\n}\n<\/script>\n","protected":false},"excerpt":{"rendered":"<p>In diesem Video erf\u00e4hrst du: &#8211; Warum der \u201e13. Tierkreiszeichen\u201c-Mythos rund um den Schlangentr\u00e4ger (Ophiuchus) falsch ist&#8211; Wie die antike Astrologie tats\u00e4chlich funktioniert \u2013 und was sie so besonders macht&#8211; Die wichtigsten Unterschiede zwischen antiker und moderner Astrologie \u2190 Zur\u00fcck: Astro Fake News Weiter: Sonderregeln &#038; Planetenzeichen \u2192 00:00 \u2013 Einf\u00fchrung00:22 \u2013 Der Schlangentr\u00e4ger (Ophiuchus)02:37 [&hellip;]<\/p>\n","protected":false},"author":2,"featured_media":0,"parent":2711,"menu_order":0,"comment_status":"open","ping_status":"closed","template":"","meta":{"footnotes":""},"class_list":["post-2971","page","type-page","status-publish","hentry"],"_links":{"self":[{"href":"https:\/\/1001smiles.de\/en\/wp-json\/wp\/v2\/pages\/2971","targetHints":{"allow":["GET"]}}],"collection":[{"href":"https:\/\/1001smiles.de\/en\/wp-json\/wp\/v2\/pages"}],"about":[{"href":"https:\/\/1001smiles.de\/en\/wp-json\/wp\/v2\/types\/page"}],"author":[{"embeddable":true,"href":"https:\/\/1001smiles.de\/en\/wp-json\/wp\/v2\/users\/2"}],"replies":[{"embeddable":true,"href":"https:\/\/1001smiles.de\/en\/wp-json\/wp\/v2\/comments?post=2971"}],"version-history":[{"count":14,"href":"https:\/\/1001smiles.de\/en\/wp-json\/wp\/v2\/pages\/2971\/revisions"}],"predecessor-version":[{"id":4245,"href":"https:\/\/1001smiles.de\/en\/wp-json\/wp\/v2\/pages\/2971\/revisions\/4245"}],"up":[{"embeddable":true,"href":"https:\/\/1001smiles.de\/en\/wp-json\/wp\/v2\/pages\/2711"}],"wp:attachment":[{"href":"https:\/\/1001smiles.de\/en\/wp-json\/wp\/v2\/media?parent=2971"}],"curies":[{"name":"wp","href":"https:\/\/api.w.org\/{rel}","templated":true}]}}