{"id":3022,"date":"2025-07-05T21:10:24","date_gmt":"2025-07-05T19:10:24","guid":{"rendered":"https:\/\/1001smiles.de\/?page_id=3022"},"modified":"2026-01-16T03:04:33","modified_gmt":"2026-01-16T02:04:33","slug":"008-sonderregeln-und-planetenzeichen","status":"publish","type":"page","link":"https:\/\/1001smiles.de\/en\/videos\/vorbereitungsphase\/008-sonderregeln-und-planetenzeichen\/","title":{"rendered":"008 Sonderregeln und Planetenzeichen"},"content":{"rendered":"\n<p class=\"has-text-align-center\"><strong>Erde &amp; Sonne: Die Sonderregeln und wie du deine Planetenzeichen findest<\/strong><\/p>\n\n\n\n<p>Warum sind wir Erdbewohner so einzigartig?<br>In diesem 8. Video des einleitenden Astrologiekurses geht es um die besonderen, extrem dichten Bedingungen auf der Erde und wie sich das auf unser Dasein auswirkt.<br>Au\u00dferdem erf\u00e4hrst du, wie du deine Planetenzeichen findest. Diese sind essenziell, um deine astrologische Konstitution wirklich zu verstehen \u2013 jenseits von popul\u00e4ren Horoskopen.<\/p>\n\n\n\n<div style=\"position: relative; width: 100%; padding-bottom: 56.25%; height: 0; overflow: hidden;\">\n  <iframe src=\"https:\/\/odysee.com\/%24\/embed\/%401001smiles%3A8%2F08-Video-DE%3A2?r=AW1FJrjprJEKGzJVEWQG5sWTGMHyjedp\" \n          style=\"position: absolute; top: 0; left: 0; width: 100%; height: 100%; border: 0;\" \n          allowfullscreen>\n  <\/iframe>\n<\/div>\n\n\n\n<div style=\"height:8px\" aria-hidden=\"true\" class=\"wp-block-spacer\"><\/div>\n\n\n\n<div style=\"margin-top:2rem; display:flex; justify-content:space-between;\">\n  <a href=\"https:\/\/1001smiles.de\/videos\/vorbereitungsphase\/006-astro-fake-news\/\" class=\"button-zurueck\">\u2190 Zur\u00fcck: Die wahre Astrologie<\/a>\n  <a href=\"https:\/\/1001smiles.de\/videos\/vorbereitungsphase\/009-astrologie-als-geschichte-die-12-tierkreiszeichen-in-ihrer-kosmischen-familie\/\" class=\"button-weiter\">Weiter: Die 12 Tierkreiszeichen \u2192<\/a>\n<\/div>\n\n\n\n<div style=\"height:14px\" aria-hidden=\"true\" class=\"wp-block-spacer\"><\/div>\n\n\n\n<hr class=\"wp-block-separator has-alpha-channel-opacity\"\/>\n\n\n\n<p><strong>Inhalte dieses Videos:<\/strong><br>00:00 \u2013 Einf\u00fchrung: Worum es in diesem Video geht<br>00:44 \u2013 Warum das Leben auf der Erde so herausfordernd ist<br>09:36 \u2013 Planetenzeichen verstehen: Kurze Einf\u00fchrung f\u00fcr Neueinsteiger<br>11:15 \u2013 So findest du deine pers\u00f6nlichen Planetenzeichen (Anleitung &amp; Erkl\u00e4rung)<br>22:16 \u2013 Ausblick: Was dich in der n\u00e4chsten Folge erwartet<\/p>\n\n\n\n<p><strong>\u2605<\/strong> Hier das Anleitungsvideo, indem wir gemeinsam und kostenlos <strong>dein individuelles Horoskop<\/strong> erstellen:<br>\u2794 <a href=\"https:\/\/1001smiles.de\/videos\/vorbereitungsphase\/003-horoskop-erstellen\/\" target=\"_blank\" rel=\"noreferrer noopener\">https:\/\/1001smiles.de\/videos\/vorbereitungsphase\/003-horoskop-erstellen\/<\/a><\/p>\n\n\n\n<p><strong>\u2605<\/strong> Hier das Video, das die <strong>Astrologie-Kurs-Materialien<\/strong> erkl\u00e4rt:<br>\u2794 <a href=\"https:\/\/1001smiles.de\/videos\/vorbereitungsphase\/004-materialvorbereitung\/\" target=\"_blank\" rel=\"noreferrer noopener\">https:\/\/1001smiles.de\/videos\/vorbereitungsphase\/004-materialvorbereitung\/<\/a><br>die es in <strong>Astro-Starter-Sets<\/strong> hier zu erwerben gibt:<br>\u2794 <a href=\"https:\/\/1001smiles.de\/shop\/\" target=\"_blank\" rel=\"noreferrer noopener\">https:\/\/1001smiles.de\/shop\/<\/a><\/p>\n\n\n\n<p><strong>\u2605<\/strong> Du bist neu hier? Starte mit <strong>Folge 1 des Astrologiekurses<\/strong>:<br>\u2794 <a href=\"https:\/\/1001smiles.de\/videos\/vorbereitungsphase\/001-intro-video\/\" target=\"_blank\" rel=\"noreferrer noopener\"><\/a><a href=\"https:\/\/1001smiles.de\/videos\/vorbereitungsphase\/001-intro-video\/\" target=\"_blank\" rel=\"noreferrer noopener\">\u201cSTART ASTROLOGIEKURS\u201d<\/a><\/p>\n\n\n\n<div style=\"height:22px\" aria-hidden=\"true\" class=\"wp-block-spacer\"><\/div>\n\n\n\n<hr class=\"wp-block-separator has-alpha-channel-opacity\"\/>\n\n\n\n<p><strong>Wenn dich diese Themen weiter begleiten sollen:<\/strong> Der Newsletter informiert dich \u00fcber neue Artikel, Videos und Materialien.<\/p>\n\n\n<div style=\"padding:20px;text-align:center\">\n<p><strong>NEWSLETTER<\/strong> <strong>ABBONIEREN<\/strong><\/p>\n<div><div class='fluentform ff-default fluentform_wrapper_6 ffs_default_wrap'><form data-form_id=\"6\" id=\"fluentform_6\" class=\"frm-fluent-form fluent_form_6 ff-el-form-top ff_form_instance_6_1 ff-form-loading ffs_default\" data-form_instance=\"ff_form_instance_6_1\" method=\"POST\" ><fieldset  style=\"border: none!important;margin: 0!important;padding: 0!important;background-color: transparent!important;box-shadow: none!important;outline: none!important; min-inline-size: 100%;\">\n                    <legend class=\"ff_screen_reader_title\" style=\"display: block; margin: 0!important;padding: 0!important;height: 0!important;text-indent: -999999px;width: 0!important;overflow:hidden;\">Newsletter Form New<\/legend><input type='hidden' name='__fluent_form_embded_post_id' value='3022' \/><input type=\"hidden\" id=\"_fluentform_6_fluentformnonce\" name=\"_fluentform_6_fluentformnonce\" value=\"b4866f20e9\" \/><input type=\"hidden\" name=\"_wp_http_referer\" value=\"\/en\/wp-json\/wp\/v2\/pages\/3022\" \/><div class='ff-el-group'><div class=\"ff-el-input--label ff-el-is-required asterisk-right\"><label   aria-label=\"In welcher Sprache m\u00f6chtest du den Newsletter erhalten?\">In welcher Sprache m\u00f6chtest du den Newsletter erhalten?<\/label><\/div><div class='ff-el-input--content'><div class='ff-el-form-check ff-el-form-check-'><label class='ff-el-form-check-label' for='input_radio_1e49d40054e149a3b453a8bf87fb83b7'><input  type=\"radio\" name=\"input_radio\" data-name=\"input_radio\" class=\"ff-el-form-check-input ff-el-form-check-radio\" value=\"In deutscher Sprache\"  id='input_radio_1e49d40054e149a3b453a8bf87fb83b7' aria-label='In deutscher Sprache' aria-invalid='false' aria-required=true> <span>In deutscher Sprache<\/span><\/label><\/div><div class='ff-el-form-check ff-el-form-check-'><label class='ff-el-form-check-label' for='input_radio_ecab1d353cf93f270569315dff167ca0'><input  type=\"radio\" name=\"input_radio\" data-name=\"input_radio\" class=\"ff-el-form-check-input ff-el-form-check-radio\" value=\"In englischer Sprache\"  id='input_radio_ecab1d353cf93f270569315dff167ca0' aria-label='In englischer Sprache' aria-invalid='false' aria-required=true> <span>In englischer Sprache<\/span><\/label><\/div><\/div><\/div><div data-type=\"name-element\" data-name=\"names\" class=\" ff-field_container ff-name-field-wrapper\" ><div class='ff-t-container'><div class='ff-t-cell '><div class='ff-el-group'><div class=\"ff-el-input--label ff-el-is-required asterisk-right\"><label for='ff_6_names_first_name_' id='label_ff_6_names_first_name_' >Vorname<\/label><\/div><div class='ff-el-input--content'><input type=\"text\" name=\"names[first_name]\" id=\"ff_6_names_first_name_\" class=\"ff-el-form-control\" placeholder=\"Wie hei\u00dft Du?\" aria-invalid=\"false\" aria-required=true><\/div><\/div><\/div><\/div><\/div><div class='ff-el-group'><div class=\"ff-el-input--label ff-el-is-required asterisk-right\"><label for='ff_6_email' id='label_ff_6_email' aria-label=\"E-Mail\">E-Mail<\/label><\/div><div class='ff-el-input--content'><input type=\"email\" name=\"email\" id=\"ff_6_email\" class=\"ff-el-form-control\" placeholder=\"E-Mail-Adresse\" data-name=\"email\"  aria-invalid=\"false\" aria-required=true><\/div><\/div><div class='ff-el-group    ff-el-input--content'><div class='ff-el-form-check ff-el-tc'><label aria-label='Terms and Conditions: Ich bin damit einverstanden, dass meine Daten gem\u00e4\u00df der Datenschutzerkl\u00e4rung verarbeitet und f\u00fcr den Versand des Newsletters genutzt werden. Contains 1 link. Use tab navigation to review.' class='ff-el-form-check-label ff_tc_label' for=gdpr-agreement_4f7b2fedf9a250106fb73916c2bc7543><span class='ff_tc_checkbox'><input type=\"checkbox\" name=\"gdpr-agreement\" class=\"ff-el-form-check-input ff_gdpr_field\" data-name=\"gdpr-agreement\" id=\"gdpr-agreement_4f7b2fedf9a250106fb73916c2bc7543\"  value='on' aria-invalid='false' aria-required=true><\/span> <div class='ff_t_c'>Ich bin damit einverstanden, dass meine Daten gem\u00e4\u00df der <a rel=\"noopener\" href=\"https:\/\/1001smiles.de\/datenschutzerklaerung\/\" target=\"_blank\">Datenschutzerkl\u00e4rung<\/a> verarbeitet und f\u00fcr den Versand des Newsletters genutzt werden.<\/div><\/label><\/div><\/div><div class='ff-el-group ff-text-center ff_submit_btn_wrapper'><button type=\"submit\" class=\"ff-btn ff-btn-submit ff-btn-md ff_btn_style\"  aria-label=\"Abbonieren\">Abbonieren<\/button><\/div><\/fieldset><\/form><div id='fluentform_6_errors' class='ff-errors-in-stack ff_form_instance_6_1 ff-form-loading_errors ff_form_instance_6_1_errors'><\/div><\/div>            <script type=\"text\/javascript\">\n                window.fluent_form_ff_form_instance_6_1 = {\"id\":\"6\",\"ajaxUrl\":\"https:\\\/\\\/1001smiles.de\\\/wp-admin\\\/admin-ajax.php\",\"settings\":{\"layout\":{\"labelPlacement\":\"top\",\"asteriskPlacement\":\"asterisk-right\",\"helpMessagePlacement\":\"with_label\",\"errorMessagePlacement\":\"inline\",\"cssClassName\":\"\"},\"restrictions\":{\"denyEmptySubmission\":{\"enabled\":false}}},\"form_instance\":\"ff_form_instance_6_1\",\"form_id_selector\":\"fluentform_6\",\"rules\":{\"input_radio\":{\"required\":{\"value\":true,\"message\":\"This field is required\",\"global_message\":\"Dieses Feld ist erforderlich\",\"global\":true}},\"names[first_name]\":{\"required\":{\"value\":true,\"message\":\"This field is required\",\"global_message\":\"Dieses Feld ist erforderlich\",\"global\":true}},\"names[middle_name]\":{\"required\":{\"value\":false,\"message\":\"This field is required\",\"global_message\":\"Dieses Feld ist erforderlich\",\"global\":true}},\"names[last_name]\":{\"required\":{\"value\":false,\"message\":\"This field is required\",\"global_message\":\"Dieses Feld ist erforderlich\",\"global\":true}},\"email\":{\"required\":{\"value\":true,\"message\":\"This field is required\",\"global_message\":\"Dieses Feld ist erforderlich\",\"global\":true},\"email\":{\"value\":true,\"message\":\"This field must contain a valid email\",\"global_message\":\"Dieses Feld muss eine g\\u00fcltige E-Mail-Adresse enthalten\",\"global\":true}},\"gdpr-agreement\":{\"required\":{\"value\":true,\"message\":\"Dieses Feld ist erforderlich\",\"global_message\":\"Dieses Feld ist erforderlich\",\"global\":false}}},\"debounce_time\":300};\n                            <\/script>\n            <\/div>\n<\/div>\n\n\n\n<script type=\"application\/ld+json\">\n{\n  \"@context\": \"https:\/\/schema.org\",\n  \"@type\": \"VideoObject\",\n  \"name\": \"Erde & Sonne: Die Sonderregeln und wie du deine Planetenzeichen findest\",\n  \"description\": \"In diesem 8. Video des einleitenden Astrologiekurses geht es um die besonderen, extrem dichten Bedingungen auf der Erde und wie sich das auf unser Dasein auswirkt sowie um deine Planetenzeichen.\",\n  \"thumbnailUrl\": \"https:\/\/1001smiles.de\/media\/2025\/07\/08-Thumb-DE.png\",\n  \"uploadDate\": \"2025-06-01T12:00:00+02:00\",\n  \"contentUrl\": \"https:\/\/1001smiles.de\/videos\/vorbereitungsphase\/008-sonderregeln-und-planetenzeichen\/\",\n  \"embedUrl\": \"https:\/\/www.youtube.com\/watch?v=41EOznquCbY&list=PLN1EgfiDDm1YT3n13RWAzdmoIPYde_dwH&index=9\",\n  \"publisher\": {\n    \"@type\": \"Organization\",\n    \"name\": \"1001smiles\",\n    \"logo\": {\n      \"@type\": \"ImageObject\",\n      \"url\": \"https:\/\/1001smiles.de\/media\/2024\/09\/1001-SMILES-Iconlogo-300x300px.png\"\n    }\n  }\n}\n<\/script>\n","protected":false},"excerpt":{"rendered":"<p>Erde &amp; Sonne: Die Sonderregeln und wie du deine Planetenzeichen findest Warum sind wir Erdbewohner so einzigartig?In diesem 8. Video des einleitenden Astrologiekurses geht es um die besonderen, extrem dichten Bedingungen auf der Erde und wie sich das auf unser Dasein auswirkt.Au\u00dferdem erf\u00e4hrst du, wie du deine Planetenzeichen findest. Diese sind essenziell, um deine astrologische [&hellip;]<\/p>\n","protected":false},"author":2,"featured_media":0,"parent":2711,"menu_order":0,"comment_status":"open","ping_status":"closed","template":"","meta":{"footnotes":""},"class_list":["post-3022","page","type-page","status-publish","hentry"],"_links":{"self":[{"href":"https:\/\/1001smiles.de\/en\/wp-json\/wp\/v2\/pages\/3022","targetHints":{"allow":["GET"]}}],"collection":[{"href":"https:\/\/1001smiles.de\/en\/wp-json\/wp\/v2\/pages"}],"about":[{"href":"https:\/\/1001smiles.de\/en\/wp-json\/wp\/v2\/types\/page"}],"author":[{"embeddable":true,"href":"https:\/\/1001smiles.de\/en\/wp-json\/wp\/v2\/users\/2"}],"replies":[{"embeddable":true,"href":"https:\/\/1001smiles.de\/en\/wp-json\/wp\/v2\/comments?post=3022"}],"version-history":[{"count":18,"href":"https:\/\/1001smiles.de\/en\/wp-json\/wp\/v2\/pages\/3022\/revisions"}],"predecessor-version":[{"id":4244,"href":"https:\/\/1001smiles.de\/en\/wp-json\/wp\/v2\/pages\/3022\/revisions\/4244"}],"up":[{"embeddable":true,"href":"https:\/\/1001smiles.de\/en\/wp-json\/wp\/v2\/pages\/2711"}],"wp:attachment":[{"href":"https:\/\/1001smiles.de\/en\/wp-json\/wp\/v2\/media?parent=3022"}],"curies":[{"name":"wp","href":"https:\/\/api.w.org\/{rel}","templated":true}]}}