{"id":3156,"date":"2025-08-02T04:41:34","date_gmt":"2025-08-02T02:41:34","guid":{"rendered":"https:\/\/1001smiles.de\/?page_id=3156"},"modified":"2025-08-02T05:34:07","modified_gmt":"2025-08-02T03:34:07","slug":"planetenzeichen-listen-2","status":"publish","type":"page","link":"https:\/\/1001smiles.de\/en\/planetenzeichen-listen-2\/","title":{"rendered":"Planetenzeichen-Listen"},"content":{"rendered":"<h2 class=\"wp-block-heading has-text-align-center\">Anmeldung f\u00fcr den kostenlosen PDF-Download<\/h2>\n\n\n\n<p>Trage hier deinen Vornamen und deine E-Mail-Adresse ein, um Zugang zur Downloadseite zu erhalten.<br>Dort kannst du alle bisher ver\u00f6ffentlichten Planetenzeichen-Listen herunterladen.<br>Zuk\u00fcnftige Listen erh\u00e4ltst du automatisch per E-Mail, sobald sie erscheinen.<\/p>\n\n\n<div class='fluentform ff-default fluentform_wrapper_7 ffs_default_wrap'><form data-form_id=\"7\" id=\"fluentform_7\" class=\"frm-fluent-form fluent_form_7 ff-el-form-top ff_form_instance_7_1 ff-form-loading ffs_default\" data-form_instance=\"ff_form_instance_7_1\" method=\"POST\" action=\"\" ><fieldset  style=\"border: none!important;margin: 0!important;padding: 0!important;background-color: transparent!important;box-shadow: none!important;outline: none!important; min-inline-size: 100%;\">\n                    <legend class=\"ff_screen_reader_title\" style=\"display: block; margin: 0!important;padding: 0!important;height: 0!important;text-indent: -999999px;width: 0!important;overflow:hidden;\">Planetenzeichen Listen Formular<\/legend><input type='hidden' name='__fluent_form_embded_post_id' value='3156' \/><input type=\"hidden\" id=\"_fluentform_7_fluentformnonce\" name=\"_fluentform_7_fluentformnonce\" value=\"992d91f5c4\" \/><input type=\"hidden\" name=\"_wp_http_referer\" value=\"\/en\/wp-json\/wp\/v2\/pages\/3156\" \/><div class='ff-el-group'><div class=\"ff-el-input--label ff-el-is-required asterisk-right\"><label for='ff_7_input_text' id='label_ff_7_input_text' aria-label=\"Name\">Name<\/label><\/div><div class='ff-el-input--content'><input type=\"text\" name=\"input_text\" class=\"ff-el-form-control\" data-name=\"input_text\" id=\"ff_7_input_text\"  aria-invalid=\"false\" aria-required=\"true\"><\/div><\/div><div class='ff-el-group'><div class=\"ff-el-input--label ff-el-is-required asterisk-right\"><label for='ff_7_email' id='label_ff_7_email' aria-label=\"E-Mail\">E-Mail<\/label><\/div><div class='ff-el-input--content'><input type=\"email\" name=\"email\" id=\"ff_7_email\" class=\"ff-el-form-control\" placeholder=\"E-Mail Adresse\" data-name=\"email\"  aria-invalid=\"false\" aria-required=\"true\"><\/div><\/div><div class='ff-el-group ff-text-center ff_submit_btn_wrapper'><button type=\"submit\" class=\"ff-btn ff-btn-submit ff-btn-md ff_btn_style\"  aria-label=\"Gratis Planetenliste\/n jetzt holen\">Gratis Planetenliste\/n jetzt holen<\/button><\/div><\/fieldset><input type=\"hidden\" name=\"trp-form-language\" value=\"en\"\/><\/form><div id='fluentform_7_errors' class='ff-errors-in-stack ff_form_instance_7_1 ff-form-loading_errors ff_form_instance_7_1_errors'><\/div><\/div>            <script type=\"text\/javascript\">\n                window.fluent_form_ff_form_instance_7_1 = {\"id\":\"7\",\"settings\":{\"layout\":{\"labelPlacement\":\"top\",\"asteriskPlacement\":\"asterisk-right\",\"helpMessagePlacement\":\"with_label\",\"errorMessagePlacement\":\"inline\",\"cssClassName\":\"\"},\"restrictions\":{\"denyEmptySubmission\":{\"enabled\":false}}},\"form_instance\":\"ff_form_instance_7_1\",\"form_id_selector\":\"fluentform_7\",\"rules\":{\"input_text\":{\"required\":{\"value\":true,\"message\":\"This field is required\",\"global_message\":\"Dieses Feld ist erforderlich\",\"global\":true}},\"email\":{\"required\":{\"value\":true,\"message\":\"This field is required\",\"global_message\":\"Dieses Feld ist erforderlich\",\"global\":true},\"email\":{\"value\":true,\"message\":\"This field must contain a valid email\",\"global_message\":\"Dieses Feld muss eine g\\u00fcltige E-Mail-Adresse enthalten\",\"global\":true}}},\"debounce_time\":300};\n                            <\/script>\n            \n\n\n\n<p><em>Hinweis zur DSGVO:<\/em><br><em>Mit deiner Anmeldung erkl\u00e4rst du dich einverstanden, dass ich dir die Planetenzeichen-Listen und gelegentlich passende Informationen per E-Mail zusende. Du kannst dich jederzeit wieder abmelden. Weitere Infos findest du in meiner <a href=\"https:\/\/1001smiles.de\/en\/datenschutzerklaerung\/\" target=\"_blank\" rel=\"noreferrer noopener\">Data Protection Declaration<\/a>.<\/em><\/p>\n\n\n\n<p><\/p>","protected":false},"excerpt":{"rendered":"<p>Anmeldung f\u00fcr den kostenlosen PDF-Download Trage hier deinen Vornamen und deine E-Mail-Adresse ein, um Zugang zur Downloadseite zu erhalten.Dort kannst du alle bisher ver\u00f6ffentlichten Planetenzeichen-Listen herunterladen.Zuk\u00fcnftige Listen erh\u00e4ltst du automatisch per E-Mail, sobald sie erscheinen. Hinweis zur DSGVO:Mit deiner Anmeldung erkl\u00e4rst du dich einverstanden, dass ich dir die Planetenzeichen-Listen und gelegentlich passende Informationen per E-Mail [&hellip;]<\/p>\n","protected":false},"author":2,"featured_media":0,"parent":0,"menu_order":0,"comment_status":"closed","ping_status":"closed","template":"","meta":{"footnotes":""},"class_list":["post-3156","page","type-page","status-publish","hentry"],"_links":{"self":[{"href":"https:\/\/1001smiles.de\/en\/wp-json\/wp\/v2\/pages\/3156","targetHints":{"allow":["GET"]}}],"collection":[{"href":"https:\/\/1001smiles.de\/en\/wp-json\/wp\/v2\/pages"}],"about":[{"href":"https:\/\/1001smiles.de\/en\/wp-json\/wp\/v2\/types\/page"}],"author":[{"embeddable":true,"href":"https:\/\/1001smiles.de\/en\/wp-json\/wp\/v2\/users\/2"}],"replies":[{"embeddable":true,"href":"https:\/\/1001smiles.de\/en\/wp-json\/wp\/v2\/comments?post=3156"}],"version-history":[{"count":3,"href":"https:\/\/1001smiles.de\/en\/wp-json\/wp\/v2\/pages\/3156\/revisions"}],"predecessor-version":[{"id":3160,"href":"https:\/\/1001smiles.de\/en\/wp-json\/wp\/v2\/pages\/3156\/revisions\/3160"}],"wp:attachment":[{"href":"https:\/\/1001smiles.de\/en\/wp-json\/wp\/v2\/media?parent=3156"}],"curies":[{"name":"wp","href":"https:\/\/api.w.org\/{rel}","templated":true}]}}