{"id":3831,"date":"2025-11-24T02:49:44","date_gmt":"2025-11-24T01:49:44","guid":{"rendered":"https:\/\/1001smiles.de\/?page_id=3831"},"modified":"2026-01-16T02:32:59","modified_gmt":"2026-01-16T01:32:59","slug":"019-neptunzeichen","status":"publish","type":"page","link":"https:\/\/1001smiles.de\/en\/videos\/vorbereitungsphase\/019-neptunzeichen\/","title":{"rendered":"019 Neptunzeichen"},"content":{"rendered":"\n<p>In diesem Video erf\u00e4hrst du, wie du dein Neptunzeichen in deinem Horoskop findest, wie es zustande kommt und was es bedeutet.<\/p>\n\n\n\n<div style=\"position: relative; width: 100%; padding-bottom: 56.25%; height: 0; overflow: hidden;\">\n  <iframe src=\"https:\/\/odysee.com\/%24\/embed\/%401001smiles%3A8%2F19Video-DE%3Ae?r=AW1FJrjprJEKGzJVEWQG5sWTGMHyjedp\" \n          style=\"position: absolute; top: 0; left: 0; width: 100%; height: 100%; border: 0;\" \n          allowfullscreen>\n  <\/iframe>\n<\/div>\n\n\n\n<div style=\"margin-top:2rem; display:flex; justify-content:space-between;\">\n  <a href=\"https:\/\/1001smiles.de\/videos\/vorbereitungsphase\/dein-uranuszeichen-im-tierkreis\/\" class=\"button-zurueck\">\u2190 Zur\u00fcck: Dein Uranuszeichen im Tierkreis<\/a>\n  <a href=\"https:\/\/1001smiles.de\/videos\/vorbereitungsphase\/020-plutozeichen\/\" class=\"button-weiter\">Weiter: Dein Plutozeichen im Tierkreis \u2192<\/a>\n<\/div>\n\n\n\n<div style=\"height:24px\" aria-hidden=\"true\" class=\"wp-block-spacer\"><\/div>\n\n\n\n<hr class=\"wp-block-separator has-alpha-channel-opacity\"\/>\n\n\n\n<div style=\"height:26px\" aria-hidden=\"true\" class=\"wp-block-spacer\"><\/div>\n\n\n\n<p>\u2605 Hier geht\u2019s zur Folge 7 \u2013 Der Ursprung der Astrologie:<br>\u2794 <a href=\"https:\/\/1001smiles.de\/videos\/vorbereitungsphase\/007-die-wahre-astrologie\/\" target=\"_blank\" rel=\"noreferrer noopener\">https:\/\/1001smiles.de\/videos\/vorbereitungsphase\/007-die-wahre-astrologie\/<\/a><\/p>\n\n\n\n<p>\u2605 Hier geht\u2019s zur vorigen Folge 18, in der die Charakteristiken der transpersonalen Planeten genauer erkl\u00e4rt werden:<br>\u2794 <a href=\"https:\/\/1001smiles.de\/videos\/vorbereitungsphase\/dein-uranuszeichen-im-tierkreis\/\" target=\"_blank\" rel=\"noreferrer noopener\">https:\/\/1001smiles.de\/videos\/vorbereitungsphase\/dein-uranuszeichen-im-tierkreis\/<\/a><\/p>\n\n\n\n<p>\u2605 Lade dir hier alle kostenlosen Planetenzeichen-Bedeutungslisten herunter (inklusive der Neptunliste):<br>\u2794 <a href=\"https:\/\/1001smiles.de\/planetenzeichen-listen-2\/\" data-type=\"link\" data-id=\"https:\/\/1001smiles.de\/planetenzeichen-listen-2\/\" target=\"_blank\" rel=\"noreferrer noopener\">Zu den Listen<\/a><\/p>\n\n\n\n<p>\u2605 Hier geht\u2019s zu den zus\u00e4ztlichen Bedeutungen auf meiner Webseite:<br>\u2794 <a href=\"https:\/\/1001smiles.de\/planetenzeichen-bedeutungen\/\" target=\"_blank\" rel=\"noreferrer noopener\">https:\/\/1001smiles.de\/planetenzeichen-bedeutungen\/<\/a><\/p>\n\n\n\n<p>\u2605 Hier das &#8222;Gratis Horoskop Erstellen&#8220; Video, indem ich mit dir gemeinsam dein Geburtshoroskop erstellen lasse (kostenlos):<br>\u2794 <a href=\"https:\/\/1001smiles.de\/videos\/vorbereitungsphase\/003-horoskop-erstellen\/\" target=\"_blank\" rel=\"noreferrer noopener\">3 \u2013 Das Eigene Geburtshoroskop Erstellen<\/a><\/p>\n\n\n\n<p>&#x2728; Inhalte dieses Videos:<br>00:00 \u2013 Einf\u00fchrung<br>05:43 \u2013 Neptun in den Tierkreiszeichen<br>08:11 \u2013 Neptunzeichen Widder<br>12:07 \u2013 Neptunzeichen Stier<br>14:44 \u2013 Neptunzeichen Zwillinge<br>17:00 \u2013 Neptunzeichen Krebs<br>20:24 \u2013 Neptunzeichen L\u00f6we<br>22:52 \u2013 Neptunzeichen Jungfrau<br>24:25 \u2013 Neptunzeichen Waage<br>25:42 \u2013 Neptunzeichen Skorpion<br>27:52 \u2013 Neptunzeichen Sch\u00fctze<br>29:19 \u2013 Neptunzeichen Steinbock<br>30:48 \u2013 Neptunzeichen Wassermann<br>32:52 \u2013 Neptunzeichen Fische<br>35:42 \u2013 Vorschau auf die n\u00e4chste Folge<\/p>\n\n\n\n<p>\u2605 Du bist neu hier? Starte mit Folge 1 des Astrologiekurses:<br>\u2794 <a href=\"https:\/\/1001smiles.de\/videos\/vorbereitungsphase\/001-intro-video\/\" target=\"_blank\" rel=\"noreferrer noopener\">Erste Folge<\/a><\/p>\n\n\n\n<p>\u2605 Du m\u00f6chstest tiefer einsteigen? Hier findest du unter anderem die Astro-Basis-Sets:<br>\u2794 <a href=\"https:\/\/1001smiles.de\/shop\/\" target=\"_blank\" rel=\"noreferrer noopener\">https:\/\/1001smiles.de\/shop\/<\/a><\/p>\n\n\n\n<div style=\"height:45px\" aria-hidden=\"true\" class=\"wp-block-spacer\"><\/div>\n\n\n\n<hr class=\"wp-block-separator has-alpha-channel-opacity\"\/>\n\n\n\n<p><strong>Wenn dich diese Themen weiter begleiten sollen:<\/strong> Der Newsletter informiert dich \u00fcber neue Artikel, Videos und Materialien.<\/p>\n\n\n<div style=\"padding:20px;text-align:center\">\n<p><strong>NEWSLETTER<\/strong> <strong>ABBONIEREN<\/strong><\/p>\n<div><div class='fluentform ff-default fluentform_wrapper_6 ffs_default_wrap'><form data-form_id=\"6\" id=\"fluentform_6\" class=\"frm-fluent-form fluent_form_6 ff-el-form-top ff_form_instance_6_1 ff-form-loading ffs_default\" data-form_instance=\"ff_form_instance_6_1\" method=\"POST\" ><fieldset  style=\"border: none!important;margin: 0!important;padding: 0!important;background-color: transparent!important;box-shadow: none!important;outline: none!important; min-inline-size: 100%;\">\n                    <legend class=\"ff_screen_reader_title\" style=\"display: block; margin: 0!important;padding: 0!important;height: 0!important;text-indent: -999999px;width: 0!important;overflow:hidden;\">Newsletter Form New<\/legend><input type='hidden' name='__fluent_form_embded_post_id' value='3831' \/><input type=\"hidden\" id=\"_fluentform_6_fluentformnonce\" name=\"_fluentform_6_fluentformnonce\" value=\"992d91f5c4\" \/><input type=\"hidden\" name=\"_wp_http_referer\" value=\"\/en\/wp-json\/wp\/v2\/pages\/3831\" \/><div class='ff-el-group'><div class=\"ff-el-input--label ff-el-is-required asterisk-right\"><label   aria-label=\"In welcher Sprache m\u00f6chtest du den Newsletter erhalten?\">In welcher Sprache m\u00f6chtest du den Newsletter erhalten?<\/label><\/div><div class='ff-el-input--content'><div class='ff-el-form-check ff-el-form-check-'><label class='ff-el-form-check-label' for='input_radio_32456c8989537567ebe101b14930e90d'><input  type=\"radio\" name=\"input_radio\" data-name=\"input_radio\" class=\"ff-el-form-check-input ff-el-form-check-radio\" value=\"In deutscher Sprache\"  id='input_radio_32456c8989537567ebe101b14930e90d' aria-label='In deutscher Sprache' aria-invalid='false' aria-required=true> <span>In deutscher Sprache<\/span><\/label><\/div><div class='ff-el-form-check ff-el-form-check-'><label class='ff-el-form-check-label' for='input_radio_c3a898c957eb2260ddea824421feae59'><input  type=\"radio\" name=\"input_radio\" data-name=\"input_radio\" class=\"ff-el-form-check-input ff-el-form-check-radio\" value=\"In englischer Sprache\"  id='input_radio_c3a898c957eb2260ddea824421feae59' aria-label='In englischer Sprache' aria-invalid='false' aria-required=true> <span>In englischer Sprache<\/span><\/label><\/div><\/div><\/div><div data-type=\"name-element\" data-name=\"names\" class=\" ff-field_container ff-name-field-wrapper\" ><div class='ff-t-container'><div class='ff-t-cell '><div class='ff-el-group'><div class=\"ff-el-input--label ff-el-is-required asterisk-right\"><label for='ff_6_names_first_name_' id='label_ff_6_names_first_name_' >Vorname<\/label><\/div><div class='ff-el-input--content'><input type=\"text\" name=\"names[first_name]\" id=\"ff_6_names_first_name_\" class=\"ff-el-form-control\" placeholder=\"Wie hei\u00dft Du?\" aria-invalid=\"false\" aria-required=true><\/div><\/div><\/div><\/div><\/div><div class='ff-el-group'><div class=\"ff-el-input--label ff-el-is-required asterisk-right\"><label for='ff_6_email' id='label_ff_6_email' aria-label=\"E-Mail\">E-Mail<\/label><\/div><div class='ff-el-input--content'><input type=\"email\" name=\"email\" id=\"ff_6_email\" class=\"ff-el-form-control\" placeholder=\"E-Mail-Adresse\" data-name=\"email\"  aria-invalid=\"false\" aria-required=true><\/div><\/div><div class='ff-el-group    ff-el-input--content'><div class='ff-el-form-check ff-el-tc'><label aria-label='Terms and Conditions: Ich bin damit einverstanden, dass meine Daten gem\u00e4\u00df der Datenschutzerkl\u00e4rung verarbeitet und f\u00fcr den Versand des Newsletters genutzt werden. Contains 1 link. Use tab navigation to review.' class='ff-el-form-check-label ff_tc_label' for=gdpr-agreement_4a91c7aef671d465ef57d8077f05bf4d><span class='ff_tc_checkbox'><input type=\"checkbox\" name=\"gdpr-agreement\" class=\"ff-el-form-check-input ff_gdpr_field\" data-name=\"gdpr-agreement\" id=\"gdpr-agreement_4a91c7aef671d465ef57d8077f05bf4d\"  value='on' aria-invalid='false' aria-required=true><\/span> <div class='ff_t_c'>Ich bin damit einverstanden, dass meine Daten gem\u00e4\u00df der <a rel=\"noopener\" href=\"https:\/\/1001smiles.de\/datenschutzerklaerung\/\" target=\"_blank\">Datenschutzerkl\u00e4rung<\/a> verarbeitet und f\u00fcr den Versand des Newsletters genutzt werden.<\/div><\/label><\/div><\/div><div class='ff-el-group ff-text-center ff_submit_btn_wrapper'><button type=\"submit\" class=\"ff-btn ff-btn-submit ff-btn-md ff_btn_style\"  aria-label=\"Abbonieren\">Abbonieren<\/button><\/div><\/fieldset><\/form><div id='fluentform_6_errors' class='ff-errors-in-stack ff_form_instance_6_1 ff-form-loading_errors ff_form_instance_6_1_errors'><\/div><\/div>            <script type=\"text\/javascript\">\n                window.fluent_form_ff_form_instance_6_1 = {\"id\":\"6\",\"settings\":{\"layout\":{\"labelPlacement\":\"top\",\"asteriskPlacement\":\"asterisk-right\",\"helpMessagePlacement\":\"with_label\",\"errorMessagePlacement\":\"inline\",\"cssClassName\":\"\"},\"restrictions\":{\"denyEmptySubmission\":{\"enabled\":false}}},\"form_instance\":\"ff_form_instance_6_1\",\"form_id_selector\":\"fluentform_6\",\"rules\":{\"input_radio\":{\"required\":{\"value\":true,\"message\":\"This field is required\",\"global_message\":\"Dieses Feld ist erforderlich\",\"global\":true}},\"names[first_name]\":{\"required\":{\"value\":true,\"message\":\"This field is required\",\"global_message\":\"Dieses Feld ist erforderlich\",\"global\":true}},\"names[middle_name]\":{\"required\":{\"value\":false,\"message\":\"This field is required\",\"global_message\":\"Dieses Feld ist erforderlich\",\"global\":true}},\"names[last_name]\":{\"required\":{\"value\":false,\"message\":\"This field is required\",\"global_message\":\"Dieses Feld ist erforderlich\",\"global\":true}},\"email\":{\"required\":{\"value\":true,\"message\":\"This field is required\",\"global_message\":\"Dieses Feld ist erforderlich\",\"global\":true},\"email\":{\"value\":true,\"message\":\"This field must contain a valid email\",\"global_message\":\"Dieses Feld muss eine g\\u00fcltige E-Mail-Adresse enthalten\",\"global\":true}},\"gdpr-agreement\":{\"required\":{\"value\":true,\"message\":\"Dieses Feld ist erforderlich\",\"global_message\":\"Dieses Feld ist erforderlich\",\"global\":false}}},\"debounce_time\":300};\n                            <\/script>\n            <\/div>\n<\/div>\n\n\n\n<script type=\"application\/ld+json\">\n{\n  \"@context\": \"https:\/\/schema.org\",\n  \"@type\": \"VideoObject\",\n  \"name\": \"19 \u2013 Dein Neptunzeichen im Horoskop \u2013 Bedeutung & wie du es findest\",\n  \"description\": \"In diesem Video erf\u00e4hrst du, wie du dein Neptunzeichen in deinem Horoskop findest, wie es zustande kommt und was es bedeutet.\",\n  \"thumbnailUrl\": \"https:\/\/1001smiles.de\/media\/2025\/11\/19ThumbDE.png\",\n  \"uploadDate\": \"2025-11-01T12:00:00+02:00\",\n  \"contentUrl\": \"https:\/\/1001smiles.de\/videos\/vorbereitungsphase\/019-neptunzeichen\/\",\n  \"embedUrl\": \"https:\/\/www.youtube.com\/watch?v=XecMhSIAn8E&list=PLN1EgfiDDm1YT3n13RWAzdmoIPYde_dwH&index=20\",\n  \"publisher\": {\n    \"@type\": \"Organization\",\n    \"name\": \"1001smiles\",\n    \"logo\": {\n      \"@type\": \"ImageObject\",\n      \"url\": \"https:\/\/1001smiles.de\/media\/2024\/09\/1001-SMILES-Iconlogo-300x300px.png\"\n    }\n  }\n}\n<\/script>\n\n\n\n<p><\/p>\n","protected":false},"excerpt":{"rendered":"<p>In diesem Video erf\u00e4hrst du, wie du dein Neptunzeichen in deinem Horoskop findest, wie es zustande kommt und was es bedeutet. \u2190 Zur\u00fcck: Dein Uranuszeichen im Tierkreis Weiter: Dein Plutozeichen im Tierkreis \u2192 \u2605 Hier geht\u2019s zur Folge 7 \u2013 Der Ursprung der Astrologie:\u2794 https:\/\/1001smiles.de\/videos\/vorbereitungsphase\/007-die-wahre-astrologie\/ \u2605 Hier geht\u2019s zur vorigen Folge 18, in der die [&hellip;]<\/p>\n","protected":false},"author":2,"featured_media":0,"parent":2711,"menu_order":0,"comment_status":"open","ping_status":"closed","template":"","meta":{"footnotes":""},"class_list":["post-3831","page","type-page","status-publish","hentry"],"_links":{"self":[{"href":"https:\/\/1001smiles.de\/en\/wp-json\/wp\/v2\/pages\/3831","targetHints":{"allow":["GET"]}}],"collection":[{"href":"https:\/\/1001smiles.de\/en\/wp-json\/wp\/v2\/pages"}],"about":[{"href":"https:\/\/1001smiles.de\/en\/wp-json\/wp\/v2\/types\/page"}],"author":[{"embeddable":true,"href":"https:\/\/1001smiles.de\/en\/wp-json\/wp\/v2\/users\/2"}],"replies":[{"embeddable":true,"href":"https:\/\/1001smiles.de\/en\/wp-json\/wp\/v2\/comments?post=3831"}],"version-history":[{"count":9,"href":"https:\/\/1001smiles.de\/en\/wp-json\/wp\/v2\/pages\/3831\/revisions"}],"predecessor-version":[{"id":4230,"href":"https:\/\/1001smiles.de\/en\/wp-json\/wp\/v2\/pages\/3831\/revisions\/4230"}],"up":[{"embeddable":true,"href":"https:\/\/1001smiles.de\/en\/wp-json\/wp\/v2\/pages\/2711"}],"wp:attachment":[{"href":"https:\/\/1001smiles.de\/en\/wp-json\/wp\/v2\/media?parent=3831"}],"curies":[{"name":"wp","href":"https:\/\/api.w.org\/{rel}","templated":true}]}}