{"id":3897,"date":"2025-12-13T02:57:29","date_gmt":"2025-12-13T01:57:29","guid":{"rendered":"https:\/\/1001smiles.de\/?page_id=3897"},"modified":"2026-01-16T02:29:03","modified_gmt":"2026-01-16T01:29:03","slug":"020-plutozeichen","status":"publish","type":"page","link":"https:\/\/1001smiles.de\/en\/videos\/vorbereitungsphase\/020-plutozeichen\/","title":{"rendered":"020 Plutozeichen"},"content":{"rendered":"\n<p>In diesem Video erf\u00e4hrst du, wie du dein Plutozeichen in deinem Horoskop findest, wie es zustande kommt und was es bedeutet.<\/p>\n\n\n\n<div style=\"position: relative; width: 100%; padding-bottom: 56.25%; height: 0; overflow: hidden;\">\n  <iframe src=\"https:\/\/odysee.com\/%24\/embed\/%401001smiles%3A8%2F20VideoDE%3Af?r=AW1FJrjprJEKGzJVEWQG5sWTGMHyjedp\" \n          style=\"position: absolute; top: 0; left: 0; width: 100%; height: 100%; border: 0;\" \n          allowfullscreen>\n  <\/iframe>\n<\/div>\n\n\n\n<div style=\"margin-top:2rem; display:flex; justify-content:space-between;\">\n  <a href=\"https:\/\/1001smiles.de\/videos\/vorbereitungsphase\/019-neptunzeichen\/\" class=\"button-zurueck\">\u2190 Zur\u00fcck: Dein Neptunzeichen im Tierkreis<\/a>\n  <a href=\"https:\/\/1001smiles.de\/videos\/vorbereitungsphase\/021-planetenverbindungen-aspekte\/\" class=\"button-weiter\">Weiter: Die Planetenverbindungen (Aspekte) \u2192<\/a>\n<\/div>\n\n\n\n<div style=\"height:24px\" aria-hidden=\"true\" class=\"wp-block-spacer\"><\/div>\n\n\n\n<hr class=\"wp-block-separator has-alpha-channel-opacity\"\/>\n\n\n\n<div style=\"height:26px\" aria-hidden=\"true\" class=\"wp-block-spacer\"><\/div>\n\n\n\n<p>\u2605 Hier geht\u2019s zur Folge 15 \u2013 &#8222;Dein Marszeichen im Horoskop&#8220;, in der es unter anderem um Energieverlust geht:<br>\u2794 <a href=\"https:\/\/1001smiles.de\/videos\/vorbereitungsphase\/015-marszeichen\/\" target=\"_blank\" rel=\"noreferrer noopener\">https:\/\/1001smiles.de\/videos\/vorbereitungsphase\/015-marszeichen\/<\/a><\/p>\n\n\n\n<p>\u2605 Hier geht\u2019s zum Zwillingsseelenvideo, Folge 10:<br>\u2794 <a href=\"https:\/\/1001smiles.de\/videos\/vorbereitungsphase\/zwillingseelen-gegensaetze\/\" target=\"_blank\" rel=\"noreferrer noopener\">https:\/\/1001smiles.de\/videos\/vorbereitungsphase\/zwillingseelen-gegensaetze\/<\/a><\/p>\n\n\n\n<p>\u2605 Hier das &#8222;Gratis Horoskop Erstellen&#8220; Video, indem ich mit dir gemeinsam dein Geburtshoroskop erstellen lasse (kostenlos):<br>\u2794 <a href=\"https:\/\/1001smiles.de\/videos\/vorbereitungsphase\/003-horoskop-erstellen\/\" target=\"_blank\" rel=\"noreferrer noopener\">https:\/\/1001smiles.de\/videos\/vorbereitungsphase\/003-horoskop-erstellen\/<\/a><\/p>\n\n\n\n<p>\u2605 Lade dir hier alle 10 Planetenzeichen-Bedeutungslisten (inklusive der Plutoliste) + der neuen wei\u00dfen Liste zum selber Eintragen herunter:<br>\u2794 <a href=\"https:\/\/1001smiles.de\/planetenzeichen-listen-2\/\" target=\"_blank\" rel=\"noreferrer noopener\">https:\/\/1001smiles.de\/planetenzeichen-listen-2\/<\/a><\/p>\n\n\n\n<p>\u2605 Hier geht\u2019s zu den zus\u00e4ztlichen Bedeutungen auf meiner Webseite:<br>\u2794 <a href=\"https:\/\/1001smiles.de\/planetenzeichen-bedeutungen\/\" target=\"_blank\" rel=\"noreferrer noopener\">https:\/\/1001smiles.de\/planetenzeichen-bedeutungen\/<\/a><\/p>\n\n\n\n<p>&#x2728; Inhalte dieses Videos:<br>00:00 \u2013 Einf\u00fchrung + Plutogeschichte<br>14:33 \u2013 Neues Blanko-Planetenzeichenblatt<br>19:24 \u2013 Pluto in den Tierkreiszeichen<br>20:05 \u2013 Plutozeichen Widder<br>22:43 \u2013 Plutozeichen Stier<br>25:57 \u2013 Plutozeichen Zwillinge<br>27:36 \u2013 Plutozeichen Krebs<br>30:08 \u2013 Plutozeichen L\u00f6we<br>31:43 \u2013 Plutozeichen Jungfrau<br>34:43 \u2013 Plutozeichen Waage<br>35:58 \u2013 Plutozeichen Skorpion<br>40:14 \u2013 Plutozeichen Sch\u00fctze<br>43:22 \u2013 Plutozeichen Steinbock<br>44:54 \u2013 Plutozeichen Wassermann<br>46:38 \u2013 Plutozeichen Fische<br>48:47 \u2013 Vorschau auf die n\u00e4chste Folge<\/p>\n\n\n\n<p>\u2605 Du bist neu hier? Starte mit Folge 1 des Astrologiekurses:<br>\u2794 <a href=\"https:\/\/1001smiles.de\/videos\/vorbereitungsphase\/001-intro-video\/\" target=\"_blank\" rel=\"noreferrer noopener\">Erste Folge<\/a><\/p>\n\n\n\n<p>\u2605 Du m\u00f6chstest tiefer einsteigen? Hier findest du unter anderem die Astro-Basis-Sets:<br>\u2794 <a href=\"https:\/\/1001smiles.de\/shop\/\" target=\"_blank\" rel=\"noreferrer noopener\">https:\/\/1001smiles.de\/shop\/<\/a><\/p>\n\n\n\n<div style=\"height:45px\" aria-hidden=\"true\" class=\"wp-block-spacer\"><\/div>\n\n\n\n<hr class=\"wp-block-separator has-alpha-channel-opacity\"\/>\n\n\n\n<p><strong>Wenn dich diese Themen weiter begleiten sollen:<\/strong> Der Newsletter informiert dich \u00fcber neue Artikel, Videos und Materialien.<\/p>\n\n\n<div style=\"padding:20px;text-align:center\">\n<p><strong>NEWSLETTER<\/strong> <strong>ABBONIEREN<\/strong><\/p>\n<div><div class='fluentform ff-default fluentform_wrapper_6 ffs_default_wrap'><form data-form_id=\"6\" id=\"fluentform_6\" class=\"frm-fluent-form fluent_form_6 ff-el-form-top ff_form_instance_6_1 ff-form-loading ffs_default\" data-form_instance=\"ff_form_instance_6_1\" method=\"POST\" ><fieldset  style=\"border: none!important;margin: 0!important;padding: 0!important;background-color: transparent!important;box-shadow: none!important;outline: none!important; min-inline-size: 100%;\">\n                    <legend class=\"ff_screen_reader_title\" style=\"display: block; margin: 0!important;padding: 0!important;height: 0!important;text-indent: -999999px;width: 0!important;overflow:hidden;\">Newsletter Form New<\/legend><input type='hidden' name='__fluent_form_embded_post_id' value='3897' \/><input type=\"hidden\" id=\"_fluentform_6_fluentformnonce\" name=\"_fluentform_6_fluentformnonce\" value=\"992d91f5c4\" \/><input type=\"hidden\" name=\"_wp_http_referer\" value=\"\/en\/wp-json\/wp\/v2\/pages\/3897\" \/><div class='ff-el-group'><div class=\"ff-el-input--label ff-el-is-required asterisk-right\"><label   aria-label=\"In welcher Sprache m\u00f6chtest du den Newsletter erhalten?\">In welcher Sprache m\u00f6chtest du den Newsletter erhalten?<\/label><\/div><div class='ff-el-input--content'><div class='ff-el-form-check ff-el-form-check-'><label class='ff-el-form-check-label' for='input_radio_76bf56a39e293012cb081d8faa8bad34'><input  type=\"radio\" name=\"input_radio\" data-name=\"input_radio\" class=\"ff-el-form-check-input ff-el-form-check-radio\" value=\"In deutscher Sprache\"  id='input_radio_76bf56a39e293012cb081d8faa8bad34' aria-label='In deutscher Sprache' aria-invalid='false' aria-required=true> <span>In deutscher Sprache<\/span><\/label><\/div><div class='ff-el-form-check ff-el-form-check-'><label class='ff-el-form-check-label' for='input_radio_c00691d2beb5fe452d4f550ee1707730'><input  type=\"radio\" name=\"input_radio\" data-name=\"input_radio\" class=\"ff-el-form-check-input ff-el-form-check-radio\" value=\"In englischer Sprache\"  id='input_radio_c00691d2beb5fe452d4f550ee1707730' aria-label='In englischer Sprache' aria-invalid='false' aria-required=true> <span>In englischer Sprache<\/span><\/label><\/div><\/div><\/div><div data-type=\"name-element\" data-name=\"names\" class=\" ff-field_container ff-name-field-wrapper\" ><div class='ff-t-container'><div class='ff-t-cell '><div class='ff-el-group'><div class=\"ff-el-input--label ff-el-is-required asterisk-right\"><label for='ff_6_names_first_name_' id='label_ff_6_names_first_name_' >Vorname<\/label><\/div><div class='ff-el-input--content'><input type=\"text\" name=\"names[first_name]\" id=\"ff_6_names_first_name_\" class=\"ff-el-form-control\" placeholder=\"Wie hei\u00dft Du?\" aria-invalid=\"false\" aria-required=true><\/div><\/div><\/div><\/div><\/div><div class='ff-el-group'><div class=\"ff-el-input--label ff-el-is-required asterisk-right\"><label for='ff_6_email' id='label_ff_6_email' aria-label=\"E-Mail\">E-Mail<\/label><\/div><div class='ff-el-input--content'><input type=\"email\" name=\"email\" id=\"ff_6_email\" class=\"ff-el-form-control\" placeholder=\"E-Mail-Adresse\" data-name=\"email\"  aria-invalid=\"false\" aria-required=true><\/div><\/div><div class='ff-el-group    ff-el-input--content'><div class='ff-el-form-check ff-el-tc'><label aria-label='Terms and Conditions: Ich bin damit einverstanden, dass meine Daten gem\u00e4\u00df der Datenschutzerkl\u00e4rung verarbeitet und f\u00fcr den Versand des Newsletters genutzt werden. Contains 1 link. Use tab navigation to review.' class='ff-el-form-check-label ff_tc_label' for=gdpr-agreement_175f5bd15a5e0c1594ef017617ff2f1b><span class='ff_tc_checkbox'><input type=\"checkbox\" name=\"gdpr-agreement\" class=\"ff-el-form-check-input ff_gdpr_field\" data-name=\"gdpr-agreement\" id=\"gdpr-agreement_175f5bd15a5e0c1594ef017617ff2f1b\"  value='on' aria-invalid='false' aria-required=true><\/span> <div class='ff_t_c'>Ich bin damit einverstanden, dass meine Daten gem\u00e4\u00df der <a rel=\"noopener\" href=\"https:\/\/1001smiles.de\/datenschutzerklaerung\/\" target=\"_blank\">Datenschutzerkl\u00e4rung<\/a> verarbeitet und f\u00fcr den Versand des Newsletters genutzt werden.<\/div><\/label><\/div><\/div><div class='ff-el-group ff-text-center ff_submit_btn_wrapper'><button type=\"submit\" class=\"ff-btn ff-btn-submit ff-btn-md ff_btn_style\"  aria-label=\"Abbonieren\">Abbonieren<\/button><\/div><\/fieldset><\/form><div id='fluentform_6_errors' class='ff-errors-in-stack ff_form_instance_6_1 ff-form-loading_errors ff_form_instance_6_1_errors'><\/div><\/div>            <script type=\"text\/javascript\">\n                window.fluent_form_ff_form_instance_6_1 = {\"id\":\"6\",\"settings\":{\"layout\":{\"labelPlacement\":\"top\",\"asteriskPlacement\":\"asterisk-right\",\"helpMessagePlacement\":\"with_label\",\"errorMessagePlacement\":\"inline\",\"cssClassName\":\"\"},\"restrictions\":{\"denyEmptySubmission\":{\"enabled\":false}}},\"form_instance\":\"ff_form_instance_6_1\",\"form_id_selector\":\"fluentform_6\",\"rules\":{\"input_radio\":{\"required\":{\"value\":true,\"message\":\"This field is required\",\"global_message\":\"Dieses Feld ist erforderlich\",\"global\":true}},\"names[first_name]\":{\"required\":{\"value\":true,\"message\":\"This field is required\",\"global_message\":\"Dieses Feld ist erforderlich\",\"global\":true}},\"names[middle_name]\":{\"required\":{\"value\":false,\"message\":\"This field is required\",\"global_message\":\"Dieses Feld ist erforderlich\",\"global\":true}},\"names[last_name]\":{\"required\":{\"value\":false,\"message\":\"This field is required\",\"global_message\":\"Dieses Feld ist erforderlich\",\"global\":true}},\"email\":{\"required\":{\"value\":true,\"message\":\"This field is required\",\"global_message\":\"Dieses Feld ist erforderlich\",\"global\":true},\"email\":{\"value\":true,\"message\":\"This field must contain a valid email\",\"global_message\":\"Dieses Feld muss eine g\\u00fcltige E-Mail-Adresse enthalten\",\"global\":true}},\"gdpr-agreement\":{\"required\":{\"value\":true,\"message\":\"Dieses Feld ist erforderlich\",\"global_message\":\"Dieses Feld ist erforderlich\",\"global\":false}}},\"debounce_time\":300};\n                            <\/script>\n            <\/div>\n<\/div>\n\n\n\n<script type=\"application\/ld+json\">\n{\n  \"@context\": \"https:\/\/schema.org\",\n  \"@type\": \"VideoObject\",\n  \"name\": \"20 \u2013 Dein Plutozeichen im Horoskop \u2013 Bedeutung & wie du es findest\",\n  \"description\": \"In diesem Video erf\u00e4hrst du, wie du dein Plutozeichen in deinem Horoskop findest, wie es zustande kommt und was es bedeutet.\",\n  \"thumbnailUrl\": \"https:\/\/1001smiles.de\/media\/2025\/12\/20ThumbDE.png\",\n  \"uploadDate\": \"2025-11-01T12:00:00+02:00\",\n  \"contentUrl\": \"https:\/\/1001smiles.de\/videos\/vorbereitungsphase\/020-plutozeichen\/\",\n  \"embedUrl\": \"https:\/\/www.youtube.com\/watch?v=spji-ceW-gg&list=PLN1EgfiDDm1YT3n13RWAzdmoIPYde_dwH&index=22\",\n  \"publisher\": {\n    \"@type\": \"Organization\",\n    \"name\": \"1001smiles\",\n    \"logo\": {\n      \"@type\": \"ImageObject\",\n      \"url\": \"https:\/\/1001smiles.de\/media\/2024\/09\/1001-SMILES-Iconlogo-300x300px.png\"\n    }\n  }\n}\n<\/script>\n\n\n\n<p><\/p>\n","protected":false},"excerpt":{"rendered":"<p>In diesem Video erf\u00e4hrst du, wie du dein Plutozeichen in deinem Horoskop findest, wie es zustande kommt und was es bedeutet. \u2190 Zur\u00fcck: Dein Neptunzeichen im Tierkreis Weiter: Die Planetenverbindungen (Aspekte) \u2192 \u2605 Hier geht\u2019s zur Folge 15 \u2013 &#8222;Dein Marszeichen im Horoskop&#8220;, in der es unter anderem um Energieverlust geht:\u2794 https:\/\/1001smiles.de\/videos\/vorbereitungsphase\/015-marszeichen\/ \u2605 Hier geht\u2019s [&hellip;]<\/p>\n","protected":false},"author":2,"featured_media":0,"parent":2711,"menu_order":0,"comment_status":"open","ping_status":"closed","template":"","meta":{"footnotes":""},"class_list":["post-3897","page","type-page","status-publish","hentry"],"_links":{"self":[{"href":"https:\/\/1001smiles.de\/en\/wp-json\/wp\/v2\/pages\/3897","targetHints":{"allow":["GET"]}}],"collection":[{"href":"https:\/\/1001smiles.de\/en\/wp-json\/wp\/v2\/pages"}],"about":[{"href":"https:\/\/1001smiles.de\/en\/wp-json\/wp\/v2\/types\/page"}],"author":[{"embeddable":true,"href":"https:\/\/1001smiles.de\/en\/wp-json\/wp\/v2\/users\/2"}],"replies":[{"embeddable":true,"href":"https:\/\/1001smiles.de\/en\/wp-json\/wp\/v2\/comments?post=3897"}],"version-history":[{"count":7,"href":"https:\/\/1001smiles.de\/en\/wp-json\/wp\/v2\/pages\/3897\/revisions"}],"predecessor-version":[{"id":4229,"href":"https:\/\/1001smiles.de\/en\/wp-json\/wp\/v2\/pages\/3897\/revisions\/4229"}],"up":[{"embeddable":true,"href":"https:\/\/1001smiles.de\/en\/wp-json\/wp\/v2\/pages\/2711"}],"wp:attachment":[{"href":"https:\/\/1001smiles.de\/en\/wp-json\/wp\/v2\/media?parent=3897"}],"curies":[{"name":"wp","href":"https:\/\/api.w.org\/{rel}","templated":true}]}}