{"id":3958,"date":"2025-12-27T19:58:18","date_gmt":"2025-12-27T18:58:18","guid":{"rendered":"https:\/\/1001smiles.de\/?page_id=3958"},"modified":"2026-01-16T02:16:36","modified_gmt":"2026-01-16T01:16:36","slug":"021-planetenverbindungen-aspekte","status":"publish","type":"page","link":"https:\/\/1001smiles.de\/en\/videos\/vorbereitungsphase\/021-planetenverbindungen-aspekte\/","title":{"rendered":"021 Planetenverbindungen (Aspekte)"},"content":{"rendered":"\n<p>Das Thema \u00fcber die 5 Hauptaspekte der antiken Astrologie ist die Folge 21 meines antiken Astrologiekurses. Hier gehen wir auf deren Bedeutungen ein und werfen auch einen Blick auf den neu erfundenen, beim Patentamt gesch\u00fctzten Astro-Detektor, der die planetarischen Verbindungen einfach und visuell klar auf Horoskopen darstellt.<\/p>\n\n\n\n<div style=\"position: relative; width: 100%; padding-bottom: 56.25%; height: 0; overflow: hidden;\">\n  <iframe src=\"https:\/\/odysee.com\/%24\/embed\/%401001smiles%3A8%2F21Video-DE%3Ad?r=AW1FJrjprJEKGzJVEWQG5sWTGMHyjedp\" \n          style=\"position: absolute; top: 0; left: 0; width: 100%; height: 100%; border: 0;\" \n          allowfullscreen>\n  <\/iframe>\n<\/div>\n\n\n\n<div style=\"margin-top:2rem; display:flex; justify-content:space-between;\">\n  <a href=\"https:\/\/1001smiles.de\/videos\/vorbereitungsphase\/020-plutozeichen\/\" class=\"button-zurueck\">\u2190 Zur\u00fcck: Dein Plutozeichen im Tierkreis<\/a>\n  <a href=\"https:\/\/1001smiles.de\/videos\/vorbereitungsphase\/022-antike-haeuser-astrologische-achsen\/\" class=\"button-weiter\">Weiter: Antike H\u00e4user &#038; Astrologische Achsen \u2192<\/a>\n<\/div>\n\n\n\n<div style=\"height:24px\" aria-hidden=\"true\" class=\"wp-block-spacer\"><\/div>\n\n\n\n<hr class=\"wp-block-separator has-alpha-channel-opacity\"\/>\n\n\n\n<div style=\"height:26px\" aria-hidden=\"true\" class=\"wp-block-spacer\"><\/div>\n\n\n\n<p>&#x2728; Inhalte dieses Videos:<br>00:00 \u2013 Einf\u00fchrung<br>02:15 \u2013 Die Konjunktion<br>09:14 \u2013 Das Sextil<br>14:10 \u2013 Das Quadrat<br>21:29 \u2013 Das Trigon<br>26:16 \u2013 Die Opposition<br>34:50 \u2013 Schlusswort<br>36:07 \u2013 Vorschau auf die n\u00e4chste Folge<\/p>\n\n\n\n<p>\u2605 Hier findest du alle Einsteiger Astro-Sets mit dem Astro-Detektor:<br>\u2794 <a href=\"https:\/\/1001smiles.de\/shop\/\" target=\"_blank\" rel=\"noreferrer noopener\">https:\/\/1001smiles.de\/shop\/<\/a><\/p>\n\n\n\n<p>\u2605 Hier das Marsvideo (Folge 15) mit dem Magnetbeispiel:<br>\u2794 <a href=\"https:\/\/1001smiles.de\/videos\/vorbereitungsphase\/015-marszeichen\/\" target=\"_blank\" rel=\"noreferrer noopener\">https:\/\/1001smiles.de\/videos\/vorbereitungsphase\/015-marszeichen\/<\/a><\/p>\n\n\n\n<p>\u2605 Du bist neu hier? Starte mit Folge 1 des Astrologiekurses:<br>\u2794 <a href=\"https:\/\/1001smiles.de\/videos\/vorbereitungsphase\/001-intro-video\/\" target=\"_blank\" rel=\"noreferrer noopener\">Erste Folge<\/a><\/p>\n\n\n\n<div style=\"height:45px\" aria-hidden=\"true\" class=\"wp-block-spacer\"><\/div>\n\n\n\n<hr class=\"wp-block-separator has-alpha-channel-opacity\"\/>\n\n\n\n<p><strong>Wenn dich diese Themen weiter begleiten sollen:<\/strong> Der Newsletter informiert dich \u00fcber neue Artikel, Videos und Materialien.<\/p>\n\n\n<div style=\"padding:20px;text-align:center\">\n<p><strong>NEWSLETTER<\/strong> <strong>ABBONIEREN<\/strong><\/p>\n<div><div class='fluentform ff-default fluentform_wrapper_6 ffs_default_wrap'><form data-form_id=\"6\" id=\"fluentform_6\" class=\"frm-fluent-form fluent_form_6 ff-el-form-top ff_form_instance_6_1 ff-form-loading ffs_default\" data-form_instance=\"ff_form_instance_6_1\" method=\"POST\" ><fieldset  style=\"border: none!important;margin: 0!important;padding: 0!important;background-color: transparent!important;box-shadow: none!important;outline: none!important; min-inline-size: 100%;\">\n                    <legend class=\"ff_screen_reader_title\" style=\"display: block; margin: 0!important;padding: 0!important;height: 0!important;text-indent: -999999px;width: 0!important;overflow:hidden;\">Newsletter Form New<\/legend><input type='hidden' name='__fluent_form_embded_post_id' value='3958' \/><input type=\"hidden\" id=\"_fluentform_6_fluentformnonce\" name=\"_fluentform_6_fluentformnonce\" value=\"992d91f5c4\" \/><input type=\"hidden\" name=\"_wp_http_referer\" value=\"\/en\/wp-json\/wp\/v2\/pages\/3958\" \/><div class='ff-el-group'><div class=\"ff-el-input--label ff-el-is-required asterisk-right\"><label   aria-label=\"In welcher Sprache m\u00f6chtest du den Newsletter erhalten?\">In welcher Sprache m\u00f6chtest du den Newsletter erhalten?<\/label><\/div><div class='ff-el-input--content'><div class='ff-el-form-check ff-el-form-check-'><label class='ff-el-form-check-label' for='input_radio_57d970d57035f39cb078d767952bd7af'><input  type=\"radio\" name=\"input_radio\" data-name=\"input_radio\" class=\"ff-el-form-check-input ff-el-form-check-radio\" value=\"In deutscher Sprache\"  id='input_radio_57d970d57035f39cb078d767952bd7af' aria-label='In deutscher Sprache' aria-invalid='false' aria-required=true> <span>In deutscher Sprache<\/span><\/label><\/div><div class='ff-el-form-check ff-el-form-check-'><label class='ff-el-form-check-label' for='input_radio_ee11566fde4208050abdc115d42202e7'><input  type=\"radio\" name=\"input_radio\" data-name=\"input_radio\" class=\"ff-el-form-check-input ff-el-form-check-radio\" value=\"In englischer Sprache\"  id='input_radio_ee11566fde4208050abdc115d42202e7' aria-label='In englischer Sprache' aria-invalid='false' aria-required=true> <span>In englischer Sprache<\/span><\/label><\/div><\/div><\/div><div data-type=\"name-element\" data-name=\"names\" class=\" ff-field_container ff-name-field-wrapper\" ><div class='ff-t-container'><div class='ff-t-cell '><div class='ff-el-group'><div class=\"ff-el-input--label ff-el-is-required asterisk-right\"><label for='ff_6_names_first_name_' id='label_ff_6_names_first_name_' >Vorname<\/label><\/div><div class='ff-el-input--content'><input type=\"text\" name=\"names[first_name]\" id=\"ff_6_names_first_name_\" class=\"ff-el-form-control\" placeholder=\"Wie hei\u00dft Du?\" aria-invalid=\"false\" aria-required=true><\/div><\/div><\/div><\/div><\/div><div class='ff-el-group'><div class=\"ff-el-input--label ff-el-is-required asterisk-right\"><label for='ff_6_email' id='label_ff_6_email' aria-label=\"E-Mail\">E-Mail<\/label><\/div><div class='ff-el-input--content'><input type=\"email\" name=\"email\" id=\"ff_6_email\" class=\"ff-el-form-control\" placeholder=\"E-Mail-Adresse\" data-name=\"email\"  aria-invalid=\"false\" aria-required=true><\/div><\/div><div class='ff-el-group    ff-el-input--content'><div class='ff-el-form-check ff-el-tc'><label aria-label='Terms and Conditions: Ich bin damit einverstanden, dass meine Daten gem\u00e4\u00df der Datenschutzerkl\u00e4rung verarbeitet und f\u00fcr den Versand des Newsletters genutzt werden. Contains 1 link. Use tab navigation to review.' class='ff-el-form-check-label ff_tc_label' for=gdpr-agreement_05a2d2feb0cb0766afdaa873fc867088><span class='ff_tc_checkbox'><input type=\"checkbox\" name=\"gdpr-agreement\" class=\"ff-el-form-check-input ff_gdpr_field\" data-name=\"gdpr-agreement\" id=\"gdpr-agreement_05a2d2feb0cb0766afdaa873fc867088\"  value='on' aria-invalid='false' aria-required=true><\/span> <div class='ff_t_c'>Ich bin damit einverstanden, dass meine Daten gem\u00e4\u00df der <a rel=\"noopener\" href=\"https:\/\/1001smiles.de\/datenschutzerklaerung\/\" target=\"_blank\">Datenschutzerkl\u00e4rung<\/a> verarbeitet und f\u00fcr den Versand des Newsletters genutzt werden.<\/div><\/label><\/div><\/div><div class='ff-el-group ff-text-center ff_submit_btn_wrapper'><button type=\"submit\" class=\"ff-btn ff-btn-submit ff-btn-md ff_btn_style\"  aria-label=\"Abbonieren\">Abbonieren<\/button><\/div><\/fieldset><\/form><div id='fluentform_6_errors' class='ff-errors-in-stack ff_form_instance_6_1 ff-form-loading_errors ff_form_instance_6_1_errors'><\/div><\/div>            <script type=\"text\/javascript\">\n                window.fluent_form_ff_form_instance_6_1 = {\"id\":\"6\",\"settings\":{\"layout\":{\"labelPlacement\":\"top\",\"asteriskPlacement\":\"asterisk-right\",\"helpMessagePlacement\":\"with_label\",\"errorMessagePlacement\":\"inline\",\"cssClassName\":\"\"},\"restrictions\":{\"denyEmptySubmission\":{\"enabled\":false}}},\"form_instance\":\"ff_form_instance_6_1\",\"form_id_selector\":\"fluentform_6\",\"rules\":{\"input_radio\":{\"required\":{\"value\":true,\"message\":\"This field is required\",\"global_message\":\"Dieses Feld ist erforderlich\",\"global\":true}},\"names[first_name]\":{\"required\":{\"value\":true,\"message\":\"This field is required\",\"global_message\":\"Dieses Feld ist erforderlich\",\"global\":true}},\"names[middle_name]\":{\"required\":{\"value\":false,\"message\":\"This field is required\",\"global_message\":\"Dieses Feld ist erforderlich\",\"global\":true}},\"names[last_name]\":{\"required\":{\"value\":false,\"message\":\"This field is required\",\"global_message\":\"Dieses Feld ist erforderlich\",\"global\":true}},\"email\":{\"required\":{\"value\":true,\"message\":\"This field is required\",\"global_message\":\"Dieses Feld ist erforderlich\",\"global\":true},\"email\":{\"value\":true,\"message\":\"This field must contain a valid email\",\"global_message\":\"Dieses Feld muss eine g\\u00fcltige E-Mail-Adresse enthalten\",\"global\":true}},\"gdpr-agreement\":{\"required\":{\"value\":true,\"message\":\"Dieses Feld ist erforderlich\",\"global_message\":\"Dieses Feld ist erforderlich\",\"global\":false}}},\"debounce_time\":300};\n                            <\/script>\n            <\/div>\n<\/div>\n\n\n\n<script type=\"application\/ld+json\">\n{\n  \"@context\": \"https:\/\/schema.org\",\n  \"@type\": \"VideoObject\",\n  \"name\": \"Die 5 kosmischen Verbindungen \u2013 und wie sie in dir wirken\",\n  \"description\": \"In diesem Video werden dir supereinfach die 5 Hauptplanetenverbindungen der antiken Astrologie erkl\u00e4rt und wie sie in dir wirken.\",\n  \"thumbnailUrl\": \"https:\/\/1001smiles.de\/media\/2025\/12\/ThumbDE.png\",\n  \"uploadDate\": \"2025-11-01T12:00:00+02:00\",\n  \"contentUrl\": \"https:\/\/1001smiles.de\/videos\/vorbereitungsphase\/021-planetenverbindungen-aspekte\/\",\n  \"embedUrl\": \"https:\/\/www.youtube.com\/watch?v=spji-ceW-gg&list=PLN1EgfiDDm1YT3n13RWAzdmoIPYde_dwH&index=22\",\n  \"publisher\": {\n    \"@type\": \"Organization\",\n    \"name\": \"1001smiles\",\n    \"logo\": {\n      \"@type\": \"ImageObject\",\n      \"url\": \"https:\/\/1001smiles.de\/media\/2024\/09\/1001-SMILES-Iconlogo-300x300px.png\"\n    }\n  }\n}\n<\/script>\n\n\n\n<p><\/p>\n","protected":false},"excerpt":{"rendered":"<p>Das Thema \u00fcber die 5 Hauptaspekte der antiken Astrologie ist die Folge 21 meines antiken Astrologiekurses. Hier gehen wir auf deren Bedeutungen ein und werfen auch einen Blick auf den neu erfundenen, beim Patentamt gesch\u00fctzten Astro-Detektor, der die planetarischen Verbindungen einfach und visuell klar auf Horoskopen darstellt. \u2190 Zur\u00fcck: Dein Plutozeichen im Tierkreis Weiter: Antike [&hellip;]<\/p>\n","protected":false},"author":2,"featured_media":0,"parent":2711,"menu_order":0,"comment_status":"open","ping_status":"closed","template":"","meta":{"footnotes":""},"class_list":["post-3958","page","type-page","status-publish","hentry"],"_links":{"self":[{"href":"https:\/\/1001smiles.de\/en\/wp-json\/wp\/v2\/pages\/3958","targetHints":{"allow":["GET"]}}],"collection":[{"href":"https:\/\/1001smiles.de\/en\/wp-json\/wp\/v2\/pages"}],"about":[{"href":"https:\/\/1001smiles.de\/en\/wp-json\/wp\/v2\/types\/page"}],"author":[{"embeddable":true,"href":"https:\/\/1001smiles.de\/en\/wp-json\/wp\/v2\/users\/2"}],"replies":[{"embeddable":true,"href":"https:\/\/1001smiles.de\/en\/wp-json\/wp\/v2\/comments?post=3958"}],"version-history":[{"count":13,"href":"https:\/\/1001smiles.de\/en\/wp-json\/wp\/v2\/pages\/3958\/revisions"}],"predecessor-version":[{"id":4227,"href":"https:\/\/1001smiles.de\/en\/wp-json\/wp\/v2\/pages\/3958\/revisions\/4227"}],"up":[{"embeddable":true,"href":"https:\/\/1001smiles.de\/en\/wp-json\/wp\/v2\/pages\/2711"}],"wp:attachment":[{"href":"https:\/\/1001smiles.de\/en\/wp-json\/wp\/v2\/media?parent=3958"}],"curies":[{"name":"wp","href":"https:\/\/api.w.org\/{rel}","templated":true}]}}