{"id":4093,"date":"2026-01-09T01:54:42","date_gmt":"2026-01-09T00:54:42","guid":{"rendered":"https:\/\/1001smiles.de\/?page_id=4093"},"modified":"2026-02-07T21:22:27","modified_gmt":"2026-02-07T20:22:27","slug":"022-antike-haeuser-astrologische-achsen","status":"publish","type":"page","link":"https:\/\/1001smiles.de\/en\/videos\/vorbereitungsphase\/022-antike-haeuser-astrologische-achsen\/","title":{"rendered":"022 Antike H\u00e4user &amp; Astrologische Achsen"},"content":{"rendered":"\n<p>In dieser Folge dreht sich alles um den Aszendenten (AC) \u2013 den Punkt, an dem dein individuelles Horoskop beginnt \u2013 sowie um seine drei \u201eKollegen\u201c MC, DC und IC. Au\u00dferdem erkl\u00e4re ich das antike H\u00e4usersystem, das wir hier k\u00fcnftig nutzen werden. Alles leicht und verst\u00e4ndlich erkl\u00e4rt, sodass du die Grundlagen auch ohne Vorwissen sofort nachvollziehen kannst.<\/p>\n\n\n\n<div style=\"position: relative; width: 100%; padding-bottom: 56.25%; height: 0; overflow: hidden;\">\n  <iframe src=\"https:\/\/odysee.com\/%24\/embed\/%401001smiles%3A8%2F22Video-DE%3A3?r=AW1FJrjprJEKGzJVEWQG5sWTGMHyjedp\" \n          style=\"position: absolute; top: 0; left: 0; width: 100%; height: 100%; border: 0;\" \n          allowfullscreen>\n  <\/iframe>\n<\/div>\n\n\n\n<div style=\"margin-top:2rem; display:flex; justify-content:space-between;\">\n  <a href=\"https:\/\/1001smiles.de\/videos\/vorbereitungsphase\/021-planetenverbindungen-aspekte\/\" class=\"button-zurueck\">\u2190 Zur\u00fcck: Die Planetenverbindungen<\/a>\n  <a href=\"https:\/\/1001smiles.de\/videos\/phase-1-mond\/23-mondtracking-die-grundlagen\/\" class=\"button-weiter\">Weiter: Mondtracking \u2013 Die Grundlagen \u2192<\/a>\n<\/div>\n\n\n\n<div style=\"height:24px\" aria-hidden=\"true\" class=\"wp-block-spacer\"><\/div>\n\n\n\n<hr class=\"wp-block-separator has-alpha-channel-opacity\"\/>\n\n\n\n<div style=\"height:26px\" aria-hidden=\"true\" class=\"wp-block-spacer\"><\/div>\n\n\n\n<p>&#x2728; Inhalte dieses Videos:<br>00:00 \u2013 Einf\u00fchrung<br>01:20 \u2013 Die astrologischen Achsen<br>08:07 \u2013 Bedeutung \u2013 Azendent (AC)<br>09:10 \u2013 Bedeutung \u2013 Medium Coeli (MC)<br>10:06 \u2013 Bedeutung \u2013 Deszendet (DC)<br>11:00 \u2013 Bedeutung \u2013 Imum Coeli (IC)<br>14:25 \u2013 Wie die kosmischen Einfl\u00fcsse auf uns wirken<br>24:46 \u2013 Das antike H\u00e4usersystem<br>29:01 \u2013 Das moderne H\u00e4usersystem<br>33:18 \u2013 Vorschau auf die n\u00e4chste Folge<\/p>\n\n\n\n<p>\u2605 Hier geht es zu meiner Homeseite, in der du die zus\u00e4tzlichen Kursmaterialien findest:<br>\u2794 <a href=\"https:\/\/1001smiles.de\/\" target=\"_blank\" rel=\"noreferrer noopener\">https:\/\/1001smiles.de\/<\/a><\/p>\n\n\n\n<p>\u2605 Hier findest du das Buch sowie die Astro-Starter-Sets:<br>\u2794 <a href=\"https:\/\/1001smiles.de\/shop\/\" target=\"_blank\" rel=\"noreferrer noopener\">https:\/\/1001smiles.de\/shop\/<\/a><\/p>\n\n\n\n<p>\u2605 Du bist neu hier? Starte hier mit dem Schnellstartvideo:<br>\u2794 <a href=\"https:\/\/1001smiles.de\/\" target=\"_blank\" rel=\"noreferrer noopener\">https:\/\/1001smiles.de\/<\/a><\/p>\n\n\n\n<hr class=\"wp-block-separator has-alpha-channel-opacity\"\/>\n\n\n\n<div style=\"height:14px\" aria-hidden=\"true\" class=\"wp-block-spacer\"><\/div>\n\n\n\n<p><strong>Facebook Gruppe zum Austausch:<\/strong><br> &#x1f517; <a href=\"https:\/\/www.facebook.com\/groups\/1226691612784437\" target=\"_blank\" rel=\"noreferrer noopener\">https:\/\/www.facebook.com\/groups\/1226691612784437<\/a><br><strong>Social Media Kan\u00e4le:<\/strong><br> &#x1f517; Facebook \u2794 <a href=\"https:\/\/www.facebook.com\/1001SMILESdesign\/\" target=\"_blank\" rel=\"noreferrer noopener\">https:\/\/www.facebook.com\/1001SMILESdesign\/<\/a><br> &#x1f517; Instagram \u2794 <a href=\"https:\/\/www.instagram.com\/1001.smiles\/\" target=\"_blank\" rel=\"noreferrer noopener\">https:\/\/www.instagram.com\/1001.smiles\/<\/a><br> &#x1f517; Telegram \u2794 <a href=\"https:\/\/t.me\/tausendundeinSMILES\" target=\"_blank\" rel=\"noreferrer noopener\">https:\/\/t.me\/tausendundeinSMILES<\/a><\/p>\n\n\n\n<div style=\"height:15px\" aria-hidden=\"true\" class=\"wp-block-spacer\"><\/div>\n\n\n\n<hr class=\"wp-block-separator has-alpha-channel-opacity\"\/>\n\n\n\n<p><strong>Wenn dich diese Themen weiter begleiten sollen:<\/strong> Der Newsletter informiert dich \u00fcber neue Artikel, Videos und Materialien.<\/p>\n\n\n<div style=\"padding:20px;text-align:center\">\n<p><strong>NEWSLETTER<\/strong> <strong>ABBONIEREN<\/strong><\/p>\n<div><div class='fluentform ff-default fluentform_wrapper_6 ffs_default_wrap'><form data-form_id=\"6\" id=\"fluentform_6\" class=\"frm-fluent-form fluent_form_6 ff-el-form-top ff_form_instance_6_1 ff-form-loading ffs_default\" data-form_instance=\"ff_form_instance_6_1\" method=\"POST\" ><fieldset  style=\"border: none!important;margin: 0!important;padding: 0!important;background-color: transparent!important;box-shadow: none!important;outline: none!important; min-inline-size: 100%;\">\n                    <legend class=\"ff_screen_reader_title\" style=\"display: block; margin: 0!important;padding: 0!important;height: 0!important;text-indent: -999999px;width: 0!important;overflow:hidden;\">Newsletter Form New<\/legend><input type='hidden' name='__fluent_form_embded_post_id' value='4093' \/><input type=\"hidden\" id=\"_fluentform_6_fluentformnonce\" name=\"_fluentform_6_fluentformnonce\" value=\"992d91f5c4\" \/><input type=\"hidden\" name=\"_wp_http_referer\" value=\"\/en\/wp-json\/wp\/v2\/pages\/4093\" \/><div class='ff-el-group'><div class=\"ff-el-input--label ff-el-is-required asterisk-right\"><label   aria-label=\"In welcher Sprache m\u00f6chtest du den Newsletter erhalten?\">In welcher Sprache m\u00f6chtest du den Newsletter erhalten?<\/label><\/div><div class='ff-el-input--content'><div class='ff-el-form-check ff-el-form-check-'><label class='ff-el-form-check-label' for='input_radio_02f91e4d85013a836f1bed614cf8d079'><input  type=\"radio\" name=\"input_radio\" data-name=\"input_radio\" class=\"ff-el-form-check-input ff-el-form-check-radio\" value=\"In deutscher Sprache\"  id='input_radio_02f91e4d85013a836f1bed614cf8d079' aria-label='In deutscher Sprache' aria-invalid='false' aria-required=true> <span>In deutscher Sprache<\/span><\/label><\/div><div class='ff-el-form-check ff-el-form-check-'><label class='ff-el-form-check-label' for='input_radio_0e0af07062f7a090a23ae432e887e759'><input  type=\"radio\" name=\"input_radio\" data-name=\"input_radio\" class=\"ff-el-form-check-input ff-el-form-check-radio\" value=\"In englischer Sprache\"  id='input_radio_0e0af07062f7a090a23ae432e887e759' aria-label='In englischer Sprache' aria-invalid='false' aria-required=true> <span>In englischer Sprache<\/span><\/label><\/div><\/div><\/div><div data-type=\"name-element\" data-name=\"names\" class=\" ff-field_container ff-name-field-wrapper\" ><div class='ff-t-container'><div class='ff-t-cell '><div class='ff-el-group'><div class=\"ff-el-input--label ff-el-is-required asterisk-right\"><label for='ff_6_names_first_name_' id='label_ff_6_names_first_name_' >Vorname<\/label><\/div><div class='ff-el-input--content'><input type=\"text\" name=\"names[first_name]\" id=\"ff_6_names_first_name_\" class=\"ff-el-form-control\" placeholder=\"Wie hei\u00dft Du?\" aria-invalid=\"false\" aria-required=true><\/div><\/div><\/div><\/div><\/div><div class='ff-el-group'><div class=\"ff-el-input--label ff-el-is-required asterisk-right\"><label for='ff_6_email' id='label_ff_6_email' aria-label=\"E-Mail\">E-Mail<\/label><\/div><div class='ff-el-input--content'><input type=\"email\" name=\"email\" id=\"ff_6_email\" class=\"ff-el-form-control\" placeholder=\"E-Mail-Adresse\" data-name=\"email\"  aria-invalid=\"false\" aria-required=true><\/div><\/div><div class='ff-el-group    ff-el-input--content'><div class='ff-el-form-check ff-el-tc'><label aria-label='Terms and Conditions: Ich bin damit einverstanden, dass meine Daten gem\u00e4\u00df der Datenschutzerkl\u00e4rung verarbeitet und f\u00fcr den Versand des Newsletters genutzt werden. Contains 1 link. Use tab navigation to review.' class='ff-el-form-check-label ff_tc_label' for=gdpr-agreement_67d33db5365769ea23ca3cbe0bfd9479><span class='ff_tc_checkbox'><input type=\"checkbox\" name=\"gdpr-agreement\" class=\"ff-el-form-check-input ff_gdpr_field\" data-name=\"gdpr-agreement\" id=\"gdpr-agreement_67d33db5365769ea23ca3cbe0bfd9479\"  value='on' aria-invalid='false' aria-required=true><\/span> <div class='ff_t_c'>Ich bin damit einverstanden, dass meine Daten gem\u00e4\u00df der <a rel=\"noopener\" href=\"https:\/\/1001smiles.de\/datenschutzerklaerung\/\" target=\"_blank\">Datenschutzerkl\u00e4rung<\/a> verarbeitet und f\u00fcr den Versand des Newsletters genutzt werden.<\/div><\/label><\/div><\/div><div class='ff-el-group ff-text-center ff_submit_btn_wrapper'><button type=\"submit\" class=\"ff-btn ff-btn-submit ff-btn-md ff_btn_style\"  aria-label=\"Abbonieren\">Abbonieren<\/button><\/div><\/fieldset><\/form><div id='fluentform_6_errors' class='ff-errors-in-stack ff_form_instance_6_1 ff-form-loading_errors ff_form_instance_6_1_errors'><\/div><\/div>            <script type=\"text\/javascript\">\n                window.fluent_form_ff_form_instance_6_1 = {\"id\":\"6\",\"settings\":{\"layout\":{\"labelPlacement\":\"top\",\"asteriskPlacement\":\"asterisk-right\",\"helpMessagePlacement\":\"with_label\",\"errorMessagePlacement\":\"inline\",\"cssClassName\":\"\"},\"restrictions\":{\"denyEmptySubmission\":{\"enabled\":false}}},\"form_instance\":\"ff_form_instance_6_1\",\"form_id_selector\":\"fluentform_6\",\"rules\":{\"input_radio\":{\"required\":{\"value\":true,\"message\":\"This field is required\",\"global_message\":\"Dieses Feld ist erforderlich\",\"global\":true}},\"names[first_name]\":{\"required\":{\"value\":true,\"message\":\"This field is required\",\"global_message\":\"Dieses Feld ist erforderlich\",\"global\":true}},\"names[middle_name]\":{\"required\":{\"value\":false,\"message\":\"This field is required\",\"global_message\":\"Dieses Feld ist erforderlich\",\"global\":true}},\"names[last_name]\":{\"required\":{\"value\":false,\"message\":\"This field is required\",\"global_message\":\"Dieses Feld ist erforderlich\",\"global\":true}},\"email\":{\"required\":{\"value\":true,\"message\":\"This field is required\",\"global_message\":\"Dieses Feld ist erforderlich\",\"global\":true},\"email\":{\"value\":true,\"message\":\"This field must contain a valid email\",\"global_message\":\"Dieses Feld muss eine g\\u00fcltige E-Mail-Adresse enthalten\",\"global\":true}},\"gdpr-agreement\":{\"required\":{\"value\":true,\"message\":\"Dieses Feld ist erforderlich\",\"global_message\":\"Dieses Feld ist erforderlich\",\"global\":false}}},\"debounce_time\":300};\n                            <\/script>\n            <\/div>\n<\/div>\n\n\n\n<script type=\"application\/ld+json\">\n{\n  \"@context\": \"https:\/\/schema.org\",\n  \"@type\": \"VideoObject\",\n  \"name\": \"Antike H\u00e4user & Astrologische Achsen supereleicht erkl\u00e4rt\",\n  \"description\": \"In dieser Folge dreht sich alles um den Aszendenten (AC) \u2013 den Punkt, an dem dein individuelles Horoskop beginnt \u2013 sowie um seine drei \u201eKollegen\u201c MC, DC und IC. Au\u00dferdem erkl\u00e4re ich das antike H\u00e4usersystem, das wir hier k\u00fcnftig nutzen werden.\",\n  \"thumbnailUrl\": \"https:\/\/1001smiles.de\/media\/2025\/12\/ThumbDE.png\",\n  \"uploadDate\": \"2025-11-01T12:00:00+02:00\",\n  \"contentUrl\": \"https:\/\/1001smiles.de\/videos\/vorbereitungsphase\/022-antike-haeuser-astrologische-achsen\/\",\n  \"embedUrl\": \"https:\/\/www.youtube.com\/watch?v=0PFYob3R1YE&list=PLN1EgfiDDm1YT3n13RWAzdmoIPYde_dwH&index=23\",\n  \"publisher\": {\n    \"@type\": \"Organization\",\n    \"name\": \"1001smiles\",\n    \"logo\": {\n      \"@type\": \"ImageObject\",\n      \"url\": \"https:\/\/1001smiles.de\/media\/2024\/09\/1001-SMILES-Iconlogo-300x300px.png\"\n    }\n  }\n}\n<\/script>\n\n\n\n<p><\/p>\n","protected":false},"excerpt":{"rendered":"<p>In dieser Folge dreht sich alles um den Aszendenten (AC) \u2013 den Punkt, an dem dein individuelles Horoskop beginnt \u2013 sowie um seine drei \u201eKollegen\u201c MC, DC und IC. Au\u00dferdem erkl\u00e4re ich das antike H\u00e4usersystem, das wir hier k\u00fcnftig nutzen werden. Alles leicht und verst\u00e4ndlich erkl\u00e4rt, sodass du die Grundlagen auch ohne Vorwissen sofort nachvollziehen [&hellip;]<\/p>\n","protected":false},"author":2,"featured_media":0,"parent":2711,"menu_order":0,"comment_status":"open","ping_status":"closed","template":"","meta":{"footnotes":""},"class_list":["post-4093","page","type-page","status-publish","hentry"],"_links":{"self":[{"href":"https:\/\/1001smiles.de\/en\/wp-json\/wp\/v2\/pages\/4093","targetHints":{"allow":["GET"]}}],"collection":[{"href":"https:\/\/1001smiles.de\/en\/wp-json\/wp\/v2\/pages"}],"about":[{"href":"https:\/\/1001smiles.de\/en\/wp-json\/wp\/v2\/types\/page"}],"author":[{"embeddable":true,"href":"https:\/\/1001smiles.de\/en\/wp-json\/wp\/v2\/users\/2"}],"replies":[{"embeddable":true,"href":"https:\/\/1001smiles.de\/en\/wp-json\/wp\/v2\/comments?post=4093"}],"version-history":[{"count":11,"href":"https:\/\/1001smiles.de\/en\/wp-json\/wp\/v2\/pages\/4093\/revisions"}],"predecessor-version":[{"id":4933,"href":"https:\/\/1001smiles.de\/en\/wp-json\/wp\/v2\/pages\/4093\/revisions\/4933"}],"up":[{"embeddable":true,"href":"https:\/\/1001smiles.de\/en\/wp-json\/wp\/v2\/pages\/2711"}],"wp:attachment":[{"href":"https:\/\/1001smiles.de\/en\/wp-json\/wp\/v2\/media?parent=4093"}],"curies":[{"name":"wp","href":"https:\/\/api.w.org\/{rel}","templated":true}]}}