{"id":4916,"date":"2026-02-07T20:48:36","date_gmt":"2026-02-07T19:48:36","guid":{"rendered":"https:\/\/1001smiles.de\/?page_id=4916"},"modified":"2026-02-08T22:25:35","modified_gmt":"2026-02-08T21:25:35","slug":"23-mondtracking-die-grundlagen","status":"publish","type":"page","link":"https:\/\/1001smiles.de\/en\/videos\/phase-1-mond\/23-mondtracking-die-grundlagen\/","title":{"rendered":"23 Mondtracking \u2013 Die Grundlagen"},"content":{"rendered":"\n<p>In diesem Video erkl\u00e4re ich praktisch wie die Mondpositionen in das Horoskop eingezeichnet werden sowie das tracken der Verbindungen mit anschlie\u00dfendem Eintrag in den Trackingkalender, damit man die eigenen Verbindungen im Alltag verfolgen kann.<\/p>\n\n\n\n<div style=\"position: relative; width: 100%; padding-bottom: 56.25%; height: 0; overflow: hidden;\">\n  <iframe src=\"https:\/\/odysee.com\/%24\/embed\/%401001smiles%3A8%2F23Video-DE%3A1?r=AW1FJrjprJEKGzJVEWQG5sWTGMHyjedp\" \n          style=\"position: absolute; top: 0; left: 0; width: 100%; height: 100%; border: 0;\" \n          allowfullscreen>\n  <\/iframe>\n<\/div>\n\n\n\n<div style=\"margin-top:2rem; display:flex; justify-content:space-between;\">\n  <a href=\"https:\/\/1001smiles.de\/videos\/vorbereitungsphase\/022-antike-haeuser-astrologische-achsen\/\" class=\"button-zurueck\">\u2190 Zur\u00fcck: Antike H\u00e4user &#038; Achsen<\/a>\n  <a href=\"https:\/\/1001smiles.de\/videos\/phase-1-mond\/23-mondtracking-die-grundlagen\/\" class=\"button-weiter\">Weiter: N\u00e4chstes Video erscheint in K\u00fcrze \u2192<\/a>\n<\/div>\n\n\n\n<div style=\"height:24px\" aria-hidden=\"true\" class=\"wp-block-spacer\"><\/div>\n\n\n\n<hr class=\"wp-block-separator has-alpha-channel-opacity\"\/>\n\n\n\n<div style=\"height:26px\" aria-hidden=\"true\" class=\"wp-block-spacer\"><\/div>\n\n\n\n<p>Du brauchst dazu:<br> &#8211; Dein Horoskop (wenn du noch keins hast, das Schnellstart Video ist weiter unten verlinkt)<br> &#8211; Ein Astro Set (wenn du noch keins hast, die Astro-Sets sind weiter unten verlinkt)<br> &#8211; Stift und Lineal<\/p>\n\n\n\n<div style=\"height:14px\" aria-hidden=\"true\" class=\"wp-block-spacer\"><\/div>\n\n\n\n<p>&#x2728; Inhalte dieses Videos:<br>00:00 \u2013 Einf\u00fchrung<br>05:47 \u2013 Ben\u00f6tigte Materialien<br>08:49 \u2013 Mondpositionen einzeichnen<br>33:49 \u2013 Mondphasen markieren<br>38:04 \u2013 Planetenverbindungen tracken<br>59:17 \u2013 Empfehlungen &amp; Schlusswort<br>01:04:35 \u2013 Vorschau auf kommende Einzeichvideos<\/p>\n\n\n\n<p>\u2605 Hier geht es zu dem Schnellstart Video:<br>\u2794 <a href=\"https:\/\/1001smiles.de\/\" target=\"_blank\" rel=\"noreferrer noopener\">https:\/\/1001smiles.de\/<\/a><\/p>\n\n\n\n<p>\u2605 Hier findest du die Astro-Starter-Sets:<br>\u2794 <a href=\"https:\/\/1001smiles.de\/shop\/\" target=\"_blank\" rel=\"noreferrer noopener\">https:\/\/1001smiles.de\/shop\/<\/a><\/p>\n\n\n\n<p>\u2605 Erkl\u00e4rvideo, wie du deinen Astro-Detektor fix ans Horoskop anbringst:<br>\u2794 <a href=\"https:\/\/1001smiles.de\/videos\/vorbereitungsphase\/005-astro-detektor\/\" target=\"_blank\" rel=\"noreferrer noopener\">Folge 5<\/a><\/p>\n\n\n\n<p>\u2605 Hier geht&#8217;s zur Weltzeituhr auf meiner Homepage:<br>\u2794 <a href=\"https:\/\/1001smiles.de\/\" target=\"_blank\" rel=\"noreferrer noopener\">https:\/\/1001smiles.de\/<\/a><\/p>\n\n\n\n<p>\u2605 Erkl\u00e4rvideo \u00fcber die Planetenverbindungen (Konjunktion, Sextil, Quadrat, Trigon &amp; Opposition:<br>\u2794 <a href=\"https:\/\/1001smiles.de\/videos\/vorbereitungsphase\/021-planetenverbindungen-aspekte\/\" target=\"_blank\" rel=\"noreferrer noopener\">Folge 21<\/a><\/p>\n\n\n\n<hr class=\"wp-block-separator has-alpha-channel-opacity\"\/>\n\n\n\n<div style=\"height:16px\" aria-hidden=\"true\" class=\"wp-block-spacer\"><\/div>\n\n\n\n<p><strong>Facebook Gruppe zum Austausch:<\/strong><br> &#x1f517; \u2794 <a href=\"https:\/\/www.facebook.com\/groups\/1226691612784437\" target=\"_blank\" rel=\"noreferrer noopener\">Zur Gruppe<\/a><br><strong>Social Media Kan\u00e4le:<\/strong><br> &#x1f517; \u2794 <a href=\"https:\/\/www.facebook.com\/1001SMILESdesign\/\" target=\"_blank\" rel=\"noreferrer noopener\">Facebook<\/a><br> &#x1f517; \u2794 <a href=\"https:\/\/www.instagram.com\/1001.smiles\/\" target=\"_blank\" rel=\"noreferrer noopener\">Instagram<\/a><br> &#x1f517; \u2794 <a href=\"https:\/\/t.me\/tausendundeinSMILES\" target=\"_blank\" rel=\"noreferrer noopener\">Telegram<\/a><\/p>\n\n\n\n<div style=\"height:15px\" aria-hidden=\"true\" class=\"wp-block-spacer\"><\/div>\n\n\n\n<hr class=\"wp-block-separator has-alpha-channel-opacity\"\/>\n\n\n\n<p><strong>Wenn dich diese Themen weiter begleiten sollen:<\/strong> Der Newsletter informiert dich \u00fcber neue Artikel, Videos und Materialien.<\/p>\n\n\n<div style=\"padding:20px;text-align:center\">\n<p><strong>NEWSLETTER<\/strong> <strong>ABBONIEREN<\/strong><\/p>\n<div><div class='fluentform ff-default fluentform_wrapper_6 ffs_default_wrap'><form data-form_id=\"6\" id=\"fluentform_6\" class=\"frm-fluent-form fluent_form_6 ff-el-form-top ff_form_instance_6_1 ff-form-loading ffs_default\" data-form_instance=\"ff_form_instance_6_1\" method=\"POST\" ><fieldset  style=\"border: none!important;margin: 0!important;padding: 0!important;background-color: transparent!important;box-shadow: none!important;outline: none!important; min-inline-size: 100%;\">\n                    <legend class=\"ff_screen_reader_title\" style=\"display: block; margin: 0!important;padding: 0!important;height: 0!important;text-indent: -999999px;width: 0!important;overflow:hidden;\">Newsletter Form New<\/legend><input type='hidden' name='__fluent_form_embded_post_id' value='4916' \/><input type=\"hidden\" id=\"_fluentform_6_fluentformnonce\" name=\"_fluentform_6_fluentformnonce\" value=\"b4866f20e9\" \/><input type=\"hidden\" name=\"_wp_http_referer\" value=\"\/en\/wp-json\/wp\/v2\/pages\/4916\" \/><div class='ff-el-group'><div class=\"ff-el-input--label ff-el-is-required asterisk-right\"><label   aria-label=\"In welcher Sprache m\u00f6chtest du den Newsletter erhalten?\">In welcher Sprache m\u00f6chtest du den Newsletter erhalten?<\/label><\/div><div class='ff-el-input--content'><div class='ff-el-form-check ff-el-form-check-'><label class='ff-el-form-check-label' for='input_radio_56674f78ae7cf27769d1c4f8c0c229bb'><input  type=\"radio\" name=\"input_radio\" data-name=\"input_radio\" class=\"ff-el-form-check-input ff-el-form-check-radio\" value=\"In deutscher Sprache\"  id='input_radio_56674f78ae7cf27769d1c4f8c0c229bb' aria-label='In deutscher Sprache' aria-invalid='false' aria-required=true> <span>In deutscher Sprache<\/span><\/label><\/div><div class='ff-el-form-check ff-el-form-check-'><label class='ff-el-form-check-label' for='input_radio_b1896e319cefced517794921bf972a8d'><input  type=\"radio\" name=\"input_radio\" data-name=\"input_radio\" class=\"ff-el-form-check-input ff-el-form-check-radio\" value=\"In englischer Sprache\"  id='input_radio_b1896e319cefced517794921bf972a8d' aria-label='In englischer Sprache' aria-invalid='false' aria-required=true> <span>In englischer Sprache<\/span><\/label><\/div><\/div><\/div><div data-type=\"name-element\" data-name=\"names\" class=\" ff-field_container ff-name-field-wrapper\" ><div class='ff-t-container'><div class='ff-t-cell '><div class='ff-el-group'><div class=\"ff-el-input--label ff-el-is-required asterisk-right\"><label for='ff_6_names_first_name_' id='label_ff_6_names_first_name_' >Vorname<\/label><\/div><div class='ff-el-input--content'><input type=\"text\" name=\"names[first_name]\" id=\"ff_6_names_first_name_\" class=\"ff-el-form-control\" placeholder=\"Wie hei\u00dft Du?\" aria-invalid=\"false\" aria-required=true><\/div><\/div><\/div><\/div><\/div><div class='ff-el-group'><div class=\"ff-el-input--label ff-el-is-required asterisk-right\"><label for='ff_6_email' id='label_ff_6_email' aria-label=\"E-Mail\">E-Mail<\/label><\/div><div class='ff-el-input--content'><input type=\"email\" name=\"email\" id=\"ff_6_email\" class=\"ff-el-form-control\" placeholder=\"E-Mail-Adresse\" data-name=\"email\"  aria-invalid=\"false\" aria-required=true><\/div><\/div><div class='ff-el-group    ff-el-input--content'><div class='ff-el-form-check ff-el-tc'><label aria-label='Terms and Conditions: Ich bin damit einverstanden, dass meine Daten gem\u00e4\u00df der Datenschutzerkl\u00e4rung verarbeitet und f\u00fcr den Versand des Newsletters genutzt werden. Contains 1 link. Use tab navigation to review.' class='ff-el-form-check-label ff_tc_label' for=gdpr-agreement_bcb67ddd7a25da9c42405684ac2389bd><span class='ff_tc_checkbox'><input type=\"checkbox\" name=\"gdpr-agreement\" class=\"ff-el-form-check-input ff_gdpr_field\" data-name=\"gdpr-agreement\" id=\"gdpr-agreement_bcb67ddd7a25da9c42405684ac2389bd\"  value='on' aria-invalid='false' aria-required=true><\/span> <div class='ff_t_c'>Ich bin damit einverstanden, dass meine Daten gem\u00e4\u00df der <a rel=\"noopener\" href=\"https:\/\/1001smiles.de\/datenschutzerklaerung\/\" target=\"_blank\">Datenschutzerkl\u00e4rung<\/a> verarbeitet und f\u00fcr den Versand des Newsletters genutzt werden.<\/div><\/label><\/div><\/div><div class='ff-el-group ff-text-center ff_submit_btn_wrapper'><button type=\"submit\" class=\"ff-btn ff-btn-submit ff-btn-md ff_btn_style\"  aria-label=\"Abbonieren\">Abbonieren<\/button><\/div><\/fieldset><\/form><div id='fluentform_6_errors' class='ff-errors-in-stack ff_form_instance_6_1 ff-form-loading_errors ff_form_instance_6_1_errors'><\/div><\/div>            <script type=\"text\/javascript\">\n                window.fluent_form_ff_form_instance_6_1 = {\"id\":\"6\",\"ajaxUrl\":\"https:\\\/\\\/1001smiles.de\\\/wp-admin\\\/admin-ajax.php\",\"settings\":{\"layout\":{\"labelPlacement\":\"top\",\"asteriskPlacement\":\"asterisk-right\",\"helpMessagePlacement\":\"with_label\",\"errorMessagePlacement\":\"inline\",\"cssClassName\":\"\"},\"restrictions\":{\"denyEmptySubmission\":{\"enabled\":false}}},\"form_instance\":\"ff_form_instance_6_1\",\"form_id_selector\":\"fluentform_6\",\"rules\":{\"input_radio\":{\"required\":{\"value\":true,\"message\":\"This field is required\",\"global_message\":\"Dieses Feld ist erforderlich\",\"global\":true}},\"names[first_name]\":{\"required\":{\"value\":true,\"message\":\"This field is required\",\"global_message\":\"Dieses Feld ist erforderlich\",\"global\":true}},\"names[middle_name]\":{\"required\":{\"value\":false,\"message\":\"This field is required\",\"global_message\":\"Dieses Feld ist erforderlich\",\"global\":true}},\"names[last_name]\":{\"required\":{\"value\":false,\"message\":\"This field is required\",\"global_message\":\"Dieses Feld ist erforderlich\",\"global\":true}},\"email\":{\"required\":{\"value\":true,\"message\":\"This field is required\",\"global_message\":\"Dieses Feld ist erforderlich\",\"global\":true},\"email\":{\"value\":true,\"message\":\"This field must contain a valid email\",\"global_message\":\"Dieses Feld muss eine g\\u00fcltige E-Mail-Adresse enthalten\",\"global\":true}},\"gdpr-agreement\":{\"required\":{\"value\":true,\"message\":\"Dieses Feld ist erforderlich\",\"global_message\":\"Dieses Feld ist erforderlich\",\"global\":false}}},\"debounce_time\":300};\n                            <\/script>\n            <\/div>\n<\/div>\n\n\n\n<script type=\"application\/ld+json\">\n{\n  \"@context\": \"https:\/\/schema.org\",\n  \"@type\": \"VideoObject\",\n  \"name\": \"23 Mondtracking \u2013 Die Grundlagen\",\n  \"description\": \"In diesem Video erkl\u00e4re ich praktisch wie die Mondpositionen in das Horoskop eingezeichnet werden sowie das tracken der Verbindungen mit anschlie\u00dfendem Eintrag in den Trackingkalender.\",\n  \"thumbnailUrl\": \"https:\/\/1001smiles.de\/media\/2026\/02\/23thumbDE-1.png\",\n  \"uploadDate\": \"2025-11-01T12:00:00+02:00\",\n  \"contentUrl\": \"https:\/\/1001smiles.de\/videos\/phase-1-mond\/23-mondtracking-die-grundlagen\/\",\n  \"embedUrl\": \"https:\/\/www.youtube.com\/watch?v=EkCqe_N9E8A&list=PLN1EgfiDDm1YT3n13RWAzdmoIPYde_dwH&index=25\",\n  \"publisher\": {\n    \"@type\": \"Organization\",\n    \"name\": \"1001smiles\",\n    \"logo\": {\n      \"@type\": \"ImageObject\",\n      \"url\": \"https:\/\/1001smiles.de\/media\/2024\/09\/1001-SMILES-Iconlogo-300x300px.png\"\n    }\n  }\n}\n<\/script>\n\n\n\n<p><\/p>\n","protected":false},"excerpt":{"rendered":"<p>In diesem Video erkl\u00e4re ich praktisch wie die Mondpositionen in das Horoskop eingezeichnet werden sowie das tracken der Verbindungen mit anschlie\u00dfendem Eintrag in den Trackingkalender, damit man die eigenen Verbindungen im Alltag verfolgen kann. \u2190 Zur\u00fcck: Antike H\u00e4user &#038; Achsen Weiter: N\u00e4chstes Video erscheint in K\u00fcrze \u2192 Du brauchst dazu: &#8211; Dein Horoskop (wenn du [&hellip;]<\/p>\n","protected":false},"author":2,"featured_media":0,"parent":4906,"menu_order":0,"comment_status":"open","ping_status":"closed","template":"","meta":{"footnotes":""},"class_list":["post-4916","page","type-page","status-publish","hentry"],"_links":{"self":[{"href":"https:\/\/1001smiles.de\/en\/wp-json\/wp\/v2\/pages\/4916","targetHints":{"allow":["GET"]}}],"collection":[{"href":"https:\/\/1001smiles.de\/en\/wp-json\/wp\/v2\/pages"}],"about":[{"href":"https:\/\/1001smiles.de\/en\/wp-json\/wp\/v2\/types\/page"}],"author":[{"embeddable":true,"href":"https:\/\/1001smiles.de\/en\/wp-json\/wp\/v2\/users\/2"}],"replies":[{"embeddable":true,"href":"https:\/\/1001smiles.de\/en\/wp-json\/wp\/v2\/comments?post=4916"}],"version-history":[{"count":12,"href":"https:\/\/1001smiles.de\/en\/wp-json\/wp\/v2\/pages\/4916\/revisions"}],"predecessor-version":[{"id":4959,"href":"https:\/\/1001smiles.de\/en\/wp-json\/wp\/v2\/pages\/4916\/revisions\/4959"}],"up":[{"embeddable":true,"href":"https:\/\/1001smiles.de\/en\/wp-json\/wp\/v2\/pages\/4906"}],"wp:attachment":[{"href":"https:\/\/1001smiles.de\/en\/wp-json\/wp\/v2\/media?parent=4916"}],"curies":[{"name":"wp","href":"https:\/\/api.w.org\/{rel}","templated":true}]}}