{"id":5117,"date":"2026-04-15T22:31:48","date_gmt":"2026-04-15T20:31:48","guid":{"rendered":"https:\/\/1001smiles.de\/?page_id=5117"},"modified":"2026-04-17T00:25:18","modified_gmt":"2026-04-16T22:25:18","slug":"24-dein-einzigartiger-mond-code","status":"publish","type":"page","link":"https:\/\/1001smiles.de\/en\/videos\/phase-1-mond\/24-dein-einzigartiger-mond-code\/","title":{"rendered":"24 \u2013 Dein einzigartiger Mond-Code"},"content":{"rendered":"\n<p>In dieser Folge enth\u00fclle ich erstmals ein v\u00f6llig neues astrologisches System, das es so bislang noch nie gab. Im Zentrum steht dein individueller Mond-Code \u2013 ein einzigartiger Schl\u00fcssel, mit dem sich deine pers\u00f6nliche innere Melodie sichtbar und entschl\u00fcsselbar machen l\u00e4sst.<br>Basierend auf jahrelanger Forschung und in Verbindung mit dem eigens entwickelten, weltweit zum Patent angemeldeten Astro-Detektor werden diese Zusammenh\u00e4nge erstmals pr\u00e4zise, nachvollziehbar und praktisch anwendbar.<\/p>\n\n\n\n<div style=\"position: relative; width: 100%; padding-bottom: 56.25%; height: 0; overflow: hidden;\">\n  <iframe src=\"https:\/\/odysee.com\/%24\/embed\/%401001smiles%3A8%2FFolge24-DE%3Ae?r=AW1FJrjprJEKGzJVEWQG5sWTGMHyjedp\" \n          style=\"position: absolute; top: 0; left: 0; width: 100%; height: 100%; border: 0;\" \n          allowfullscreen>\n  <\/iframe>\n<\/div>\n\n\n\n<div style=\"margin-top:2rem; display:flex; justify-content:space-between;\">\n  <a href=\"https:\/\/1001smiles.de\/videos\/phase-1-mond\/23-mondtracking-die-grundlagen\/\" class=\"button-zurueck\">\u2190 Zur\u00fcck: Grundlagen des Mondtrackings<\/a>\n  <a href=\"https:\/\/1001smiles.de\/videos\/phase-1-mond\/23-mondtracking-die-grundlagen\/\" class=\"button-weiter\">Weiter: N\u00e4chstes Video erscheint in K\u00fcrze \u2192<\/a>\n<\/div>\n\n\n\n<div style=\"height:24px\" aria-hidden=\"true\" class=\"wp-block-spacer\"><\/div>\n\n\n\n<hr class=\"wp-block-separator has-alpha-channel-opacity\"\/>\n\n\n\n<div style=\"height:26px\" aria-hidden=\"true\" class=\"wp-block-spacer\"><\/div>\n\n\n\n<p>&#x2728; Inhalte dieses Videos:<br>00:00 \u2013 Einf\u00fchrung<br>03:00 \u2013 Das Geheimnis der Planetenverbindungen<br>13:03 \u2013 Planetenverbindungen auf Gitarre<br>25:14 \u2013 Dein individueller Mond-Code<br>34:33 \u2013 Konjunktions Mond-Code<br>45:15 \u2013 Sextil Mond-Code<br>54:28 \u2013 Quadrat Mond-Code<br>57:11 \u2013 Trigon Mond-Code<br>01:02:19 \u2013 Opposition Mond-Code<br>01:04:30 \u2013 Minus Trigon Mond-Code<br>01:09:10 \u2013 Minus Quadrat Mond-Code<br>01:10:57 \u2013 Minus Sextil Mond-Code<br>01:13:36 \u2013 Datum und Uhrzeit bestimmen<br>01:28:39 \u2013 Aufstieg vs. Abstieg<br>01:34:50 \u2013 Innenwelt vs. Au\u00dfenwelt<br>01:41:25 \u2013 Danke<br>01:48:35 \u2013 Kooperationen<\/p>\n\n\n\n<p>\u2605 Hier findest du die Astro-Starter-Sets:<br>\u2794 <a href=\"https:\/\/1001smiles.de\/shop\/\" target=\"_blank\" rel=\"noreferrer noopener\">https:\/\/1001smiles.de\/shop\/<\/a><\/p>\n\n\n\n<p>\u2605 Hier gehts zum Schnellstart Video, zum aktuellen Mondpositionen-Einzeichvideo und zur Weltzeituhr auf meiner Homepage:<br>\u2794 <a href=\"https:\/\/1001smiles.de\/\" target=\"_blank\" rel=\"noreferrer noopener\">https:\/\/1001smiles.de\/<\/a><\/p>\n\n\n\n<p>Du bist an einer Kooperation interessiert? Dann schreibe mir eine Mail an:<br><strong>hallo@1001smiles.de<\/strong>   oder verwende das Kontaktformular weiter oben.<\/p>\n\n\n\n<hr class=\"wp-block-separator has-alpha-channel-opacity\"\/>\n\n\n\n<div style=\"height:16px\" aria-hidden=\"true\" class=\"wp-block-spacer\"><\/div>\n\n\n\n<p><strong>Facebook Gruppe zum Austausch:<\/strong><br> &#x1f517; \u2794 <a href=\"https:\/\/www.facebook.com\/groups\/1226691612784437\" target=\"_blank\" rel=\"noreferrer noopener\">Zur Gruppe<\/a><br><strong>Social Media Kan\u00e4le:<\/strong><br> &#x1f517; \u2794 <a href=\"https:\/\/www.facebook.com\/1001SMILESdesign\/\" target=\"_blank\" rel=\"noreferrer noopener\">Facebook<\/a><br> &#x1f517; \u2794 <a href=\"https:\/\/www.instagram.com\/1001.smiles\/\" target=\"_blank\" rel=\"noreferrer noopener\">Instagram<\/a><br> &#x1f517; \u2794 <a href=\"https:\/\/t.me\/tausendundeinSMILES\" target=\"_blank\" rel=\"noreferrer noopener\">Telegram<\/a><\/p>\n\n\n\n<div style=\"height:15px\" aria-hidden=\"true\" class=\"wp-block-spacer\"><\/div>\n\n\n\n<hr class=\"wp-block-separator has-alpha-channel-opacity\"\/>\n\n\n\n<p><strong>Wenn dich diese Themen weiter begleiten sollen:<\/strong> Der Newsletter informiert dich \u00fcber neue Artikel, Videos und Materialien.<\/p>\n\n\n<div style=\"padding:20px;text-align:center\">\n<p><strong>NEWSLETTER<\/strong> <strong>ABBONIEREN<\/strong><\/p>\n<div><div class='fluentform ff-default fluentform_wrapper_6 ffs_default_wrap'><form data-form_id=\"6\" id=\"fluentform_6\" class=\"frm-fluent-form fluent_form_6 ff-el-form-top ff_form_instance_6_1 ff-form-loading ffs_default\" data-form_instance=\"ff_form_instance_6_1\" method=\"POST\" ><fieldset  style=\"border: none!important;margin: 0!important;padding: 0!important;background-color: transparent!important;box-shadow: none!important;outline: none!important; min-inline-size: 100%;\">\n                    <legend class=\"ff_screen_reader_title\" style=\"display: block; margin: 0!important;padding: 0!important;height: 0!important;text-indent: -999999px;width: 0!important;overflow:hidden;\">Newsletter Form New<\/legend><input type='hidden' name='__fluent_form_embded_post_id' value='5117' \/><input type=\"hidden\" id=\"_fluentform_6_fluentformnonce\" name=\"_fluentform_6_fluentformnonce\" value=\"992d91f5c4\" \/><input type=\"hidden\" name=\"_wp_http_referer\" value=\"\/en\/wp-json\/wp\/v2\/pages\/5117\" \/><div class='ff-el-group'><div class=\"ff-el-input--label ff-el-is-required asterisk-right\"><label   aria-label=\"In welcher Sprache m\u00f6chtest du den Newsletter erhalten?\">In welcher Sprache m\u00f6chtest du den Newsletter erhalten?<\/label><\/div><div class='ff-el-input--content'><div class='ff-el-form-check ff-el-form-check-'><label class='ff-el-form-check-label' for='input_radio_71f0b0a7ac0e67b55aa05bb992fe7a04'><input  type=\"radio\" name=\"input_radio\" data-name=\"input_radio\" class=\"ff-el-form-check-input ff-el-form-check-radio\" value=\"In deutscher Sprache\"  id='input_radio_71f0b0a7ac0e67b55aa05bb992fe7a04' aria-label='In deutscher Sprache' aria-invalid='false' aria-required=true> <span>In deutscher Sprache<\/span><\/label><\/div><div class='ff-el-form-check ff-el-form-check-'><label class='ff-el-form-check-label' for='input_radio_46a95f6e8c805f8ce8537f54ea8a001d'><input  type=\"radio\" name=\"input_radio\" data-name=\"input_radio\" class=\"ff-el-form-check-input ff-el-form-check-radio\" value=\"In englischer Sprache\"  id='input_radio_46a95f6e8c805f8ce8537f54ea8a001d' aria-label='In englischer Sprache' aria-invalid='false' aria-required=true> <span>In englischer Sprache<\/span><\/label><\/div><\/div><\/div><div data-type=\"name-element\" data-name=\"names\" class=\" ff-field_container ff-name-field-wrapper\" ><div class='ff-t-container'><div class='ff-t-cell '><div class='ff-el-group'><div class=\"ff-el-input--label ff-el-is-required asterisk-right\"><label for='ff_6_names_first_name_' id='label_ff_6_names_first_name_' >Vorname<\/label><\/div><div class='ff-el-input--content'><input type=\"text\" name=\"names[first_name]\" id=\"ff_6_names_first_name_\" class=\"ff-el-form-control\" placeholder=\"Wie hei\u00dft Du?\" aria-invalid=\"false\" aria-required=true><\/div><\/div><\/div><\/div><\/div><div class='ff-el-group'><div class=\"ff-el-input--label ff-el-is-required asterisk-right\"><label for='ff_6_email' id='label_ff_6_email' aria-label=\"E-Mail\">E-Mail<\/label><\/div><div class='ff-el-input--content'><input type=\"email\" name=\"email\" id=\"ff_6_email\" class=\"ff-el-form-control\" placeholder=\"E-Mail-Adresse\" data-name=\"email\"  aria-invalid=\"false\" aria-required=true><\/div><\/div><div class='ff-el-group    ff-el-input--content'><div class='ff-el-form-check ff-el-tc'><label aria-label='Terms and Conditions: Ich bin damit einverstanden, dass meine Daten gem\u00e4\u00df der Datenschutzerkl\u00e4rung verarbeitet und f\u00fcr den Versand des Newsletters genutzt werden. Contains 1 link. Use tab navigation to review.' class='ff-el-form-check-label ff_tc_label' for=gdpr-agreement_6ff74d7b2e5326ed4c1a1159395aec03><span class='ff_tc_checkbox'><input type=\"checkbox\" name=\"gdpr-agreement\" class=\"ff-el-form-check-input ff_gdpr_field\" data-name=\"gdpr-agreement\" id=\"gdpr-agreement_6ff74d7b2e5326ed4c1a1159395aec03\"  value='on' aria-invalid='false' aria-required=true><\/span> <div class='ff_t_c'>Ich bin damit einverstanden, dass meine Daten gem\u00e4\u00df der <a rel=\"noopener\" href=\"https:\/\/1001smiles.de\/datenschutzerklaerung\/\" target=\"_blank\">Datenschutzerkl\u00e4rung<\/a> verarbeitet und f\u00fcr den Versand des Newsletters genutzt werden.<\/div><\/label><\/div><\/div><div class='ff-el-group ff-text-center ff_submit_btn_wrapper'><button type=\"submit\" class=\"ff-btn ff-btn-submit ff-btn-md ff_btn_style\"  aria-label=\"Abbonieren\">Abbonieren<\/button><\/div><\/fieldset><\/form><div id='fluentform_6_errors' class='ff-errors-in-stack ff_form_instance_6_1 ff-form-loading_errors ff_form_instance_6_1_errors'><\/div><\/div>            <script type=\"text\/javascript\">\n                window.fluent_form_ff_form_instance_6_1 = {\"id\":\"6\",\"settings\":{\"layout\":{\"labelPlacement\":\"top\",\"asteriskPlacement\":\"asterisk-right\",\"helpMessagePlacement\":\"with_label\",\"errorMessagePlacement\":\"inline\",\"cssClassName\":\"\"},\"restrictions\":{\"denyEmptySubmission\":{\"enabled\":false}}},\"form_instance\":\"ff_form_instance_6_1\",\"form_id_selector\":\"fluentform_6\",\"rules\":{\"input_radio\":{\"required\":{\"value\":true,\"message\":\"This field is required\",\"global_message\":\"Dieses Feld ist erforderlich\",\"global\":true}},\"names[first_name]\":{\"required\":{\"value\":true,\"message\":\"This field is required\",\"global_message\":\"Dieses Feld ist erforderlich\",\"global\":true}},\"names[middle_name]\":{\"required\":{\"value\":false,\"message\":\"This field is required\",\"global_message\":\"Dieses Feld ist erforderlich\",\"global\":true}},\"names[last_name]\":{\"required\":{\"value\":false,\"message\":\"This field is required\",\"global_message\":\"Dieses Feld ist erforderlich\",\"global\":true}},\"email\":{\"required\":{\"value\":true,\"message\":\"This field is required\",\"global_message\":\"Dieses Feld ist erforderlich\",\"global\":true},\"email\":{\"value\":true,\"message\":\"This field must contain a valid email\",\"global_message\":\"Dieses Feld muss eine g\\u00fcltige E-Mail-Adresse enthalten\",\"global\":true}},\"gdpr-agreement\":{\"required\":{\"value\":true,\"message\":\"Dieses Feld ist erforderlich\",\"global_message\":\"Dieses Feld ist erforderlich\",\"global\":false}}},\"debounce_time\":300};\n                            <\/script>\n            <\/div>\n<\/div>\n\n\n\n<script type=\"application\/ld+json\">\n{\n  \"@context\": \"https:\/\/schema.org\",\n  \"@type\": \"VideoObject\",\n  \"name\": \"24 \u2013 Dein einzigartiger Mond-Code\",\n  \"description\": \"In dieser Folge enth\u00fclle ich erstmals ein v\u00f6llig neues astrologisches System, das es so bislang noch nie gab. Im Zentrum steht dein individueller Mond-Code \u2013 ein einzigartiger Schl\u00fcssel, mit dem sich deine pers\u00f6nliche innere Melodie sichtbar und entschl\u00fcsselbar machen l\u00e4sst.\",\n  \"thumbnailUrl\": \"https:\/\/1001smiles.de\/media\/2026\/04\/Thumb-DE.png\",\n  \"uploadDate\": \"2026-04-01T12:00:00+02:00\",\n  \"contentUrl\": \"https:\/\/1001smiles.de\/videos\/phase-1-mond\/24-dein-einzigartiger-mond-code\/\",\n  \"embedUrl\": \"https:\/\/www.youtube.com\/watch?v=-vWiMbToIzc&list=PLN1EgfiDDm1YT3n13RWAzdmoIPYde_dwH&index=29\",\n  \"publisher\": {\n    \"@type\": \"Organization\",\n    \"name\": \"1001smiles\",\n    \"logo\": {\n      \"@type\": \"ImageObject\",\n      \"url\": \"https:\/\/1001smiles.de\/media\/2024\/09\/1001-SMILES-Iconlogo-300x300px.png\"\n    }\n  }\n}\n<\/script>\n\n\n\n<p><\/p>\n","protected":false},"excerpt":{"rendered":"<p>In dieser Folge enth\u00fclle ich erstmals ein v\u00f6llig neues astrologisches System, das es so bislang noch nie gab. Im Zentrum steht dein individueller Mond-Code \u2013 ein einzigartiger Schl\u00fcssel, mit dem sich deine pers\u00f6nliche innere Melodie sichtbar und entschl\u00fcsselbar machen l\u00e4sst.Basierend auf jahrelanger Forschung und in Verbindung mit dem eigens entwickelten, weltweit zum Patent angemeldeten Astro-Detektor [&hellip;]<\/p>\n","protected":false},"author":2,"featured_media":0,"parent":4906,"menu_order":0,"comment_status":"open","ping_status":"closed","template":"","meta":{"footnotes":""},"class_list":["post-5117","page","type-page","status-publish","hentry"],"_links":{"self":[{"href":"https:\/\/1001smiles.de\/en\/wp-json\/wp\/v2\/pages\/5117","targetHints":{"allow":["GET"]}}],"collection":[{"href":"https:\/\/1001smiles.de\/en\/wp-json\/wp\/v2\/pages"}],"about":[{"href":"https:\/\/1001smiles.de\/en\/wp-json\/wp\/v2\/types\/page"}],"author":[{"embeddable":true,"href":"https:\/\/1001smiles.de\/en\/wp-json\/wp\/v2\/users\/2"}],"replies":[{"embeddable":true,"href":"https:\/\/1001smiles.de\/en\/wp-json\/wp\/v2\/comments?post=5117"}],"version-history":[{"count":4,"href":"https:\/\/1001smiles.de\/en\/wp-json\/wp\/v2\/pages\/5117\/revisions"}],"predecessor-version":[{"id":5132,"href":"https:\/\/1001smiles.de\/en\/wp-json\/wp\/v2\/pages\/5117\/revisions\/5132"}],"up":[{"embeddable":true,"href":"https:\/\/1001smiles.de\/en\/wp-json\/wp\/v2\/pages\/4906"}],"wp:attachment":[{"href":"https:\/\/1001smiles.de\/en\/wp-json\/wp\/v2\/media?parent=5117"}],"curies":[{"name":"wp","href":"https:\/\/api.w.org\/{rel}","templated":true}]}}