{"id":607,"date":"2024-01-01T02:50:52","date_gmt":"2024-01-01T01:50:52","guid":{"rendered":"https:\/\/1001smiles.de\/?page_id=607"},"modified":"2026-02-03T22:02:05","modified_gmt":"2026-02-03T21:02:05","slug":"impressum","status":"publish","type":"page","link":"https:\/\/1001smiles.de\/en\/impressum\/","title":{"rendered":"Impressum"},"content":{"rendered":"<p>Angaben gem\u00e4\u00df dem Digitalen-Dienste-Gesetz (DDG)<\/p>\n\n\n\n<p><strong>1001 SMILES \u2013 V.A.D.P.O.<\/strong><br>Via Vincenzo Statella 75<br>96100 Syracuse<br>Italy<\/p>\n\n\n\n<p>Contact<br>E-mail address:hallo@1001smiles.de<\/p>\n\n\n\n<p>Verantwortlich f\u00fcr den Inhalt gem\u00e4\u00df \u00a7 18 Abs. 2 MStV:<br>Vivien Arleta Di Pietro Ognissanti<br>Address as above<\/p>\n\n\n\n<p>USt-IdNr.: 02144810898<br>REA-Nummer: SR &#8211; 468824<\/p>\n\n\n\n<p><strong>Notice:<\/strong> Als Kleinunternehmer gem\u00e4\u00df Artikel 19 des Digital Services Act (DSA) bestehen keine erweiterten Transparenzpflichten des DSA bzw. des Digitalen-Dienste-Gesetzes (DDG).<\/p>\n\n\n\n<p><strong>Haftungsausschluss f\u00fcr fremde Links:<\/strong><br>Auf unseren Seiten k\u00f6nnen Links zu anderen Webseiten im Internet enthalten sein. F\u00fcr alle diese Links gilt: Wir erkl\u00e4ren ausdr\u00fccklich, dass wir keinerlei Einfluss auf die Gestaltung und die Inhalte der verlinkten Seiten haben. Deshalb distanzieren wir uns hiermit ausdr\u00fccklich von allen Inhalten aller verlinkter Seiten Dritter und machen uns diese Inhalte nicht zu Eigen. Diese Erkl\u00e4rung gilt f\u00fcr alle angezeigten Links und f\u00fcr alle Inhalte der Seiten, zu denen Links f\u00fchren.<\/p>\n\n\n\n<p><\/p>\n\n\n\n<hr class=\"wp-block-separator has-alpha-channel-opacity\"\/>\n\n\n<p><strong>Alternative Streitbeilegung gem\u00e4\u00df Art. 14 Abs. 1 ODR-VO und \u00a7 36 VSBG:<\/strong><\/p>\n<p>Die Europ\u00e4ische Kommission stellt eine Plattform zur Online-Streitbeilegung (OS) bereit, die du unter <a href=\"https:\/\/ec.europa.eu\/consumers\/odr\" target=\"_blank\" rel=\"noopener\">https:\/\/ec.europa.eu\/consumers\/odr<\/a> findest. Zur Teilnahme an einem Streitbeilegungsverfahren vor einer Verbraucherschlichtungsstelle sind wir nicht verpflichtet und nicht bereit.<\/p>","protected":false},"excerpt":{"rendered":"<p>Angaben gem\u00e4\u00df dem Digitalen-Dienste-Gesetz (DDG) 1001 SMILES \u2013 V.A.D.P.O.Via Vincenzo Statella 7596100 SyracuseItalien Kontakt:E-Mail-Adresse: hallo@1001smiles.de Verantwortlich f\u00fcr den Inhalt gem\u00e4\u00df \u00a7 18 Abs. 2 MStV:Vivien Arleta Di Pietro OgnissantiAdresse wie oben USt-IdNr.: 02144810898REA-Nummer: SR &#8211; 468824 Hinweis: Als Kleinunternehmer gem\u00e4\u00df Artikel 19 des Digital Services Act (DSA) bestehen keine erweiterten Transparenzpflichten des DSA bzw. des [&hellip;]<\/p>\n","protected":false},"author":2,"featured_media":0,"parent":0,"menu_order":0,"comment_status":"closed","ping_status":"closed","template":"","meta":{"footnotes":""},"class_list":["post-607","page","type-page","status-publish","hentry"],"_links":{"self":[{"href":"https:\/\/1001smiles.de\/en\/wp-json\/wp\/v2\/pages\/607","targetHints":{"allow":["GET"]}}],"collection":[{"href":"https:\/\/1001smiles.de\/en\/wp-json\/wp\/v2\/pages"}],"about":[{"href":"https:\/\/1001smiles.de\/en\/wp-json\/wp\/v2\/types\/page"}],"author":[{"embeddable":true,"href":"https:\/\/1001smiles.de\/en\/wp-json\/wp\/v2\/users\/2"}],"replies":[{"embeddable":true,"href":"https:\/\/1001smiles.de\/en\/wp-json\/wp\/v2\/comments?post=607"}],"version-history":[{"count":1,"href":"https:\/\/1001smiles.de\/en\/wp-json\/wp\/v2\/pages\/607\/revisions"}],"predecessor-version":[{"id":2463,"href":"https:\/\/1001smiles.de\/en\/wp-json\/wp\/v2\/pages\/607\/revisions\/2463"}],"wp:attachment":[{"href":"https:\/\/1001smiles.de\/en\/wp-json\/wp\/v2\/media?parent=607"}],"curies":[{"name":"wp","href":"https:\/\/api.w.org\/{rel}","templated":true}]}}