{"id":2404,"date":"2025-02-21T22:08:57","date_gmt":"2025-02-21T21:08:57","guid":{"rendered":"https:\/\/1001smiles.de\/produkt\/astro-komplett-edition\/"},"modified":"2026-04-29T23:04:19","modified_gmt":"2026-04-29T21:04:19","slug":"astro-komplett-edition","status":"publish","type":"product","link":"https:\/\/1001smiles.de\/en\/product\/astro-komplett-edition\/","title":{"rendered":"Astro-Komplett-Edition [DE]"},"content":{"rendered":"<p><strong>Dein Schl\u00fcssel zur Selbstdeutung \u2013 Astrologie verstehen und anwenden<\/strong><\/p>\n<p>Tauche ein in die faszinierende Welt der Astrologie mit der <strong>Astro-Komplett-Edition<\/strong>! Dieses einzigartige Set vereint alles, was du brauchst, um die Einfl\u00fcsse der Planeten in deinem Leben selbst zu erkennen und zu deuten \u2013 von abenteuerlichen Geschichten und antiken Meisterwerken bis hin zu praktischen Tools und kreativen Lernhilfen.<\/p>\n<p><strong>Enthalten in der Astro-Komplett-Edition:<\/strong><\/p>\n<ul>\n<li><strong>Buch 1 der Reihe \u201e1001 SMILES will ein Buddha werden \u2013 Reise zum Mond &amp; zur Venus\u201c<\/strong><br \/>\nEine humorvolle, tief durchdachte Geschichte, in der Charaktere, Farben, Landschaften, Tiere und Atmosph\u00e4ren die astrologischen Qualit\u00e4ten der Planeten widerspiegeln. Spielerisch und inspirierend zugleich.<\/li>\n<li><strong>Astro-Symbol-Malbuch<\/strong><br \/>\nKreativ gestaltetes Malbuch zum intuitiven Verinnerlichen astrologischer Symbole \u2013 ganz ohne Auswendiglernen.<\/li>\n<li><strong>Der Astro-Detektor<\/strong><br \/>\nEin neu entwickeltes und beim Patentamt gesch\u00fctztes Werkzeug zur schnellen Erfassung planetarer Positionen \u2013 ideal f\u00fcr praktische Deutungen.<\/li>\n<li><b>Aspekte-Verfolgungs<\/b><b>kalender<\/b>, eine Vorlage zum Eintragen und Analysieren t\u00e4glicher astrologischer Verbindungen oder den individuellen Planetencodes.<\/li>\n<li><strong>Kompakte Bedeutungs\u00fcbersicht<\/strong><br \/>\nKlar strukturierte Liste astrologischer Deutungen \u2013 perfekt f\u00fcr einen schnellen Einstieg.<\/li>\n<li><strong>Mondphasenkalender<\/strong><br \/>\nAlle wichtigen Mondphasen \u00fcbersichtlich auf einen Blick.<\/li>\n<li><strong>Handbuch der Astronomie \u2013 Band 1 (Almagest)<\/strong><br \/>\nErster Band des 2000 Jahre alten Grundlagenwerks von Claudius Ptolem\u00e4us, dem bedeutendsten Astronomen und Astrologen der Antike. Gratis, lizenzfrei, ins Deutsche \u00fcbersetzt von Karl Manitius. 502 Seiten im PDF-Format.<\/li>\n<li><strong>Handbuch der Astronomie \u2013 Band 2 (Almagest)<\/strong><br \/>\nZweiter Band des legend\u00e4ren Hauptwerks zur antiken Himmelsmechanik von Ptolem\u00e4us \u2013 Astronom, Mathematiker und Vordenker der westlichen Sternkunde. Gratis, lizenzfrei, ins Deutsche \u00fcbersetzt. 460 Seiten als PDF.<\/li>\n<li><strong>Tetrabiblos \u2013 Das klassische Werk astrologischer Deutung<\/strong><br \/>\nPtolem\u00e4us\u2019 einflussreiches Werk zur astrologischen Interpretation \u2013 seit 2000 Jahren das Fundament westlicher Astrologie. In englischer Sprache, gratis und lizenzfrei. 183 Seiten im PDF-Format.<\/li>\n<\/ul>\n<p>Egal, ob du neu in die Astrologie eintauchst oder dein Wissen vertiefen m\u00f6chtest \u2013 die <strong>Astro-Komplett-Edition<\/strong> bietet dir alles, um dich selbst in der Tiefe zu verstehen, wiederkehrende Verhaltensmuster pr\u00e4zise zu analysieren und Gef\u00fchlszust\u00e4nde bewusst zu erkennen. Sie hilft dir, die Ursachen hinter deinen Emotionen, Gedanken und Handlungen zu entschl\u00fcsseln und bewusst mit ihnen umzugehen. So lernst du nicht nur dich selbst bis ins kleinste Detail kennen, sondern auch, wie du deinen Alltag optimal gestaltest \u2013 sei es im Umgang mit dir selbst oder mit deinen Mitwesen.<\/p>\n<p><strong>Werde zum Deuter deines eigenen Horoskops<\/strong><br \/>\nOb du ganz neu einsteigst oder dein Wissen vertiefen willst: Mit der <strong>Astro-Komplett-Edition<\/strong> lernst du, astrologische Einfl\u00fcsse selbstst\u00e4ndig zu erkennen, deine Gef\u00fchls-, Gedanken- und Handlungsmuster zu durchschauen und dein Leben bewusster zu gestalten.<\/p>\n<p><strong>Begleitende Tutorials unterst\u00fctzen dich Schritt f\u00fcr Schritt<\/strong> \u2013 klar strukturiert, verst\u00e4ndlich erkl\u00e4rt und jederzeit abrufbar.<br \/>\nDu findest sie direkt auf meiner Website im Men\u00fcpunkt <strong>\u201eVideos\u201c<\/strong> oder alternativ auf meinem <strong><a href=\"https:\/\/www.youtube.com\/@1001smiles\" target=\"_blank\" rel=\"noopener\">YouTube-<\/a>, <a href=\"https:\/\/rumble.com\/c\/c-7708681\" target=\"_blank\" rel=\"noopener\">Rumble-<\/a> oder <a href=\"https:\/\/odysee.com\/@1001smiles:8\" target=\"_blank\" rel=\"noopener\">Odysee-Kanal<\/a><\/strong>.<\/p>","protected":false},"excerpt":{"rendered":"<p><strong data-start=\"118\" data-end=\"190\">Entschl\u00fcssele dein Horoskop selbst \u2013 mit der Astro-Komplett-Edition!<\/strong><br data-start=\"190\" data-end=\"193\" \/>Ein einzigartiges Set aus Abenteuerbuch, Symbol-Malbuch, Deutungs-Tool, Kalendern &amp; antiken Grundwerken. Mit Video-Tutorials f\u00fcr deinen klaren Einstieg in die Welt der Astrologie.<\/p>\n<div class=\"product-video\"><iframe loading=\"lazy\" title=\"KomplettEdition-Video\" src=\"https:\/\/1001smiles.de\/media\/produktvideos\/AstroKomplettSet-DE.mp4\" width=\"450\" height=\"250\" frameborder=\"0\" allowfullscreen=\"allowfullscreen\"><br \/>\n<\/iframe><\/div>","protected":false},"featured_media":3875,"comment_status":"open","ping_status":"closed","template":"","meta":[],"product_brand":[],"product_cat":[28],"product_tag":[],"class_list":{"0":"post-2404","1":"product","2":"type-product","3":"status-publish","4":"has-post-thumbnail","6":"product_cat-unkategorisiert","8":"first","9":"instock","10":"purchasable","11":"product-type-simple"},"_links":{"self":[{"href":"https:\/\/1001smiles.de\/en\/wp-json\/wp\/v2\/product\/2404","targetHints":{"allow":["GET"]}}],"collection":[{"href":"https:\/\/1001smiles.de\/en\/wp-json\/wp\/v2\/product"}],"about":[{"href":"https:\/\/1001smiles.de\/en\/wp-json\/wp\/v2\/types\/product"}],"replies":[{"embeddable":true,"href":"https:\/\/1001smiles.de\/en\/wp-json\/wp\/v2\/comments?post=2404"}],"wp:featuredmedia":[{"embeddable":true,"href":"https:\/\/1001smiles.de\/en\/wp-json\/wp\/v2\/media\/3875"}],"wp:attachment":[{"href":"https:\/\/1001smiles.de\/en\/wp-json\/wp\/v2\/media?parent=2404"}],"wp:term":[{"taxonomy":"product_brand","embeddable":true,"href":"https:\/\/1001smiles.de\/en\/wp-json\/wp\/v2\/product_brand?post=2404"},{"taxonomy":"product_cat","embeddable":true,"href":"https:\/\/1001smiles.de\/en\/wp-json\/wp\/v2\/product_cat?post=2404"},{"taxonomy":"product_tag","embeddable":true,"href":"https:\/\/1001smiles.de\/en\/wp-json\/wp\/v2\/product_tag?post=2404"}],"curies":[{"name":"wp","href":"https:\/\/api.w.org\/{rel}","templated":true}]}}