{"id":2565,"date":"2025-04-16T03:02:42","date_gmt":"2025-04-16T01:02:42","guid":{"rendered":"https:\/\/1001smiles.de\/?post_type=product&#038;p=2565"},"modified":"2026-04-12T23:27:22","modified_gmt":"2026-04-12T21:27:22","slug":"astro-basis-edition","status":"publish","type":"product","link":"https:\/\/1001smiles.de\/en\/product\/astro-basis-edition\/","title":{"rendered":"Astro-Basis-Edition [DE]"},"content":{"rendered":"<h4><strong>Dein Einstieg in die Welt der astrologischen Selbsterkenntnis<\/strong><\/h4>\n<p>Die Astro-Basis-Edition bietet dir alle digitalen Inhalte (PDF-Format) der Komplett-Edition \u2013 kompakt und essenziell. Sie ist ideal f\u00fcr alle, die einen kosteng\u00fcnstigen Einstieg suchen, ohne auf die wesentlichen Inhalte verzichten zu m\u00fcssen: das Verst\u00e4ndnis der astrologischen Einfl\u00fcsse im eigenen Leben und deren bewusste Anwendung im Alltag. Begleitende Videos findest du auf meiner Website, bei <a href=\"https:\/\/www.youtube.com\/@1001smiles\" target=\"_blank\" rel=\"noopener\">YouTube<\/a>, <a href=\"https:\/\/rumble.com\/c\/c-7708681\" target=\"_blank\" rel=\"noopener\">Rumble<\/a> oder <a href=\"https:\/\/odysee.com\/@1001smiles:8\" target=\"_blank\" rel=\"noopener\">Odysee<\/a> \u2013 je nachdem, wo du am liebsten schaust.<\/p>\n<p><strong>Enthalten in der Astro-Basis-Edition:<\/strong><\/p>\n<p><strong>Der Astro-Detektor<\/strong><br \/>\n\u2605 Ein innovatives, neu entwickeltes Werkzeug zur schnellen Bestimmung planetarer Positionen \u2013\u00a0 visuelle Deutungen einfach verst\u00e4ndlich.<\/p>\n<p><strong>Aspekte-Verfolgungskalender<\/strong><br \/>\n\u2605 T\u00e4gliche Eintragungsm\u00f6glichkeit astrologischer Verbindungen \u2013 f\u00fcr mehr Bewusstsein im Umgang mit kosmischen Dynamiken.<\/p>\n<p><strong>Kompakte Bedeutungs\u00fcbersicht<\/strong><br \/>\n\u2605 Die wichtigsten Deutungen auf einen Blick \u2013 ideal f\u00fcr Einsteiger.<\/p>\n<p><strong>Mondphasenkalender<\/strong><br \/>\n\u2605 Alle wichtigen Mondphasen \u00fcbersichtlich auf einen Blick.<\/p>\n<p><strong>Handbuch der Astronomie \u2013 Band 1 (Almagest)<\/strong><br \/>\n\u2605 Erster Band des 2000 Jahre alten Grundlagenwerks von Claudius Ptolem\u00e4us, dem bedeutendsten Astronomen und Astrologen der Antike. Gratis, lizenzfrei, ins Deutsche \u00fcbersetzt von Karl Manitius. 502 Seiten im PDF-Format.<\/p>\n<p><strong>Handbuch der Astronomie \u2013 Band 2 (Almagest)<\/strong><br \/>\n\u2605 Zweiter Band des legend\u00e4ren Hauptwerks zur antiken Himmelsmechanik von Ptolem\u00e4us \u2013 Astronom, Mathematiker und Vordenker der westlichen Sternkunde. Gratis, lizenzfrei, ins Deutsche \u00fcbersetzt. 460 Seiten als PDF.<\/p>\n<p><strong>Tetrabiblos \u2013 Das klassische Werk astrologischer Deutung<\/strong><br \/>\n\u2605 Ptolem\u00e4us\u2019 einflussreiches Werk zur astrologischen Interpretation \u2013 seit 2000 Jahren das Fundament westlicher Astrologie. In englischer Sprache, gratis und lizenzfrei. 183 Seiten im PDF-Format.<\/p>\n<p>\u2605\u2605\u2605\u2605\u2605\u2605\u2605\u2605\u2605<\/p>\n<p><strong>Lerne die Sprache der Sterne<\/strong><br \/>\nDiese Edition verzichtet auf physische B\u00fccher, enth\u00e4lt aber alle essenziellen Werkzeuge und Texte, um direkt in die astrologische Praxis einzusteigen. Perfekt f\u00fcr wissbegierige Einsteiger, deren Budget begrenzt ist.<\/p>\n<p><strong>Mit Video-Tutorials zum Selbstdeuter werden<\/strong><br \/>\nKlar strukturierte Videos f\u00fchren dich Schritt f\u00fcr Schritt durch die astrologischen Grundlagen \u2013 direkt auf meiner Website oder \u00fcber meinen <a href=\"https:\/\/www.youtube.com\/@1001smiles\" target=\"_blank\" rel=\"noopener\">YouTube<\/a>-, <a href=\"https:\/\/rumble.com\/c\/c-7708681\" target=\"_blank\" rel=\"noopener\">Rumble-<\/a> oder <a href=\"https:\/\/odysee.com\/@1001smiles:8\" target=\"_blank\" rel=\"noopener\">Odysee-Kanal<\/a> abrufbar.<\/p>\n<p><strong>Einmal kaufen \u2013 lebenslang profitieren<\/strong><br \/>\nDie Astro-Basis-Edition ist dein g\u00fcnstiger Einstieg in die Welt der Astrologie, der dir langfristig tiefe Einsichten in deine Emotionen, Denk- und Handlungsmuster schenkt. Eine digitale Schatztruhe f\u00fcr alle, die mehr \u00fcber sich selbst erfahren wollen.<\/p>","protected":false},"excerpt":{"rendered":"<p>Die digitale Astro-Basis-Edition \u2013 dein Einstieg in die Selbsterkenntnis mit dem Astro-Detektor, antiken Original\u00fcberlieferungen und praktischen Tools zum Ausdrucken und Loslegen.<\/p>\n<div class=\"product-video\"><iframe loading=\"lazy\" title=\"KomplettEdition-Video\" src=\"https:\/\/1001smiles.de\/media\/produktvideos\/AstroBasisSet-DE.mp4\" width=\"450\" height=\"250\" frameborder=\"0\" allowfullscreen=\"allowfullscreen\"><br \/>\n<\/iframe><\/div>","protected":false},"featured_media":3877,"comment_status":"open","ping_status":"closed","template":"","meta":[],"product_brand":[],"product_cat":[28],"product_tag":[],"class_list":{"0":"post-2565","1":"product","2":"type-product","3":"status-publish","4":"has-post-thumbnail","6":"product_cat-unkategorisiert","8":"first","9":"instock","10":"downloadable","11":"virtual","12":"purchasable","13":"product-type-simple"},"_links":{"self":[{"href":"https:\/\/1001smiles.de\/en\/wp-json\/wp\/v2\/product\/2565","targetHints":{"allow":["GET"]}}],"collection":[{"href":"https:\/\/1001smiles.de\/en\/wp-json\/wp\/v2\/product"}],"about":[{"href":"https:\/\/1001smiles.de\/en\/wp-json\/wp\/v2\/types\/product"}],"replies":[{"embeddable":true,"href":"https:\/\/1001smiles.de\/en\/wp-json\/wp\/v2\/comments?post=2565"}],"wp:featuredmedia":[{"embeddable":true,"href":"https:\/\/1001smiles.de\/en\/wp-json\/wp\/v2\/media\/3877"}],"wp:attachment":[{"href":"https:\/\/1001smiles.de\/en\/wp-json\/wp\/v2\/media?parent=2565"}],"wp:term":[{"taxonomy":"product_brand","embeddable":true,"href":"https:\/\/1001smiles.de\/en\/wp-json\/wp\/v2\/product_brand?post=2565"},{"taxonomy":"product_cat","embeddable":true,"href":"https:\/\/1001smiles.de\/en\/wp-json\/wp\/v2\/product_cat?post=2565"},{"taxonomy":"product_tag","embeddable":true,"href":"https:\/\/1001smiles.de\/en\/wp-json\/wp\/v2\/product_tag?post=2565"}],"curies":[{"name":"wp","href":"https:\/\/api.w.org\/{rel}","templated":true}]}}