{"id":924,"date":"2024-02-20T04:53:12","date_gmt":"2024-02-20T03:53:12","guid":{"rendered":"https:\/\/1001smiles.de\/produkt\/1001-smiles-will-ein-buddha-werden-band-1-reise-zum-mond-zur-venus\/"},"modified":"2026-04-12T23:43:34","modified_gmt":"2026-04-12T21:43:34","slug":"1001-smiles-will-ein-buddha-werden-band-1","status":"publish","type":"product","link":"https:\/\/1001smiles.de\/en\/product\/1001-smiles-will-ein-buddha-werden-band-1\/","title":{"rendered":"1001 SMILES will ein Buddha werden \u2605 Band 1"},"content":{"rendered":"<h2>Band 1 \u2013 1001 SMILES\u2019 Reise zum Mond &amp; zur Venus<\/h2>\n<p>1001 SMILES &#8211; ein \u00e4therisches Erdwesen &#8211; verabschiedet sich vor\u00fcbergehend von seinem Postmaskottchenjob in den sozialen Medien, um ein echter Buddha zu werden, da er nur unter dieser Voraussetzung mit seiner Herzensfee Mondana, einer waschechten Mondfee, zusammen sein kann. <code><\/code><code><br \/>\n<\/code><\/p>\n<p>Doch der Weg dorthin ist alles andere als einfach: Um diese innere Verwandlung zu vollziehen, muss 1001 SMILES den Erdmond, die Venus, den Merkur, die Sonne, den Mars, den Jupiter und den Saturn aufsuchen, um dort die jeweils verborgene Troph\u00e4e zu erwerben. Enthusiastisch und voller Tatendrang begibt er sich auf die Reise, ohne zu ahnen, dass er dabei an die Grenzen seines Seins sto\u00dfen wird.<code><\/code><code><br \/>\n<\/code><\/p>\n<p><strong>Die Herausforderung auf dem Mond<\/strong><br \/>\nIn diesem ersten Band f\u00fchrt ihn seine Reise zun\u00e4chst zum Erdmond, wo er sich seinen tief verwurzelten \u00c4ngsten stellen muss. Er erf\u00e4hrt am eigenen Leib, was es bedeutet, Panikattacken sowie inneren und \u00e4u\u00dferen D\u00e4monen hilflos ausgeliefert zu sein \u2013 und wie sie ihm seine Energie rauben. Doch dank spezieller Techniken und einer Wunderwaffe, die jedem von uns zur Verf\u00fcgung steht, bezwingt er sie nicht nur, sondern lernt auch, die eigenen Gef\u00fchle und \u00c4ngste klar von fremden zu unterscheiden. Dies er\u00f6ffnet ihm nicht nur v\u00f6llig neue Horizonte, sondern bringt ihn einen Schritt n\u00e4her zur hei\u00df begehrten Mondtroph\u00e4e. Diese w\u00fcrde ihm f\u00fcr ein Erdenjahr die Mondsuperkr\u00e4fte verleihen, die unter anderem eine hohe Empathie, die Fortbewegung durch Vorstellungskraft und das bildliche Kommunizieren umfassen.<code><br \/>\n<\/code><\/p>\n<p><strong>Die Venus und die Macht der Emotionen<\/strong><br \/>\nAuf der Venus, dem Planeten der Liebe, der das n\u00e4chste Etappenziel auf seinem Weg zum Buddha darstellt, sieht er sich mit einer weiteren Schw\u00e4che seines Seins konfrontiert \u2013 der venusianischen Schw\u00e4che. Um jedoch die h\u00f6chste Auszeichnung der Venus zu erlangen und einen weiteren Meilenstein auf seiner alchemischen Reise verbuchen zu k\u00f6nnen, muss es ihm gelingen, schwere Emotionen wie tiefe Trauer, Eifersucht und Liebeskummer in leichte umzuwandeln. Doch das ist leichter gesagt als getan. Mit der Hilfe von Desiree, einer verf\u00fchrerischen Venusianerin, erh\u00e4lt er jedoch Zugang zu einem Geheimrezept, das negative Gef\u00fchle in Windeseile verschwinden lassen soll. Doch wird dies ausreichen, um die venusianischen Superkr\u00e4fte, darunter die F\u00e4higkeit, negative Gef\u00fchle in positive zu verwandeln, sein Eigen nennen zu k\u00f6nnen?<code><br \/>\n<\/code><\/p>\n<p><strong>Warum 1001 SMILES\u2019 Weg auch dein Weg ist<\/strong><br \/>\nDie Reise von 1001 SMILES ist eng mit der antiken Astronomie und Astrologie verwoben. Jeder Planet, den er besucht, steht f\u00fcr spezifische archetypische Eigenschaften, die nicht nur im Kosmos, sondern auch in jedem von uns zu finden sind. Der Mond symbolisiert unter anderem das Unterbewusstsein und unsere \u00c4ngste sowie Gef\u00fchle, w\u00e4hrend die Venus mitunter f\u00fcr Liebe und Harmonie steht.<br \/>\nIm Buch wird anschaulich erkl\u00e4rt, warum und wie die Planeten uns beeinflussen \u2013 erg\u00e4nzt durch detaillierte Illustrationen.<br \/>\nDiese himmlischen Einfl\u00fcsse, die seit Jahrtausenden Teil menschlicher Mythologie und Wissenschaft sind, pr\u00e4gen auch die Charakterz\u00fcge von 1001 SMILES und spiegeln die Herausforderungen wider, die Leserinnen und Leser auf dem eigenen Lebensweg erkennen k\u00f6nnen. <code><br \/>\n<\/code><\/p>\n<p>Dieses Buch in Premiumqualit\u00e4t ist der Auftakt einer lustigen, weisen und fantastischen Abenteuerreise, die sowohl unterh\u00e4lt als auch inspiriert. Basierend auf der antiken Astronomie und Astrologie sowie von vielen farbigen Illustrationen begleitet, l\u00e4dt es die Leser dazu ein, mit 1001 SMILES nicht nur die Sterne, sondern auch das eigene innere Universum zu erkunden. <code><br \/>\n<\/code><\/p>\n<p><strong>Band 1 einer abgeschlossenen, mindestens 5-teiligen Reihe.<\/strong> <code><\/code><\/p>\n<h4><strong>Details:<\/strong><\/h4>\n<p>\u2605 Format: A5 hoch, Softcover, wei\u00dfes Glanzpapier<br \/>\n\u2605 zahlreiche farbintensive Illustrationen<br \/>\n\u2605 170 Seiten<br \/>\n\u2605 Sprache: Deutsch<\/p>","protected":false},"excerpt":{"rendered":"<p data-start=\"87\" data-end=\"232\">Ein fantasievolles Abenteuer \u00fcber Selbstfindung, Emotionen und innere Transformation \u2013 basierend auf den Prinzipien der antiken Astrologie.<\/p>\n<p data-start=\"234\" data-end=\"382\" data-is-last-node=\"\" data-is-only-node=\"\">1001 SMILES reist durch die Planeten und begegnet dabei den archetypischen Kr\u00e4ften von Mond, Venus &amp; Co. \u2013 als Spiegel der eigenen inneren Welt.<\/p>","protected":false},"featured_media":2329,"comment_status":"open","ping_status":"closed","template":"","meta":[],"product_brand":[],"product_cat":[57],"product_tag":[61,63,65,64,59,60,62],"class_list":{"0":"post-924","1":"product","2":"type-product","3":"status-publish","4":"has-post-thumbnail","6":"product_cat-buecher","7":"product_tag-1001smiles","8":"product_tag-abenteuer","9":"product_tag-astrologie","10":"product_tag-astronomie","11":"product_tag-buch","12":"product_tag-buecher","13":"product_tag-buddha","15":"first","16":"instock","17":"purchasable","18":"product-type-simple"},"_links":{"self":[{"href":"https:\/\/1001smiles.de\/en\/wp-json\/wp\/v2\/product\/924","targetHints":{"allow":["GET"]}}],"collection":[{"href":"https:\/\/1001smiles.de\/en\/wp-json\/wp\/v2\/product"}],"about":[{"href":"https:\/\/1001smiles.de\/en\/wp-json\/wp\/v2\/types\/product"}],"replies":[{"embeddable":true,"href":"https:\/\/1001smiles.de\/en\/wp-json\/wp\/v2\/comments?post=924"}],"wp:featuredmedia":[{"embeddable":true,"href":"https:\/\/1001smiles.de\/en\/wp-json\/wp\/v2\/media\/2329"}],"wp:attachment":[{"href":"https:\/\/1001smiles.de\/en\/wp-json\/wp\/v2\/media?parent=924"}],"wp:term":[{"taxonomy":"product_brand","embeddable":true,"href":"https:\/\/1001smiles.de\/en\/wp-json\/wp\/v2\/product_brand?post=924"},{"taxonomy":"product_cat","embeddable":true,"href":"https:\/\/1001smiles.de\/en\/wp-json\/wp\/v2\/product_cat?post=924"},{"taxonomy":"product_tag","embeddable":true,"href":"https:\/\/1001smiles.de\/en\/wp-json\/wp\/v2\/product_tag?post=924"}],"curies":[{"name":"wp","href":"https:\/\/api.w.org\/{rel}","templated":true}]}}